{"id":8176,"date":"2024-03-17T13:11:38","date_gmt":"2024-03-17T06:11:38","guid":{"rendered":"https:\/\/chuparty.vn\/?post_type=product&#038;p=8176"},"modified":"2025-09-17T11:50:26","modified_gmt":"2025-09-17T04:50:26","slug":"tru-bong-7-nhanh-mau-moi","status":"publish","type":"product","link":"https:\/\/chuparty.vn\/?product=tru-bong-7-nhanh-mau-moi","title":{"rendered":"TR\u1ee4 B\u00d3NG 7 NH\u00c1NH &#8211; M\u1eaaU M\u1edaI"},"content":{"rendered":"<p><strong>Chi ti\u1ebft s\u1ea3n ph\u1ea9m:<br \/>\n<\/strong>Qui c\u00e1ch \u0111\u00f3ng g\u00f3i: 7 que c\u1eafm b\u00f3ng, 7 ch\u1ee5p b\u00f3ng, 1 ch\u00e2n 3 ch\u1ea5u \/t\u00fai<strong><br \/>\n<\/strong>Ch\u1ea5t li\u1ec7u: nh\u1ef1a c\u1ee9ng<br \/>\nM\u00e0u s\u1eafc:<br \/>\nK\u00edch th\u01b0\u1edbc: 70cm<\/p>\n<p><img loading=\"lazy\" decoding=\"async\" class=\"alignnone wp-image-5783\" src=\"https:\/\/chuparty.vn\/wp-content\/uploads\/2023\/03\/IMG_6891-420x420.jpg\" alt=\"\" width=\"240\" height=\"240\" srcset=\"https:\/\/chuparty.vn\/wp-content\/uploads\/2023\/03\/IMG_6891-420x420.jpg 420w, https:\/\/chuparty.vn\/wp-content\/uploads\/2023\/03\/IMG_6891-506x506.jpg 506w, https:\/\/chuparty.vn\/wp-content\/uploads\/2023\/03\/IMG_6891-768x768.jpg 768w, https:\/\/chuparty.vn\/wp-content\/uploads\/2023\/03\/IMG_6891-100x100.jpg 100w, https:\/\/chuparty.vn\/wp-content\/uploads\/2023\/03\/IMG_6891-400x400.jpg 400w, https:\/\/chuparty.vn\/wp-content\/uploads\/2023\/03\/IMG_6891-700x700.jpg 700w, https:\/\/chuparty.vn\/wp-content\/uploads\/2023\/03\/IMG_6891-150x150.jpg 150w, https:\/\/chuparty.vn\/wp-content\/uploads\/2023\/03\/IMG_6891.jpg 800w\" sizes=\"auto, (max-width: 240px) 100vw, 240px\" \/><\/p>\n","protected":false},"excerpt":{"rendered":"<p>Chi ti\u1ebft s\u1ea3n ph\u1ea9m: Qui c\u00e1ch \u0111\u00f3ng g\u00f3i: 7 que c\u1eafm b\u00f3ng, 7 ch\u1ee5p b\u00f3ng, 1 ch\u00e2n 3 ch\u1ea5u \/t\u00fai Ch\u1ea5t li\u1ec7u: nh\u1ef1a c\u1ee9ng M\u00e0u s\u1eafc: K\u00edch th\u01b0\u1edbc: 70cm<\/p>\n","protected":false},"featured_media":8181,"comment_status":"open","ping_status":"closed","template":"","meta":[],"product_cat":[135,89],"product_tag":[],"class_list":{"0":"post-8176","1":"product","2":"type-product","3":"status-publish","4":"has-post-thumbnail","6":"product_cat-new-arrival","7":"product_cat-phu-kien-bong-bong","9":"first","10":"instock","11":"shipping-taxable","12":"purchasable","13":"product-type-simple"},"_links":{"self":[{"href":"https:\/\/chuparty.vn\/index.php?rest_route=\/wp\/v2\/product\/8176","targetHints":{"allow":["GET"]}}],"collection":[{"href":"https:\/\/chuparty.vn\/index.php?rest_route=\/wp\/v2\/product"}],"about":[{"href":"https:\/\/chuparty.vn\/index.php?rest_route=\/wp\/v2\/types\/product"}],"replies":[{"embeddable":true,"href":"https:\/\/chuparty.vn\/index.php?rest_route=%2Fwp%2Fv2%2Fcomments&post=8176"}],"wp:featuredmedia":[{"embeddable":true,"href":"https:\/\/chuparty.vn\/index.php?rest_route=\/wp\/v2\/media\/8181"}],"wp:attachment":[{"href":"https:\/\/chuparty.vn\/index.php?rest_route=%2Fwp%2Fv2%2Fmedia&parent=8176"}],"wp:term":[{"taxonomy":"product_cat","embeddable":true,"href":"https:\/\/chuparty.vn\/index.php?rest_route=%2Fwp%2Fv2%2Fproduct_cat&post=8176"},{"taxonomy":"product_tag","embeddable":true,"href":"https:\/\/chuparty.vn\/index.php?rest_route=%2Fwp%2Fv2%2Fproduct_tag&post=8176"}],"curies":[{"name":"wp","href":"https:\/\/api.w.org\/{rel}","templated":true}]}}