{"id":8159,"date":"2024-03-17T12:23:24","date_gmt":"2024-03-17T05:23:24","guid":{"rendered":"https:\/\/chuparty.vn\/?post_type=product&#038;p=8159"},"modified":"2025-07-11T11:22:27","modified_gmt":"2025-07-11T04:22:27","slug":"tru-cam-bong-6-nhanh","status":"publish","type":"product","link":"https:\/\/chuparty.vn\/?product=tru-cam-bong-6-nhanh","title":{"rendered":"TR\u1ee4 C\u1eaeM B\u00d3NG ZIC ZAC"},"content":{"rendered":"<p><strong>Chi ti\u1ebft s\u1ea3n ph\u1ea9m:<br \/>\n<\/strong>Qui c\u00e1ch \u0111\u00f3ng g\u00f3i : que c\u1eafm b\u00f3ng,\u00a0 ch\u1ee5p b\u00f3ng, 4 thanh ngang l\u00e0 ch\u00e2n c\u1eafm b\u00f3ng.<strong><br \/>\n<\/strong>Ch\u1ea5t li\u1ec7u: nh\u1ef1a c\u1ee9ng<br \/>\nM\u00e0u s\u1eafc: tr\u1eafng<br \/>\nK\u00edch th\u01b0\u1edbc: cm<\/p>\n","protected":false},"excerpt":{"rendered":"<p>Chi ti\u1ebft s\u1ea3n ph\u1ea9m: Qui c\u00e1ch \u0111\u00f3ng g\u00f3i : que c\u1eafm b\u00f3ng,\u00a0 ch\u1ee5p b\u00f3ng, 4 thanh ngang l\u00e0 ch\u00e2n c\u1eafm b\u00f3ng. Ch\u1ea5t li\u1ec7u: nh\u1ef1a c\u1ee9ng M\u00e0u s\u1eafc: tr\u1eafng K\u00edch th\u01b0\u1edbc: cm<\/p>\n","protected":false},"featured_media":8160,"comment_status":"open","ping_status":"closed","template":"","meta":[],"product_cat":[135,45,89],"product_tag":[],"class_list":{"0":"post-8159","1":"product","2":"type-product","3":"status-publish","4":"has-post-thumbnail","6":"product_cat-new-arrival","7":"product_cat-bong-bong","8":"product_cat-phu-kien-bong-bong","10":"first","11":"instock","12":"shipping-taxable","13":"purchasable","14":"product-type-simple"},"_links":{"self":[{"href":"https:\/\/chuparty.vn\/index.php?rest_route=\/wp\/v2\/product\/8159","targetHints":{"allow":["GET"]}}],"collection":[{"href":"https:\/\/chuparty.vn\/index.php?rest_route=\/wp\/v2\/product"}],"about":[{"href":"https:\/\/chuparty.vn\/index.php?rest_route=\/wp\/v2\/types\/product"}],"replies":[{"embeddable":true,"href":"https:\/\/chuparty.vn\/index.php?rest_route=%2Fwp%2Fv2%2Fcomments&post=8159"}],"wp:featuredmedia":[{"embeddable":true,"href":"https:\/\/chuparty.vn\/index.php?rest_route=\/wp\/v2\/media\/8160"}],"wp:attachment":[{"href":"https:\/\/chuparty.vn\/index.php?rest_route=%2Fwp%2Fv2%2Fmedia&parent=8159"}],"wp:term":[{"taxonomy":"product_cat","embeddable":true,"href":"https:\/\/chuparty.vn\/index.php?rest_route=%2Fwp%2Fv2%2Fproduct_cat&post=8159"},{"taxonomy":"product_tag","embeddable":true,"href":"https:\/\/chuparty.vn\/index.php?rest_route=%2Fwp%2Fv2%2Fproduct_tag&post=8159"}],"curies":[{"name":"wp","href":"https:\/\/api.w.org\/{rel}","templated":true}]}}