{"id":8108,"date":"2024-03-14T17:42:43","date_gmt":"2024-03-14T10:42:43","guid":{"rendered":"https:\/\/chuparty.vn\/?post_type=product&#038;p=8108"},"modified":"2025-04-23T17:17:41","modified_gmt":"2025-04-23T10:17:41","slug":"dich-vu-trang-tri-set-up-mini-ms08","status":"publish","type":"product","link":"https:\/\/chuparty.vn\/?product=dich-vu-trang-tri-set-up-mini-ms08","title":{"rendered":"D\u1ecaCH V\u1ee4 TRANG TR\u00cd &#8211; SET UP HAPPY MS-02"},"content":{"rendered":"<ul>\n<li>G\u00f3i D\u1ecbch v\u1ee5 trang tr\u00ed t\u1ea1i Chu \u0111\u01b0\u1ee3c thi\u1ebft k\u1ebf ph\u00f9 h\u1ee3p cho bu\u1ed5i ti\u1ec7c nh\u1ecf, \u1ea5m c\u00fang, nh\u1eefng bu\u1ed5i ti\u1ec7c B\u1ea5t ng\u1edd, Sinh nh\u1eadt, C\u1ea7u h\u00f4n \u2026<\/li>\n<li>SET UP HAPPY MS-02 l\u00e0 s\u1ef1 k\u1ebft h\u1ee3p b\u00f3ng gi\u1ea3 bay (\u0111\u00ednh\/d\u00e1n) tr\u1ea7n V\u00c0 B\u00d3NG TR\u00c1I TIM KH\u00cd HELIUM mang l\u1ea1i kh\u00f4ng gian ti\u1ec7c v\u00f4 c\u00f9ng sinh \u0111\u1ed9ng, r\u1ef1c r\u1ee1. G\u1ed3m:<br \/>\n* 01 B\u1ed9 b\u00f3ng Happy Birthday<br \/>\n* 10 k\u00fd t\u1ef1 B\u00f3ng ch\u1eef t\u00ean ch\u1ee7 ti\u1ec7c<br \/>\n* 10 b\u00f3ng tr\u00e1i tim 45cm kh\u00ed helium<br \/>\n* 50 b\u00f3ng tr\u00f2n m\u00e0u (b\u01a1m th\u01b0\u1eddng) \u0111\u00ednh\/d\u00e1n tr\u1ea7n gi\u1ea3 bay<br \/>\n* 50 b\u00f3ng tr\u00f2n m\u00e0u (b\u01a1m th\u01b0\u1eddng) th\u1ea3 d\u01b0\u1edbi s\u00e0n<br \/>\n* 01 tr\u1ee5 b\u00f3ng k\u1ebft h\u00ecnh tr\u00e1i tim 80cm<\/li>\n<li><strong>L\u01b0u \u00fd: Vui l\u00f2ng \u0111\u1ecdc k\u1ef9 m\u00f4 t\u1ea3 g\u00f3i ti\u1ec7c, n\u1ebfu b\u1ea1n c\u00f3 nhu c\u1ea7u \u0111\u1eb7t th\u00eam s\u1ea3n ph\u1ea9m kh\u00e1c, li\u00ean h\u1ec7 t\u01b0 v\u1ea5n vi\u00ean \u0111\u1ec3 \u0111\u01b0\u1ee3c b\u00e1o gi\u00e1 v\u00e0 t\u01b0 v\u1ea5n s\u1ea3n ph\u1ea9m \u1ea1.<\/strong><\/li>\n<li><strong>C\u00e1c h\u1ea1ng m\u1ee5c set up vui l\u00f2ng \u0111\u1ecdc k\u1ef9 th\u00f4ng tin v\u00e0 x\u00e1c nh\u1eadn, ch\u1ed1t th\u00f4ng tin v\u1edbi t\u01b0 v\u1ea5n vi\u00ean.<\/strong><\/li>\n<li><strong>Set up \u0111\u01b0\u1ee3c th\u1ef1c hi\u1ec7n trong v\u00f2ng 2-3h, n\u1ebfu d\u1eddi l\u1ecbch vui l\u00f2ng b\u00e1o tr\u01b0\u1edbc \u00edt nh\u1ea5t 3-4h, n\u1ebfu kh\u00f4ng b\u00e1o ho\u1eb7c b\u00e1o ch\u1eadm h\u01a1n th\u1eddi gian tr\u00ean, xin ph\u00e9p h\u1ee7y \u0111\u01a1n kh\u00f4ng ho\u00e0n c\u1ecdc.<\/strong><\/li>\n<\/ul>\n","protected":false},"excerpt":{"rendered":"<p>G\u00f3i D\u1ecbch v\u1ee5 trang tr\u00ed t\u1ea1i Chu \u0111\u01b0\u1ee3c thi\u1ebft k\u1ebf ph\u00f9 h\u1ee3p cho bu\u1ed5i ti\u1ec7c nh\u1ecf, \u1ea5m c\u00fang, nh\u1eefng bu\u1ed5i ti\u1ec7c B\u1ea5t ng\u1edd, Sinh nh\u1eadt, C\u1ea7u h\u00f4n \u2026 SET UP HAPPY MS-02 l\u00e0 s\u1ef1 k\u1ebft h\u1ee3p b\u00f3ng gi\u1ea3 bay (\u0111\u00ednh\/d\u00e1n) tr\u1ea7n V\u00c0 B\u00d3NG TR\u00c1I TIM KH\u00cd HELIUM mang l\u1ea1i kh\u00f4ng gian ti\u1ec7c v\u00f4 c\u00f9ng sinh [&hellip;]<\/p>\n","protected":false},"featured_media":8109,"comment_status":"open","ping_status":"closed","template":"","meta":[],"product_cat":[528,213,482,407],"product_tag":[409,408],"class_list":{"0":"post-8108","1":"product","2":"type-product","3":"status-publish","4":"has-post-thumbnail","6":"product_cat-tiec-nguoi-lon","7":"product_cat-love-wedding-anniversary","8":"product_cat-bong-bay-cho-tiec-cau-hon","9":"product_cat-set-up","10":"product_tag-set-up","11":"product_tag-set-up-mini","13":"first","14":"instock","15":"shipping-taxable","16":"purchasable","17":"product-type-simple"},"_links":{"self":[{"href":"https:\/\/chuparty.vn\/index.php?rest_route=\/wp\/v2\/product\/8108","targetHints":{"allow":["GET"]}}],"collection":[{"href":"https:\/\/chuparty.vn\/index.php?rest_route=\/wp\/v2\/product"}],"about":[{"href":"https:\/\/chuparty.vn\/index.php?rest_route=\/wp\/v2\/types\/product"}],"replies":[{"embeddable":true,"href":"https:\/\/chuparty.vn\/index.php?rest_route=%2Fwp%2Fv2%2Fcomments&post=8108"}],"wp:featuredmedia":[{"embeddable":true,"href":"https:\/\/chuparty.vn\/index.php?rest_route=\/wp\/v2\/media\/8109"}],"wp:attachment":[{"href":"https:\/\/chuparty.vn\/index.php?rest_route=%2Fwp%2Fv2%2Fmedia&parent=8108"}],"wp:term":[{"taxonomy":"product_cat","embeddable":true,"href":"https:\/\/chuparty.vn\/index.php?rest_route=%2Fwp%2Fv2%2Fproduct_cat&post=8108"},{"taxonomy":"product_tag","embeddable":true,"href":"https:\/\/chuparty.vn\/index.php?rest_route=%2Fwp%2Fv2%2Fproduct_tag&post=8108"}],"curies":[{"name":"wp","href":"https:\/\/api.w.org\/{rel}","templated":true}]}}