{"id":8060,"date":"2024-03-12T15:45:22","date_gmt":"2024-03-12T08:45:22","guid":{"rendered":"https:\/\/chuparty.vn\/?post_type=product&#038;p=8060"},"modified":"2026-04-21T11:01:39","modified_gmt":"2026-04-21T04:01:39","slug":"day-chu-happy-birthday-den","status":"publish","type":"product","link":"https:\/\/chuparty.vn\/?product=day-chu-happy-birthday-den","title":{"rendered":"D\u00c2Y CH\u1eee HAPPY BIRTHDAY \u0110EN"},"content":{"rendered":"<p><strong>Chi ti\u1ebft s\u1ea3n ph\u1ea9m:<\/strong><\/p>\n<ul>\n<li>K\u00edch th\u01b0\u1edbc : 3m (13 ch\u1eef\u00a0 \u2013 m\u1ed7i ch\u1eef cao 17cm)<\/li>\n<li>Ch\u1ea5t li\u1ec7u: gi\u1ea5y m\u00e0u<\/li>\n<li>C\u00e1ch th\u1ee9c \u0111\u00f3ng g\u00f3i: 13 ch\u1eef \/set<\/li>\n<\/ul>\n","protected":false},"excerpt":{"rendered":"<p>Chi ti\u1ebft s\u1ea3n ph\u1ea9m: K\u00edch th\u01b0\u1edbc : 3m (13 ch\u1eef\u00a0 \u2013 m\u1ed7i ch\u1eef cao 17cm) Ch\u1ea5t li\u1ec7u: gi\u1ea5y m\u00e0u C\u00e1ch th\u1ee9c \u0111\u00f3ng g\u00f3i: 13 ch\u1eef \/set<\/p>\n","protected":false},"featured_media":8065,"comment_status":"open","ping_status":"closed","template":"","meta":[],"product_cat":[534,492,501,363,260,338,48,412],"product_tag":[],"class_list":{"0":"post-8060","1":"product","2":"type-product","3":"status-publish","4":"has-post-thumbnail","6":"product_cat-black-pink","7":"product_cat-black-white","8":"product_cat-sport","9":"product_cat-mickey-minnie","10":"product_cat-safari","11":"product_cat-super-hero","12":"product_cat-day-treo-banner","13":"product_cat-dong-gia-40k","15":"first","16":"instock","17":"shipping-taxable","18":"purchasable","19":"product-type-simple"},"_links":{"self":[{"href":"https:\/\/chuparty.vn\/index.php?rest_route=\/wp\/v2\/product\/8060","targetHints":{"allow":["GET"]}}],"collection":[{"href":"https:\/\/chuparty.vn\/index.php?rest_route=\/wp\/v2\/product"}],"about":[{"href":"https:\/\/chuparty.vn\/index.php?rest_route=\/wp\/v2\/types\/product"}],"replies":[{"embeddable":true,"href":"https:\/\/chuparty.vn\/index.php?rest_route=%2Fwp%2Fv2%2Fcomments&post=8060"}],"wp:featuredmedia":[{"embeddable":true,"href":"https:\/\/chuparty.vn\/index.php?rest_route=\/wp\/v2\/media\/8065"}],"wp:attachment":[{"href":"https:\/\/chuparty.vn\/index.php?rest_route=%2Fwp%2Fv2%2Fmedia&parent=8060"}],"wp:term":[{"taxonomy":"product_cat","embeddable":true,"href":"https:\/\/chuparty.vn\/index.php?rest_route=%2Fwp%2Fv2%2Fproduct_cat&post=8060"},{"taxonomy":"product_tag","embeddable":true,"href":"https:\/\/chuparty.vn\/index.php?rest_route=%2Fwp%2Fv2%2Fproduct_tag&post=8060"}],"curies":[{"name":"wp","href":"https:\/\/api.w.org\/{rel}","templated":true}]}}