{"id":7951,"date":"2024-03-06T15:51:48","date_gmt":"2024-03-06T08:51:48","guid":{"rendered":"https:\/\/chuparty.vn\/?post_type=product&#038;p=7951"},"modified":"2026-03-10T16:43:25","modified_gmt":"2026-03-10T09:43:25","slug":"tru-bong-handmade-8-3","status":"publish","type":"product","link":"https:\/\/chuparty.vn\/?product=tru-bong-handmade-8-3","title":{"rendered":"TR\u1ee4 B\u00d3NG HANDMADE 8.3"},"content":{"rendered":"<div dir=\"auto\">\n<p><strong>HAPPY WOMEN&#8217;S DAY &#8211; Standing Handmade Balloon \u2013<br \/>\n<\/strong>Bu\u1ed5i ti\u1ec7c M\u1eebng Ng\u00e0y Qu\u1ed1c T\u1ebf Ph\u1ee5 N\u1eef s\u1ebd th\u00eam ph\u1ea7n n\u1ed5i b\u1eadt<br \/>\nv\u00e0 \u0111\u00e1ng y\u00eau v\u1edbi tr\u1ee5 b\u00f3ng si\u00eau to kh\u1ed5ng l\u1ed3 n\u00e0y \u1ea1.<\/p>\n<p><strong>Chi ti\u1ebft s\u1ea3n ph\u1ea9m:\u00a0<\/strong><\/p>\n<ul>\n<li>K\u00edch th\u01b0\u1edbc tr\u1ee5 b\u00f3ng: 120cm x 150cm (W*H)<\/li>\n<li>2 b\u00f3ng s\u1ed1 8 3 m\u00e0u B\u1ea0C 100cm<\/li>\n<li>bong b\u00f3ng cao su nhi\u1ec1u m\u00e0u t\u1ea1o h\u00ecnh (m\u00e0u b\u00f3ng c\u00f3 th\u1ec3 t\u00f9y ch\u1ecdn theo y\u00eau c\u1ea7u c\u1ee7a kh\u00e1ch)<\/li>\n<\/ul>\n<\/div>\n<div dir=\"auto\">\n<p><span class=\"pq6dq46d tbxw36s4 knj5qynh kvgmc6g5 ditlmg2l oygrvhab nvdbi5me sf5mxxl7 gl3lb2sf hhz5lgdu\">+ M\u00f3n qu\u00e0 b\u1ea5t ng\u1edd d\u00e0nh t\u1eb7ng ng\u01b0\u1eddi th\u00e2n, b\u1ea1n b\u00e8 v\u00f4 c\u00f9ng \u0111\u1ed9c \u0111\u00e1o, th\u00fa v\u1ecb.<br \/>\n<\/span>+ Gi\u00e1 s\u1ea3n ph\u1ea9m ch\u01b0a bao g\u1ed3m ph\u00ed giao h\u00e0ng, \u0111\u1ec3 \u0111\u1ea3m b\u1ea3o an to\u00e0n cho b\u00f3ng, Chu ch\u1ec9 giao b\u1eb1ng grab car\/taxi ho\u1eb7c b\u1ea1n c\u00f3 th\u1ec3 nh\u1eadn b\u00f3ng t\u1ea1i C\u1eeda h\u00e0ng.<br \/>\n+ B\u00f3ng \u0111\u1eb9p nh\u1ea5t trong kho\u1ea3ng 6-8 ti\u1ebfng \u0111\u1ea7u ti\u00ean, trong th\u1eddi gian n\u00e0y b\u00f3ng s\u1ebd lu\u00f4n b\u00f3ng, s\u00e1ng \u0111\u1eb9p.<br \/>\n+ H\u1ea1n ch\u1ebf \u0111\u1ec3 bong b\u00f3ng \u1edf ngo\u00e0i tr\u1eddi ho\u1eb7c n\u01a1i c\u00f3 nhi\u1ec7t \u0111\u1ed9 cao, g\u1ea7n m\u1eb7t tr\u1eddi ho\u1eb7c \u00e1nh \u0111\u00e8n n\u00f3ng s\u1ebd l\u00e0m v\u1ee1 b\u00f3ng.<\/p>\n<\/div>\n","protected":false},"excerpt":{"rendered":"<p>HAPPY WOMEN&#8217;S DAY &#8211; Standing Handmade Balloon \u2013 Bu\u1ed5i ti\u1ec7c M\u1eebng Ng\u00e0y Qu\u1ed1c T\u1ebf Ph\u1ee5 N\u1eef s\u1ebd th\u00eam ph\u1ea7n n\u1ed5i b\u1eadt v\u00e0 \u0111\u00e1ng y\u00eau v\u1edbi tr\u1ee5 b\u00f3ng si\u00eau to kh\u1ed5ng l\u1ed3 n\u00e0y \u1ea1. Chi ti\u1ebft s\u1ea3n ph\u1ea9m:\u00a0 K\u00edch th\u01b0\u1edbc tr\u1ee5 b\u00f3ng: 120cm x 150cm (W*H) 2 b\u00f3ng s\u1ed1 8 3 m\u00e0u B\u1ea0C 100cm bong b\u00f3ng [&hellip;]<\/p>\n","protected":false},"featured_media":7952,"comment_status":"open","ping_status":"closed","template":"","meta":[],"product_cat":[247,366,376],"product_tag":[375,246],"class_list":{"0":"post-7951","1":"product","2":"type-product","3":"status-publish","4":"has-post-thumbnail","6":"product_cat-womens-day","7":"product_cat-combo-bong-tru-handmade","8":"product_cat-tru-bong-handmade","9":"product_tag-handmade-balloon","10":"product_tag-womens-day","12":"first","13":"instock","14":"shipping-taxable","15":"purchasable","16":"product-type-simple"},"_links":{"self":[{"href":"https:\/\/chuparty.vn\/index.php?rest_route=\/wp\/v2\/product\/7951","targetHints":{"allow":["GET"]}}],"collection":[{"href":"https:\/\/chuparty.vn\/index.php?rest_route=\/wp\/v2\/product"}],"about":[{"href":"https:\/\/chuparty.vn\/index.php?rest_route=\/wp\/v2\/types\/product"}],"replies":[{"embeddable":true,"href":"https:\/\/chuparty.vn\/index.php?rest_route=%2Fwp%2Fv2%2Fcomments&post=7951"}],"wp:featuredmedia":[{"embeddable":true,"href":"https:\/\/chuparty.vn\/index.php?rest_route=\/wp\/v2\/media\/7952"}],"wp:attachment":[{"href":"https:\/\/chuparty.vn\/index.php?rest_route=%2Fwp%2Fv2%2Fmedia&parent=7951"}],"wp:term":[{"taxonomy":"product_cat","embeddable":true,"href":"https:\/\/chuparty.vn\/index.php?rest_route=%2Fwp%2Fv2%2Fproduct_cat&post=7951"},{"taxonomy":"product_tag","embeddable":true,"href":"https:\/\/chuparty.vn\/index.php?rest_route=%2Fwp%2Fv2%2Fproduct_tag&post=7951"}],"curies":[{"name":"wp","href":"https:\/\/api.w.org\/{rel}","templated":true}]}}