{"id":7895,"date":"2024-01-30T16:39:21","date_gmt":"2024-01-30T09:39:21","guid":{"rendered":"https:\/\/chuparty.vn\/?post_type=product&#038;p=7895"},"modified":"2025-04-05T14:21:40","modified_gmt":"2025-04-05T07:21:40","slug":"combo-32-bong-tim-do-bac-valentine","status":"publish","type":"product","link":"https:\/\/chuparty.vn\/?product=combo-32-bong-tim-do-bac-valentine","title":{"rendered":"COMBO 32 B\u00d3NG TIM \u0110\u1ece B\u1ea0C VALENTINE"},"content":{"rendered":"<p><strong>Combo B\u00f3ng Tim \u0110\u1ecf B\u1ea1c \u2013 <\/strong><span class=\"pq6dq46d tbxw36s4 knj5qynh kvgmc6g5 ditlmg2l oygrvhab nvdbi5me sf5mxxl7 gl3lb2sf hhz5lgdu\">Ph\u00f9 h\u1ee3p cho c\u00e1c bu\u1ed5i H\u1eb9n h\u00f2, C\u1ea7u H\u00f4n, Valentine&#8217;s Day ho\u1eb7c \u0111\u01a1n gi\u1ea3n l\u00e0 bu\u1ed5i ti\u1ec7c sinh nh\u1eadt c\u1ee7a ng\u01b0\u1eddi th\u01b0\u01a1ng.<\/span><\/p>\n<ul>\n<li dir=\"auto\"><span class=\"pq6dq46d tbxw36s4 knj5qynh kvgmc6g5 ditlmg2l oygrvhab nvdbi5me sf5mxxl7 gl3lb2sf hhz5lgdu\">M\u00e0u s\u1eafc:\u00a0 theo tone m\u00e0u t\u00f9y ch\u1ecdn.<\/span><\/li>\n<li dir=\"auto\"><span class=\"pq6dq46d tbxw36s4 knj5qynh kvgmc6g5 ditlmg2l oygrvhab nvdbi5me sf5mxxl7 gl3lb2sf hhz5lgdu\">K\u00edch th\u01b0\u1edbc: 40cm<br \/>\n<\/span><\/li>\n<li dir=\"auto\">S\u1ebd \u0111\u1eb9p h\u01a1n khi k\u1ebft h\u1ee3p th\u00eam D\u00e2y ch\u1eef Happy Valentine&#8217;s Day ho\u1eb7c D\u00e2y C\u1edd I LOVE YOU v\u00e0 c\u00e1c m\u1eabu b\u00f3ng h\u00ecnh kh\u00e1ch c\u00f9ng ch\u1ee7 \u0111\u1ec1.<\/li>\n<li dir=\"auto\">Gi\u00e1 s\u1ea3n ph\u1ea9m ch\u01b0a bao g\u1ed3m ph\u00ed giao h\u00e0ng.<\/li>\n<li dir=\"auto\">T\u1ea5t c\u1ea3 \u0111\u1ec1u \u0111\u01b0\u1ee3c s\u1eed d\u1ee5ng kh\u00ed Helium an to\u00e0n. <strong style=\"font-size: 1rem;\">CHU cam k\u1ebft ch\u1ec9 s\u1eed d\u1ee5ng DUY NH\u1ea4T kh\u00ed Helium an to\u00e0n, kh\u00f4ng g\u00e2y ch\u00e1y n\u1ed5. Kh\u00ed Heli thu\u1ed9c kh\u00ed hi\u1ebfm v\u00e0 \u0111\u01b0\u1ee3c nh\u1eadp kh\u1ea9u n\u00ean gi\u00e1 th\u00e0nh cao h\u01a1n Hidro r\u1ea5t nhi\u1ec1u (kh\u00ed Hidro nguy hi\u1ec3m g\u00e2y ch\u00e1y n\u1ed5)<\/strong><\/li>\n<li dir=\"auto\">B\u00f3ng Jumbo\/ b\u00f3ng bay s\u1ebd \u0111\u01b0\u1ee3c giao b\u1eb1ng grab car\/taxi, \u0111\u1ec3 gi\u1eef an to\u00e0n cho bong b\u00f3ng tr\u01b0\u1edbc th\u1eddi ti\u1ebft (n\u1eafng ho\u1eb7c m\u01b0a) gi\u00fap cho b\u00f3ng gi\u1eef \u0111\u01b0\u1ee3c m\u00e0u s\u1eafc kh\u00f4ng b\u1ecb xu\u1ed1ng m\u00e0u ho\u1eb7c b\u1ecb b\u1ec3 do va \u0111\u1eadp. \u00a0Ph\u00ed v\u1eadn chuy\u1ec3n s\u1ebd \u0111\u01b0\u1ee3c th\u00f4ng b\u00e1o khi book xe .<\/li>\n<li dir=\"auto\">B\u00f3ng Jumbo\/ b\u00f3ng bay \u0111\u1eb9p nh\u1ea5t t\u1eeb 6-8 ti\u1ebfng \u0111\u1ea7u (trong th\u1eddi gian n\u00e0y b\u00f3ng s\u1ebd lu\u00f4n s\u00e1ng \u0111\u1eb9p v\u00e0 \u0111\u1ed9 bay s\u1ebd \u0111\u01b0\u1ee3c \u0111\u1ea3m b\u1ea3o t\u1ed1t nh\u1ea5t.<\/li>\n<li dir=\"auto\">H\u1ea1n ch\u1ebf \u0111\u1ec3 bong b\u00f3ng \u1edf ngo\u00e0i tr\u1eddi ho\u1eb7c n\u01a1i c\u00f3 nhi\u1ec7t \u0111\u1ed9 cao, g\u1ea7n m\u1eb7t tr\u1eddi ho\u1eb7c \u00e1nh \u0111\u00e8n n\u00f3ng s\u1ebd l\u00e0m v\u1ee1 b\u00f3ng.<\/li>\n<\/ul>\n","protected":false},"excerpt":{"rendered":"<p>Combo B\u00f3ng Tim \u0110\u1ecf B\u1ea1c \u2013 Ph\u00f9 h\u1ee3p cho c\u00e1c bu\u1ed5i H\u1eb9n h\u00f2, C\u1ea7u H\u00f4n, Valentine&#8217;s Day ho\u1eb7c \u0111\u01a1n gi\u1ea3n l\u00e0 bu\u1ed5i ti\u1ec7c sinh nh\u1eadt c\u1ee7a ng\u01b0\u1eddi th\u01b0\u01a1ng. M\u00e0u s\u1eafc:\u00a0 theo tone m\u00e0u t\u00f9y ch\u1ecdn. K\u00edch th\u01b0\u1edbc: 40cm S\u1ebd \u0111\u1eb9p h\u01a1n khi k\u1ebft h\u1ee3p th\u00eam D\u00e2y ch\u1eef Happy Valentine&#8217;s Day ho\u1eb7c D\u00e2y C\u1edd I LOVE [&hellip;]<\/p>\n","protected":false},"featured_media":7898,"comment_status":"open","ping_status":"closed","template":"","meta":[],"product_cat":[525,213,482],"product_tag":[181,212],"class_list":{"0":"post-7895","1":"product","2":"type-product","3":"status-publish","4":"has-post-thumbnail","6":"product_cat-bridal-shower","7":"product_cat-love-wedding-anniversary","8":"product_cat-bong-bay-cho-tiec-cau-hon","9":"product_tag-love","10":"product_tag-valentine","12":"first","13":"instock","14":"shipping-taxable","15":"purchasable","16":"product-type-simple"},"_links":{"self":[{"href":"https:\/\/chuparty.vn\/index.php?rest_route=\/wp\/v2\/product\/7895","targetHints":{"allow":["GET"]}}],"collection":[{"href":"https:\/\/chuparty.vn\/index.php?rest_route=\/wp\/v2\/product"}],"about":[{"href":"https:\/\/chuparty.vn\/index.php?rest_route=\/wp\/v2\/types\/product"}],"replies":[{"embeddable":true,"href":"https:\/\/chuparty.vn\/index.php?rest_route=%2Fwp%2Fv2%2Fcomments&post=7895"}],"wp:featuredmedia":[{"embeddable":true,"href":"https:\/\/chuparty.vn\/index.php?rest_route=\/wp\/v2\/media\/7898"}],"wp:attachment":[{"href":"https:\/\/chuparty.vn\/index.php?rest_route=%2Fwp%2Fv2%2Fmedia&parent=7895"}],"wp:term":[{"taxonomy":"product_cat","embeddable":true,"href":"https:\/\/chuparty.vn\/index.php?rest_route=%2Fwp%2Fv2%2Fproduct_cat&post=7895"},{"taxonomy":"product_tag","embeddable":true,"href":"https:\/\/chuparty.vn\/index.php?rest_route=%2Fwp%2Fv2%2Fproduct_tag&post=7895"}],"curies":[{"name":"wp","href":"https:\/\/api.w.org\/{rel}","templated":true}]}}