{"id":7842,"date":"2024-01-10T12:35:57","date_gmt":"2024-01-10T05:35:57","guid":{"rendered":"https:\/\/chuparty.vn\/?post_type=product&#038;p=7842"},"modified":"2026-02-14T12:46:46","modified_gmt":"2026-02-14T05:46:46","slug":"combo-bong-bay-mau-tim-den","status":"publish","type":"product","link":"https:\/\/chuparty.vn\/?product=combo-bong-bay-mau-tim-den","title":{"rendered":"COMBO B\u00d3NG BAY M\u00c0U T\u00cdM \u0110EN"},"content":{"rendered":"<p><strong>Th\u00f4ng tin chi ti\u1ebft s\u1ea3n ph\u1ea9m:\u00a0<\/strong>Combo b\u00f3ng bay tone m\u00e0u t\u00edm<\/p>\n<p>* 1 B\u00f3ng Jumbo size M tone m\u00e0u t\u00edm b\u01a1m kh\u00ed Helium (n\u1ed9i dung tr\u00ean b\u00f3ng t\u00f9y ch\u1ecdn theo y\u00eau c\u1ea7u)<br \/>\n* 1 B\u00f3 hoa b\u00f3ng Tulip size S tone m\u00e0u t\u00edm<br \/>\n* 2 Mix set 24 b\u00f3ng tr\u00f2n tone m\u00e0u t\u00edm \u0111en b\u01a1m kh\u00ed Helum<\/p>\n<p><strong>L\u01b0u \u00fd:\u00a0<\/strong><\/p>\n<p>&nbsp;<\/p>\n","protected":false},"excerpt":{"rendered":"<p>Th\u00f4ng tin chi ti\u1ebft s\u1ea3n ph\u1ea9m:\u00a0Combo b\u00f3ng bay tone m\u00e0u t\u00edm * 1 B\u00f3ng Jumbo size M tone m\u00e0u t\u00edm b\u01a1m kh\u00ed Helium (n\u1ed9i dung tr\u00ean b\u00f3ng t\u00f9y ch\u1ecdn theo y\u00eau c\u1ea7u) * 1 B\u00f3 hoa b\u00f3ng Tulip size S tone m\u00e0u t\u00edm * 2 Mix set 24 b\u00f3ng tr\u00f2n tone m\u00e0u t\u00edm \u0111en b\u01a1m [&hellip;]<\/p>\n","protected":false},"featured_media":7843,"comment_status":"open","ping_status":"closed","template":"","meta":[],"product_cat":[508,506,247,366,88,415,425],"product_tag":[212,246],"class_list":{"0":"post-7842","1":"product","2":"type-product","3":"status-publish","4":"has-post-thumbnail","6":"product_cat-combo-bong-handmade","7":"product_cat-sanrio","8":"product_cat-womens-day","9":"product_cat-combo-bong-tru-handmade","10":"product_cat-combo-bong-bay-helium","11":"product_cat-for-adults","12":"product_cat-for-baby","13":"product_tag-valentine","14":"product_tag-womens-day","16":"first","17":"instock","18":"shipping-taxable","19":"purchasable","20":"product-type-simple"},"_links":{"self":[{"href":"https:\/\/chuparty.vn\/index.php?rest_route=\/wp\/v2\/product\/7842","targetHints":{"allow":["GET"]}}],"collection":[{"href":"https:\/\/chuparty.vn\/index.php?rest_route=\/wp\/v2\/product"}],"about":[{"href":"https:\/\/chuparty.vn\/index.php?rest_route=\/wp\/v2\/types\/product"}],"replies":[{"embeddable":true,"href":"https:\/\/chuparty.vn\/index.php?rest_route=%2Fwp%2Fv2%2Fcomments&post=7842"}],"wp:featuredmedia":[{"embeddable":true,"href":"https:\/\/chuparty.vn\/index.php?rest_route=\/wp\/v2\/media\/7843"}],"wp:attachment":[{"href":"https:\/\/chuparty.vn\/index.php?rest_route=%2Fwp%2Fv2%2Fmedia&parent=7842"}],"wp:term":[{"taxonomy":"product_cat","embeddable":true,"href":"https:\/\/chuparty.vn\/index.php?rest_route=%2Fwp%2Fv2%2Fproduct_cat&post=7842"},{"taxonomy":"product_tag","embeddable":true,"href":"https:\/\/chuparty.vn\/index.php?rest_route=%2Fwp%2Fv2%2Fproduct_tag&post=7842"}],"curies":[{"name":"wp","href":"https:\/\/api.w.org\/{rel}","templated":true}]}}