{"id":7786,"date":"2024-01-05T11:09:07","date_gmt":"2024-01-05T04:09:07","guid":{"rendered":"https:\/\/chuparty.vn\/?post_type=product&#038;p=7786"},"modified":"2025-01-04T17:32:16","modified_gmt":"2025-01-04T10:32:16","slug":"combo-bong-just-married","status":"publish","type":"product","link":"https:\/\/chuparty.vn\/?product=combo-bong-just-married","title":{"rendered":"COMBO B\u00d3NG &#8220;JUST MARRIED&#8221;"},"content":{"rendered":"<p>Chi ti\u1ebft s\u1ea3n ph\u1ea9m: COMBO B\u00d3NG &#8220;JUST MARRIED&#8221;<br \/>\nK\u00edch th\u01b0\u1edbc: cm<br \/>\nCh\u1ea5t li\u1ec7u: nh\u00f4m k\u00ednh, gi\u1ea5y<br \/>\nQui c\u00e1ch \u0111\u00f3ng g\u00f3i: 1 set \/ t\u00fai. G\u1ed3m:<br \/>\n1 D\u00e2y c\u1edd &#8220;JUST MARRIED&#8221;<br \/>\n1 D\u00e2y \u0111\u00e8n \u0111om \u0111\u00f3m 5 met, 2 ch\u1ebf \u0111\u1ed9 ch\u1edbp t\u1eaft v\u00e0 \u0111\u1ee9ng y\u00ean<br \/>\n1 B\u00f3ng Vest ch\u00fa r\u1ec3<br \/>\n1 B\u00f3ng Soiree c\u00f4 d\u00e2u<br \/>\n1 B\u00f3ng Tr\u00e1i Tim \u0110\u1ecf<br \/>\n1 Set 24 b\u00f3ng tr\u00f2n m\u00e0u \u0111\u1ecf tr\u1eafng h\u1ed3ng<br \/>\n\u2013&gt; B\u00f3ng \u0111\u01b0\u1ee3c giao \u1edf tr\u1ea1ng th\u00e1i ch\u01b0a b\u01a1m, b\u00f3ng c\u00f3 th\u1ec3 b\u01a1m b\u1eb1ng m\u00e1y b\u01a1m\/b\u01a1m tay ho\u1eb7c kh\u00ed helium t\u00f9y theo nhu c\u1ea7u s\u1eed d\u1ee5ng.<\/p>\n","protected":false},"excerpt":{"rendered":"<p>Chi ti\u1ebft s\u1ea3n ph\u1ea9m: COMBO B\u00d3NG &#8220;JUST MARRIED&#8221; K\u00edch th\u01b0\u1edbc: cm Ch\u1ea5t li\u1ec7u: nh\u00f4m k\u00ednh, gi\u1ea5y Qui c\u00e1ch \u0111\u00f3ng g\u00f3i: 1 set \/ t\u00fai. G\u1ed3m: 1 D\u00e2y c\u1edd &#8220;JUST MARRIED&#8221; 1 D\u00e2y \u0111\u00e8n \u0111om \u0111\u00f3m 5 met, 2 ch\u1ebf \u0111\u1ed9 ch\u1edbp t\u1eaft v\u00e0 \u0111\u1ee9ng y\u00ean 1 B\u00f3ng Vest ch\u00fa r\u1ec3 1 B\u00f3ng Soiree c\u00f4 d\u00e2u [&hellip;]<\/p>\n","protected":false},"featured_media":7787,"comment_status":"open","ping_status":"closed","template":"","meta":[],"product_cat":[213,488],"product_tag":[181,212,342],"class_list":{"0":"post-7786","1":"product","2":"type-product","3":"status-publish","4":"has-post-thumbnail","6":"product_cat-love-wedding-anniversary","7":"product_cat-bong-bong-trang-tri-tiec-cau-hon-cuoi-valentine-anni","8":"product_tag-love","9":"product_tag-valentine","10":"product_tag-wedding","12":"first","13":"instock","14":"shipping-taxable","15":"purchasable","16":"product-type-simple"},"_links":{"self":[{"href":"https:\/\/chuparty.vn\/index.php?rest_route=\/wp\/v2\/product\/7786","targetHints":{"allow":["GET"]}}],"collection":[{"href":"https:\/\/chuparty.vn\/index.php?rest_route=\/wp\/v2\/product"}],"about":[{"href":"https:\/\/chuparty.vn\/index.php?rest_route=\/wp\/v2\/types\/product"}],"replies":[{"embeddable":true,"href":"https:\/\/chuparty.vn\/index.php?rest_route=%2Fwp%2Fv2%2Fcomments&post=7786"}],"wp:featuredmedia":[{"embeddable":true,"href":"https:\/\/chuparty.vn\/index.php?rest_route=\/wp\/v2\/media\/7787"}],"wp:attachment":[{"href":"https:\/\/chuparty.vn\/index.php?rest_route=%2Fwp%2Fv2%2Fmedia&parent=7786"}],"wp:term":[{"taxonomy":"product_cat","embeddable":true,"href":"https:\/\/chuparty.vn\/index.php?rest_route=%2Fwp%2Fv2%2Fproduct_cat&post=7786"},{"taxonomy":"product_tag","embeddable":true,"href":"https:\/\/chuparty.vn\/index.php?rest_route=%2Fwp%2Fv2%2Fproduct_tag&post=7786"}],"curies":[{"name":"wp","href":"https:\/\/api.w.org\/{rel}","templated":true}]}}