{"id":7764,"date":"2024-01-05T10:26:57","date_gmt":"2024-01-05T03:26:57","guid":{"rendered":"https:\/\/chuparty.vn\/?post_type=product&#038;p=7764"},"modified":"2024-10-07T15:21:25","modified_gmt":"2024-10-07T08:21:25","slug":"combo-bong-happy-valentines-day-ms03","status":"publish","type":"product","link":"https:\/\/chuparty.vn\/?product=combo-bong-happy-valentines-day-ms03","title":{"rendered":"COMBO B\u00d3NG &#8220;I LOVE YOU&#8221;"},"content":{"rendered":"<p><strong>Chi ti\u1ebft s\u1ea3n ph\u1ea9m: B\u1ed9 Trang tr\u00ed &#8220;I love You:<br \/>\n<\/strong>K\u00edch th\u01b0\u1edbc: cm<br \/>\nCh\u1ea5t li\u1ec7u: nh\u00f4m k\u00ednh, gi\u1ea5y<br \/>\nQui c\u00e1ch \u0111\u00f3ng g\u00f3i: 1 set \/ t\u00fai. G\u1ed3m:<br \/>\n1 D\u00e2y c\u1edd: \u201cI LOVE YOU&#8221;<br \/>\n1 D\u00e2y garland tr\u00e1i tim<br \/>\n1 \u0110\u00e8n tr\u00e1i tim d\u00f9ng pin<br \/>\n1 B\u00f3ng Ch\u00fa Ch\u00f3 Poodle Valentine<br \/>\n1 B\u00f3ng Tr\u00e1i Tim in I Love You<br \/>\n1 Set 12 b\u00f3ng tr\u00f2n m\u00e0u \u0111\u1ecf tr\u1eafng h\u1ed3ng<br \/>\n1 Tr\u1ee5 7 nh\u00e1nh g\u1eafn b\u00f3ng trang tr\u00ed<br \/>\n\u2013&gt; B\u00f3ng \u0111\u01b0\u1ee3c giao \u1edf tr\u1ea1ng th\u00e1i ch\u01b0a b\u01a1m, b\u00f3ng c\u00f3 th\u1ec3 b\u01a1m b\u1eb1ng m\u00e1y b\u01a1m\/b\u01a1m tay ho\u1eb7c kh\u00ed helium t\u00f9y theo nhu c\u1ea7u s\u1eed d\u1ee5ng.<br \/>\n\u2013&gt;\u00a0N\u1ebfu b\u1ea1n c\u00f3 y\u00eau c\u1ea7u b\u01a1m kh\u00ed helium \u0111\u1ec3 b\u00f3ng bay l\u01a1 l\u1eedng, vui l\u00f2ng li\u00ean h\u1ec7 v\u1edbi nh\u00e2n vi\u00ean b\u00e1n h\u00e0ng \u0111\u1ec3 \u0111\u01b0\u1ee3c t\u01b0 v\u1ea5n v\u00e0 b\u00e1o gi\u00e1.<\/p>\n","protected":false},"excerpt":{"rendered":"<p>Chi ti\u1ebft s\u1ea3n ph\u1ea9m: B\u1ed9 Trang tr\u00ed &#8220;I love You: K\u00edch th\u01b0\u1edbc: cm Ch\u1ea5t li\u1ec7u: nh\u00f4m k\u00ednh, gi\u1ea5y Qui c\u00e1ch \u0111\u00f3ng g\u00f3i: 1 set \/ t\u00fai. G\u1ed3m: 1 D\u00e2y c\u1edd: \u201cI LOVE YOU&#8221; 1 D\u00e2y garland tr\u00e1i tim 1 \u0110\u00e8n tr\u00e1i tim d\u00f9ng pin 1 B\u00f3ng Ch\u00fa Ch\u00f3 Poodle Valentine 1 B\u00f3ng Tr\u00e1i Tim in [&hellip;]<\/p>\n","protected":false},"featured_media":7765,"comment_status":"open","ping_status":"closed","template":"","meta":[],"product_cat":[213,488],"product_tag":[181,212],"class_list":{"0":"post-7764","1":"product","2":"type-product","3":"status-publish","4":"has-post-thumbnail","6":"product_cat-love-wedding-anniversary","7":"product_cat-bong-bong-trang-tri-tiec-cau-hon-cuoi-valentine-anni","8":"product_tag-love","9":"product_tag-valentine","11":"first","12":"instock","13":"shipping-taxable","14":"purchasable","15":"product-type-simple"},"_links":{"self":[{"href":"https:\/\/chuparty.vn\/index.php?rest_route=\/wp\/v2\/product\/7764","targetHints":{"allow":["GET"]}}],"collection":[{"href":"https:\/\/chuparty.vn\/index.php?rest_route=\/wp\/v2\/product"}],"about":[{"href":"https:\/\/chuparty.vn\/index.php?rest_route=\/wp\/v2\/types\/product"}],"replies":[{"embeddable":true,"href":"https:\/\/chuparty.vn\/index.php?rest_route=%2Fwp%2Fv2%2Fcomments&post=7764"}],"wp:featuredmedia":[{"embeddable":true,"href":"https:\/\/chuparty.vn\/index.php?rest_route=\/wp\/v2\/media\/7765"}],"wp:attachment":[{"href":"https:\/\/chuparty.vn\/index.php?rest_route=%2Fwp%2Fv2%2Fmedia&parent=7764"}],"wp:term":[{"taxonomy":"product_cat","embeddable":true,"href":"https:\/\/chuparty.vn\/index.php?rest_route=%2Fwp%2Fv2%2Fproduct_cat&post=7764"},{"taxonomy":"product_tag","embeddable":true,"href":"https:\/\/chuparty.vn\/index.php?rest_route=%2Fwp%2Fv2%2Fproduct_tag&post=7764"}],"curies":[{"name":"wp","href":"https:\/\/api.w.org\/{rel}","templated":true}]}}