{"id":7700,"date":"2023-12-25T17:16:09","date_gmt":"2023-12-25T10:16:09","guid":{"rendered":"https:\/\/chuparty.vn\/?post_type=product&#038;p=7700"},"modified":"2025-11-26T15:46:21","modified_gmt":"2025-11-26T08:46:21","slug":"combo-bong-happy-new-year-ms03","status":"publish","type":"product","link":"https:\/\/chuparty.vn\/?product=combo-bong-happy-new-year-ms03","title":{"rendered":"COMBO B\u00d3NG HAPPY NEW YEAR 2026 &#8211; MS03"},"content":{"rendered":"<p><strong>Chi ti\u1ebft s\u1ea3n ph\u1ea9m: B\u1ed9 Trang tr\u00ed Happy New Year 2026 &#8211; MS03<\/strong><\/p>\n<ul>\n<li>K\u00edch th\u01b0\u1edbc:\u00a0 cm<\/li>\n<li>Ch\u1ea5t li\u1ec7u: nh\u00f4m k\u00ednh, gi\u1ea5y<\/li>\n<li>Qui c\u00e1ch \u0111\u00f3ng g\u00f3i:<\/li>\n<li>G\u1ed3m:<br \/>\n1 D\u00e2y &#8220;Hello 20264&#8221; gold nh\u0169<br \/>\n1 D\u00e2y &#8220;happy new year&#8221; gold \u00e1nh kim<br \/>\n1 D\u00e2y garland sao gold \u00e1nh kim<br \/>\n4 B\u00f3ng h\u00ecnh Chai R\u01b0\u1ee3u Happy New Year<br \/>\n1 cu\u1ed9n keo d\u00e1n b\u00f3ng<br \/>\n<strong>L\u01b0u \u00fd: <\/strong>B\u00f3ng \u0111\u01b0\u1ee3c giao \u1edf tr\u1ea1ng th\u00e1i ch\u01b0a b\u01a1m, b\u00f3ng c\u00f3 th\u1ec3 b\u01a1m b\u1eb1ng m\u00e1y b\u01a1m\/b\u01a1m tay ho\u1eb7c kh\u00ed helium t\u00f9y theo nhu c\u1ea7u s\u1eed d\u1ee5ng.<\/li>\n<\/ul>\n","protected":false},"excerpt":{"rendered":"<p>Chi ti\u1ebft s\u1ea3n ph\u1ea9m: B\u1ed9 Trang tr\u00ed Happy New Year 2026 &#8211; MS03 K\u00edch th\u01b0\u1edbc:\u00a0 cm Ch\u1ea5t li\u1ec7u: nh\u00f4m k\u00ednh, gi\u1ea5y Qui c\u00e1ch \u0111\u00f3ng g\u00f3i: G\u1ed3m: 1 D\u00e2y &#8220;Hello 20264&#8221; gold nh\u0169 1 D\u00e2y &#8220;happy new year&#8221; gold \u00e1nh kim 1 D\u00e2y garland sao gold \u00e1nh kim 4 B\u00f3ng h\u00ecnh Chai R\u01b0\u1ee3u Happy New Year [&hellip;]<\/p>\n","protected":false},"featured_media":7672,"comment_status":"open","ping_status":"closed","template":"","meta":[],"product_cat":[109,466],"product_tag":[30],"class_list":{"0":"post-7700","1":"product","2":"type-product","3":"status-publish","4":"has-post-thumbnail","6":"product_cat-new-year","7":"product_cat-bong-bong-new-year","8":"product_tag-new-year","10":"first","11":"instock","12":"sale","13":"shipping-taxable","14":"purchasable","15":"product-type-simple"},"_links":{"self":[{"href":"https:\/\/chuparty.vn\/index.php?rest_route=\/wp\/v2\/product\/7700","targetHints":{"allow":["GET"]}}],"collection":[{"href":"https:\/\/chuparty.vn\/index.php?rest_route=\/wp\/v2\/product"}],"about":[{"href":"https:\/\/chuparty.vn\/index.php?rest_route=\/wp\/v2\/types\/product"}],"replies":[{"embeddable":true,"href":"https:\/\/chuparty.vn\/index.php?rest_route=%2Fwp%2Fv2%2Fcomments&post=7700"}],"wp:featuredmedia":[{"embeddable":true,"href":"https:\/\/chuparty.vn\/index.php?rest_route=\/wp\/v2\/media\/7672"}],"wp:attachment":[{"href":"https:\/\/chuparty.vn\/index.php?rest_route=%2Fwp%2Fv2%2Fmedia&parent=7700"}],"wp:term":[{"taxonomy":"product_cat","embeddable":true,"href":"https:\/\/chuparty.vn\/index.php?rest_route=%2Fwp%2Fv2%2Fproduct_cat&post=7700"},{"taxonomy":"product_tag","embeddable":true,"href":"https:\/\/chuparty.vn\/index.php?rest_route=%2Fwp%2Fv2%2Fproduct_tag&post=7700"}],"curies":[{"name":"wp","href":"https:\/\/api.w.org\/{rel}","templated":true}]}}