{"id":7628,"date":"2023-12-11T18:07:50","date_gmt":"2023-12-11T11:07:50","guid":{"rendered":"https:\/\/chuparty.vn\/?post_type=product&#038;p=7628"},"modified":"2024-03-12T15:50:00","modified_gmt":"2024-03-12T08:50:00","slug":"day-co-marry-me","status":"publish","type":"product","link":"https:\/\/chuparty.vn\/?product=day-co-marry-me","title":{"rendered":"D\u00c2Y C\u1edc MARRY ME"},"content":{"rendered":"<p>D\u00e2y c\u1edd MARRY ME l\u00e0 ph\u1ee5 ki\u1ec7n kh\u00f4ng th\u1ec3 thi\u1ebfu khi trang tr\u00ed cho bu\u1ed5i h\u1eb9n h\u00f2 tr\u1edf n\u00ean \u0111\u1ed9c \u0111\u00e1o, l\u00e3ng m\u1ea1n h\u01a1n.<\/p>\n<p><strong>Chi ti\u1ebft s\u1ea3n ph\u1ea9m:<\/strong><\/p>\n<ul>\n<li>K\u00edch th\u01b0\u1edbc : 1,5m<\/li>\n<li>Ch\u1ea5t li\u1ec7u: gi\u1ea5y m\u00e0u tr\u1eafng, ch\u1eef \u0111en<\/li>\n<li>C\u00e1ch th\u1ee9c \u0111\u00f3ng g\u00f3i: 1 d\u00e2y\/t\u00fai<\/li>\n<\/ul>\n","protected":false},"excerpt":{"rendered":"<p>D\u00e2y c\u1edd MARRY ME l\u00e0 ph\u1ee5 ki\u1ec7n kh\u00f4ng th\u1ec3 thi\u1ebfu khi trang tr\u00ed cho bu\u1ed5i h\u1eb9n h\u00f2 tr\u1edf n\u00ean \u0111\u1ed9c \u0111\u00e1o, l\u00e3ng m\u1ea1n h\u01a1n. Chi ti\u1ebft s\u1ea3n ph\u1ea9m: K\u00edch th\u01b0\u1edbc : 1,5m Ch\u1ea5t li\u1ec7u: gi\u1ea5y m\u00e0u tr\u1eafng, ch\u1eef \u0111en C\u00e1ch th\u1ee9c \u0111\u00f3ng g\u00f3i: 1 d\u00e2y\/t\u00fai<\/p>\n","protected":false},"featured_media":7629,"comment_status":"open","ping_status":"closed","template":"","meta":[],"product_cat":[213,489,48,412],"product_tag":[181,212,342],"class_list":{"0":"post-7628","1":"product","2":"type-product","3":"status-publish","4":"has-post-thumbnail","6":"product_cat-love-wedding-anniversary","7":"product_cat-phu-kien-cho-tiec-cau-hon-cuoi-valentine-anni","8":"product_cat-day-treo-banner","9":"product_cat-dong-gia-40k","10":"product_tag-love","11":"product_tag-valentine","12":"product_tag-wedding","14":"first","15":"instock","16":"shipping-taxable","17":"purchasable","18":"product-type-simple"},"_links":{"self":[{"href":"https:\/\/chuparty.vn\/index.php?rest_route=\/wp\/v2\/product\/7628","targetHints":{"allow":["GET"]}}],"collection":[{"href":"https:\/\/chuparty.vn\/index.php?rest_route=\/wp\/v2\/product"}],"about":[{"href":"https:\/\/chuparty.vn\/index.php?rest_route=\/wp\/v2\/types\/product"}],"replies":[{"embeddable":true,"href":"https:\/\/chuparty.vn\/index.php?rest_route=%2Fwp%2Fv2%2Fcomments&post=7628"}],"wp:featuredmedia":[{"embeddable":true,"href":"https:\/\/chuparty.vn\/index.php?rest_route=\/wp\/v2\/media\/7629"}],"wp:attachment":[{"href":"https:\/\/chuparty.vn\/index.php?rest_route=%2Fwp%2Fv2%2Fmedia&parent=7628"}],"wp:term":[{"taxonomy":"product_cat","embeddable":true,"href":"https:\/\/chuparty.vn\/index.php?rest_route=%2Fwp%2Fv2%2Fproduct_cat&post=7628"},{"taxonomy":"product_tag","embeddable":true,"href":"https:\/\/chuparty.vn\/index.php?rest_route=%2Fwp%2Fv2%2Fproduct_tag&post=7628"}],"curies":[{"name":"wp","href":"https:\/\/api.w.org\/{rel}","templated":true}]}}