{"id":7616,"date":"2023-12-11T14:33:41","date_gmt":"2023-12-11T07:33:41","guid":{"rendered":"https:\/\/chuparty.vn\/?post_type=product&#038;p=7616"},"modified":"2026-01-14T14:52:58","modified_gmt":"2026-01-14T07:52:58","slug":"day-garland-trai-tim-doc","status":"publish","type":"product","link":"https:\/\/chuparty.vn\/?product=day-garland-trai-tim-doc","title":{"rendered":"D\u00c2Y GARLAND TR\u00c1I TIM &#8211; TREO D\u1eccC"},"content":{"rendered":"<p>D\u00e2y garland tr\u00e1i tim l\u00e0 ph\u1ee5 ki\u1ec7n kh\u00f4ng th\u1ec3 thi\u1ebfu khi trang tr\u00ed cho bu\u1ed5i ti\u1ec7c\u00a0 Valentine tr\u1edf n\u00ean \u0111\u1ed9c \u0111\u00e1o, l\u00e3ng m\u1ea1n h\u01a1n.<\/p>\n<p><strong>Chi ti\u1ebft s\u1ea3n ph\u1ea9m:<\/strong><\/p>\n<ul>\n<li>K\u00edch th\u01b0\u1edbc : 1,5m<\/li>\n<li>Ch\u1ea5t li\u1ec7u: v\u1ea3i kh\u00f4ng d\u1ec7t<\/li>\n<li>C\u00e1ch th\u1ee9c \u0111\u00f3ng g\u00f3i: 1 d\u00e2y\/t\u00fai<\/li>\n<li>M\u00e0u: 2 m\u00e0u :<br \/>\n+ \u0111\u1ecf<br \/>\n+ \u0111\u1ecf-h\u1ed3ng<\/li>\n<\/ul>\n","protected":false},"excerpt":{"rendered":"<p>D\u00e2y garland tr\u00e1i tim l\u00e0 ph\u1ee5 ki\u1ec7n kh\u00f4ng th\u1ec3 thi\u1ebfu khi trang tr\u00ed cho bu\u1ed5i ti\u1ec7c\u00a0 Valentine tr\u1edf n\u00ean \u0111\u1ed9c \u0111\u00e1o, l\u00e3ng m\u1ea1n h\u01a1n. Chi ti\u1ebft s\u1ea3n ph\u1ea9m: K\u00edch th\u01b0\u1edbc : 1,5m Ch\u1ea5t li\u1ec7u: v\u1ea3i kh\u00f4ng d\u1ec7t C\u00e1ch th\u1ee9c \u0111\u00f3ng g\u00f3i: 1 d\u00e2y\/t\u00fai M\u00e0u: 2 m\u00e0u : + \u0111\u1ecf + \u0111\u1ecf-h\u1ed3ng<\/p>\n","protected":false},"featured_media":7617,"comment_status":"open","ping_status":"closed","template":"","meta":[],"product_cat":[213],"product_tag":[181,212],"class_list":{"0":"post-7616","1":"product","2":"type-product","3":"status-publish","4":"has-post-thumbnail","6":"product_cat-love-wedding-anniversary","7":"product_tag-love","8":"product_tag-valentine","10":"first","11":"instock","12":"shipping-taxable","13":"purchasable","14":"product-type-simple"},"_links":{"self":[{"href":"https:\/\/chuparty.vn\/index.php?rest_route=\/wp\/v2\/product\/7616","targetHints":{"allow":["GET"]}}],"collection":[{"href":"https:\/\/chuparty.vn\/index.php?rest_route=\/wp\/v2\/product"}],"about":[{"href":"https:\/\/chuparty.vn\/index.php?rest_route=\/wp\/v2\/types\/product"}],"replies":[{"embeddable":true,"href":"https:\/\/chuparty.vn\/index.php?rest_route=%2Fwp%2Fv2%2Fcomments&post=7616"}],"wp:featuredmedia":[{"embeddable":true,"href":"https:\/\/chuparty.vn\/index.php?rest_route=\/wp\/v2\/media\/7617"}],"wp:attachment":[{"href":"https:\/\/chuparty.vn\/index.php?rest_route=%2Fwp%2Fv2%2Fmedia&parent=7616"}],"wp:term":[{"taxonomy":"product_cat","embeddable":true,"href":"https:\/\/chuparty.vn\/index.php?rest_route=%2Fwp%2Fv2%2Fproduct_cat&post=7616"},{"taxonomy":"product_tag","embeddable":true,"href":"https:\/\/chuparty.vn\/index.php?rest_route=%2Fwp%2Fv2%2Fproduct_tag&post=7616"}],"curies":[{"name":"wp","href":"https:\/\/api.w.org\/{rel}","templated":true}]}}