{"id":7605,"date":"2023-12-08T23:19:48","date_gmt":"2023-12-08T16:19:48","guid":{"rendered":"https:\/\/chuparty.vn\/?post_type=product&#038;p=7605"},"modified":"2026-03-28T16:18:29","modified_gmt":"2026-03-28T09:18:29","slug":"day-treo-kim-tuyen-bac","status":"publish","type":"product","link":"https:\/\/chuparty.vn\/?product=day-treo-kim-tuyen-bac","title":{"rendered":"D\u00c2Y TREO KIM TUY\u1ebeN B\u1ea0C"},"content":{"rendered":"<p><strong>Chi ti\u1ebft s\u1ea3n ph\u1ea9m<\/strong><\/p>\n<ul>\n<li>K\u00edch th\u01b0\u1edbc: 30cm*300cm<\/li>\n<li>Ch\u1ea5t li\u1ec7u: nilon<\/li>\n<li>M\u00e0u s\u1eafc: Gold\/B\u1ea1c<\/li>\n<li>C\u00e1ch th\u1ee9c \u0111\u00f3ng g\u00f3i : 1c\u00e1i\/t\u00fai<\/li>\n<\/ul>\n","protected":false},"excerpt":{"rendered":"<p>Chi ti\u1ebft s\u1ea3n ph\u1ea9m K\u00edch th\u01b0\u1edbc: 30cm*300cm Ch\u1ea5t li\u1ec7u: nilon M\u00e0u s\u1eafc: Gold\/B\u1ea1c C\u00e1ch th\u1ee9c \u0111\u00f3ng g\u00f3i : 1c\u00e1i\/t\u00fai<\/p>\n","protected":false},"featured_media":7606,"comment_status":"open","ping_status":"closed","template":"","meta":[],"product_cat":[539,499,492,365,337,322,422,109,468,147,327],"product_tag":[323,328,30],"class_list":{"0":"post-7605","1":"product","2":"type-product","3":"status-publish","4":"has-post-thumbnail","6":"product_cat-circus","7":"product_cat-barbie-girl","8":"product_cat-black-white","9":"product_cat-graduation","10":"product_cat-grand-opening","11":"product_cat-christmas","12":"product_cat-banner-xmas","13":"product_cat-new-year","14":"product_cat-banner-garland-new-year","15":"product_cat-backdrop","16":"product_cat-day-treo-garland","17":"product_tag-christmas","18":"product_tag-garland","19":"product_tag-new-year","21":"first","22":"instock","23":"shipping-taxable","24":"purchasable","25":"product-type-simple"},"_links":{"self":[{"href":"https:\/\/chuparty.vn\/index.php?rest_route=\/wp\/v2\/product\/7605","targetHints":{"allow":["GET"]}}],"collection":[{"href":"https:\/\/chuparty.vn\/index.php?rest_route=\/wp\/v2\/product"}],"about":[{"href":"https:\/\/chuparty.vn\/index.php?rest_route=\/wp\/v2\/types\/product"}],"replies":[{"embeddable":true,"href":"https:\/\/chuparty.vn\/index.php?rest_route=%2Fwp%2Fv2%2Fcomments&post=7605"}],"wp:featuredmedia":[{"embeddable":true,"href":"https:\/\/chuparty.vn\/index.php?rest_route=\/wp\/v2\/media\/7606"}],"wp:attachment":[{"href":"https:\/\/chuparty.vn\/index.php?rest_route=%2Fwp%2Fv2%2Fmedia&parent=7605"}],"wp:term":[{"taxonomy":"product_cat","embeddable":true,"href":"https:\/\/chuparty.vn\/index.php?rest_route=%2Fwp%2Fv2%2Fproduct_cat&post=7605"},{"taxonomy":"product_tag","embeddable":true,"href":"https:\/\/chuparty.vn\/index.php?rest_route=%2Fwp%2Fv2%2Fproduct_tag&post=7605"}],"curies":[{"name":"wp","href":"https:\/\/api.w.org\/{rel}","templated":true}]}}