{"id":7600,"date":"2023-12-08T23:17:47","date_gmt":"2023-12-08T16:17:47","guid":{"rendered":"https:\/\/chuparty.vn\/?post_type=product&#038;p=7600"},"modified":"2026-03-28T16:18:52","modified_gmt":"2026-03-28T09:18:52","slug":"day-treo-kim-tuyen-gold","status":"publish","type":"product","link":"https:\/\/chuparty.vn\/?product=day-treo-kim-tuyen-gold","title":{"rendered":"D\u00c2Y TREO KIM TUY\u1ebeN GOLD"},"content":{"rendered":"<p><strong>Chi ti\u1ebft s\u1ea3n ph\u1ea9m<\/strong><\/p>\n<ul>\n<li>K\u00edch th\u01b0\u1edbc: 30cm*300cm<\/li>\n<li>Ch\u1ea5t li\u1ec7u: nilon<\/li>\n<li>M\u00e0u s\u1eafc: Gold\/B\u1ea1c<\/li>\n<li>C\u00e1ch th\u1ee9c \u0111\u00f3ng g\u00f3i : 1c\u00e1i\/t\u00fai<\/li>\n<\/ul>\n","protected":false},"excerpt":{"rendered":"<p>Chi ti\u1ebft s\u1ea3n ph\u1ea9m K\u00edch th\u01b0\u1edbc: 30cm*300cm Ch\u1ea5t li\u1ec7u: nilon M\u00e0u s\u1eafc: Gold\/B\u1ea1c C\u00e1ch th\u1ee9c \u0111\u00f3ng g\u00f3i : 1c\u00e1i\/t\u00fai<\/p>\n","protected":false},"featured_media":7602,"comment_status":"open","ping_status":"closed","template":"","meta":[],"product_cat":[539,365,337,322,422,109,468,147,327],"product_tag":[323,328,30],"class_list":{"0":"post-7600","1":"product","2":"type-product","3":"status-publish","4":"has-post-thumbnail","6":"product_cat-circus","7":"product_cat-graduation","8":"product_cat-grand-opening","9":"product_cat-christmas","10":"product_cat-banner-xmas","11":"product_cat-new-year","12":"product_cat-banner-garland-new-year","13":"product_cat-backdrop","14":"product_cat-day-treo-garland","15":"product_tag-christmas","16":"product_tag-garland","17":"product_tag-new-year","19":"first","20":"instock","21":"shipping-taxable","22":"purchasable","23":"product-type-simple"},"_links":{"self":[{"href":"https:\/\/chuparty.vn\/index.php?rest_route=\/wp\/v2\/product\/7600","targetHints":{"allow":["GET"]}}],"collection":[{"href":"https:\/\/chuparty.vn\/index.php?rest_route=\/wp\/v2\/product"}],"about":[{"href":"https:\/\/chuparty.vn\/index.php?rest_route=\/wp\/v2\/types\/product"}],"replies":[{"embeddable":true,"href":"https:\/\/chuparty.vn\/index.php?rest_route=%2Fwp%2Fv2%2Fcomments&post=7600"}],"wp:featuredmedia":[{"embeddable":true,"href":"https:\/\/chuparty.vn\/index.php?rest_route=\/wp\/v2\/media\/7602"}],"wp:attachment":[{"href":"https:\/\/chuparty.vn\/index.php?rest_route=%2Fwp%2Fv2%2Fmedia&parent=7600"}],"wp:term":[{"taxonomy":"product_cat","embeddable":true,"href":"https:\/\/chuparty.vn\/index.php?rest_route=%2Fwp%2Fv2%2Fproduct_cat&post=7600"},{"taxonomy":"product_tag","embeddable":true,"href":"https:\/\/chuparty.vn\/index.php?rest_route=%2Fwp%2Fv2%2Fproduct_tag&post=7600"}],"curies":[{"name":"wp","href":"https:\/\/api.w.org\/{rel}","templated":true}]}}