{"id":7581,"date":"2023-12-08T22:53:24","date_gmt":"2023-12-08T15:53:24","guid":{"rendered":"https:\/\/chuparty.vn\/?post_type=product&#038;p=7581"},"modified":"2023-12-08T23:01:38","modified_gmt":"2023-12-08T16:01:38","slug":"day-chu-merry-christmas-hong-xanh","status":"publish","type":"product","link":"https:\/\/chuparty.vn\/?product=day-chu-merry-christmas-hong-xanh","title":{"rendered":"D\u00c2Y CH\u1eee MERRY CHRISTMAS H\u1ed2NG XANH"},"content":{"rendered":"<ul>\n<li>D\u00e2y treo\u00a0<strong>MERRY CHRISTMAS<\/strong>\u00a0l\u00e0 ph\u1ee5 ki\u1ec7n kh\u00f4ng th\u1ec3 thi\u1ebfu gi\u00fap cho bu\u1ed5i party c\u1ee7a b\u1ea1n th\u00eam sinh \u0111\u1ed9ng, vui t\u01b0\u01a1i. S\u1ebd \u0111\u1eb9p h\u01a1n khi k\u1ebft h\u1ee3p c\u00f9ng \u0111\u00e8n led, b\u00f3ng h\u00ecnh c\u00f9ng ch\u1ee7 \u0111\u1ec1, b\u00f3ng bay v\u00e0 c\u00e1c ph\u1ee5 ki\u1ec7n kh\u00e1c.<\/li>\n<li>K\u00edch th\u01b0\u1edbc: 2m<\/li>\n<li>Ch\u1ea5t li\u1ec7u: gi\u1ea5y c\u1ee9ng<\/li>\n<li>Qui c\u00e1ch \u0111\u00f3ng g\u00f3i: 2 d\u00e2y \/ t\u00fai.<\/li>\n<\/ul>\n","protected":false},"excerpt":{"rendered":"<p>D\u00e2y treo\u00a0MERRY CHRISTMAS\u00a0l\u00e0 ph\u1ee5 ki\u1ec7n kh\u00f4ng th\u1ec3 thi\u1ebfu gi\u00fap cho bu\u1ed5i party c\u1ee7a b\u1ea1n th\u00eam sinh \u0111\u1ed9ng, vui t\u01b0\u01a1i. S\u1ebd \u0111\u1eb9p h\u01a1n khi k\u1ebft h\u1ee3p c\u00f9ng \u0111\u00e8n led, b\u00f3ng h\u00ecnh c\u00f9ng ch\u1ee7 \u0111\u1ec1, b\u00f3ng bay v\u00e0 c\u00e1c ph\u1ee5 ki\u1ec7n kh\u00e1c. K\u00edch th\u01b0\u1edbc: 2m Ch\u1ea5t li\u1ec7u: gi\u1ea5y c\u1ee9ng Qui c\u00e1ch \u0111\u00f3ng g\u00f3i: 2 d\u00e2y \/ t\u00fai.<\/p>\n","protected":false},"featured_media":7591,"comment_status":"open","ping_status":"closed","template":"","meta":[],"product_cat":[322,422],"product_tag":[323],"class_list":{"0":"post-7581","1":"product","2":"type-product","3":"status-publish","4":"has-post-thumbnail","6":"product_cat-christmas","7":"product_cat-banner-xmas","8":"product_tag-christmas","10":"first","11":"instock","12":"shipping-taxable","13":"purchasable","14":"product-type-simple"},"_links":{"self":[{"href":"https:\/\/chuparty.vn\/index.php?rest_route=\/wp\/v2\/product\/7581","targetHints":{"allow":["GET"]}}],"collection":[{"href":"https:\/\/chuparty.vn\/index.php?rest_route=\/wp\/v2\/product"}],"about":[{"href":"https:\/\/chuparty.vn\/index.php?rest_route=\/wp\/v2\/types\/product"}],"replies":[{"embeddable":true,"href":"https:\/\/chuparty.vn\/index.php?rest_route=%2Fwp%2Fv2%2Fcomments&post=7581"}],"wp:featuredmedia":[{"embeddable":true,"href":"https:\/\/chuparty.vn\/index.php?rest_route=\/wp\/v2\/media\/7591"}],"wp:attachment":[{"href":"https:\/\/chuparty.vn\/index.php?rest_route=%2Fwp%2Fv2%2Fmedia&parent=7581"}],"wp:term":[{"taxonomy":"product_cat","embeddable":true,"href":"https:\/\/chuparty.vn\/index.php?rest_route=%2Fwp%2Fv2%2Fproduct_cat&post=7581"},{"taxonomy":"product_tag","embeddable":true,"href":"https:\/\/chuparty.vn\/index.php?rest_route=%2Fwp%2Fv2%2Fproduct_tag&post=7581"}],"curies":[{"name":"wp","href":"https:\/\/api.w.org\/{rel}","templated":true}]}}