{"id":7533,"date":"2023-11-24T10:34:15","date_gmt":"2023-11-24T03:34:15","guid":{"rendered":"https:\/\/chuparty.vn\/?post_type=product&#038;p=7533"},"modified":"2026-04-21T12:11:48","modified_gmt":"2026-04-21T05:11:48","slug":"man-kim-tuyen-1m2m-rosegold","status":"publish","type":"product","link":"https:\/\/chuparty.vn\/?product=man-kim-tuyen-1m2m-rosegold","title":{"rendered":"M\u00c0N KIM TUY\u1ebeN 1M*2M ROSEGOLD"},"content":{"rendered":"<p><strong>Chi ti\u1ebft s\u1ea3n ph\u1ea9m<\/strong><\/p>\n<ul>\n<li>K\u00edch th\u01b0\u1edbc: 1m*2m<\/li>\n<li>Ch\u1ea5t li\u1ec7u: nilon<\/li>\n<li>M\u00e0u s\u1eafc: Rose Gold<\/li>\n<li>C\u00e1ch th\u1ee9c \u0111\u00f3ng g\u00f3i : 1c\u00e1i\/t\u00fai<\/li>\n<\/ul>\n","protected":false},"excerpt":{"rendered":"<p>Chi ti\u1ebft s\u1ea3n ph\u1ea9m K\u00edch th\u01b0\u1edbc: 1m*2m Ch\u1ea5t li\u1ec7u: nilon M\u00e0u s\u1eafc: Rose Gold C\u00e1ch th\u1ee9c \u0111\u00f3ng g\u00f3i : 1c\u00e1i\/t\u00fai<\/p>\n","protected":false},"featured_media":7534,"comment_status":"open","ping_status":"closed","template":"","meta":[],"product_cat":[16,393],"product_tag":[],"class_list":{"0":"post-7533","1":"product","2":"type-product","3":"status-publish","4":"has-post-thumbnail","6":"product_cat-phu-kien-trang-tri","7":"product_cat-man-kim-tuyen","9":"first","10":"instock","11":"shipping-taxable","12":"purchasable","13":"product-type-simple"},"_links":{"self":[{"href":"https:\/\/chuparty.vn\/index.php?rest_route=\/wp\/v2\/product\/7533","targetHints":{"allow":["GET"]}}],"collection":[{"href":"https:\/\/chuparty.vn\/index.php?rest_route=\/wp\/v2\/product"}],"about":[{"href":"https:\/\/chuparty.vn\/index.php?rest_route=\/wp\/v2\/types\/product"}],"replies":[{"embeddable":true,"href":"https:\/\/chuparty.vn\/index.php?rest_route=%2Fwp%2Fv2%2Fcomments&post=7533"}],"wp:featuredmedia":[{"embeddable":true,"href":"https:\/\/chuparty.vn\/index.php?rest_route=\/wp\/v2\/media\/7534"}],"wp:attachment":[{"href":"https:\/\/chuparty.vn\/index.php?rest_route=%2Fwp%2Fv2%2Fmedia&parent=7533"}],"wp:term":[{"taxonomy":"product_cat","embeddable":true,"href":"https:\/\/chuparty.vn\/index.php?rest_route=%2Fwp%2Fv2%2Fproduct_cat&post=7533"},{"taxonomy":"product_tag","embeddable":true,"href":"https:\/\/chuparty.vn\/index.php?rest_route=%2Fwp%2Fv2%2Fproduct_tag&post=7533"}],"curies":[{"name":"wp","href":"https:\/\/api.w.org\/{rel}","templated":true}]}}