{"id":7526,"date":"2023-11-24T10:31:48","date_gmt":"2023-11-24T03:31:48","guid":{"rendered":"https:\/\/chuparty.vn\/?post_type=product&#038;p=7526"},"modified":"2024-11-21T14:07:36","modified_gmt":"2024-11-21T07:07:36","slug":"man-kim-tuyen-1m2m-gold","status":"publish","type":"product","link":"https:\/\/chuparty.vn\/?product=man-kim-tuyen-1m2m-gold","title":{"rendered":"M\u00c0N KIM TUY\u1ebeN 1M*2M GOLD"},"content":{"rendered":"<p><strong>Chi ti\u1ebft s\u1ea3n ph\u1ea9m<\/strong><\/p>\n<ul>\n<li>K\u00edch th\u01b0\u1edbc: 1m*2m<\/li>\n<li>Ch\u1ea5t li\u1ec7u: nilon<\/li>\n<li>M\u00e0u s\u1eafc: Gold<\/li>\n<li>C\u00e1ch th\u1ee9c \u0111\u00f3ng g\u00f3i : 1c\u00e1i\/t\u00fai<\/li>\n<\/ul>\n","protected":false},"excerpt":{"rendered":"<p>Chi ti\u1ebft s\u1ea3n ph\u1ea9m K\u00edch th\u01b0\u1edbc: 1m*2m Ch\u1ea5t li\u1ec7u: nilon M\u00e0u s\u1eafc: Gold C\u00e1ch th\u1ee9c \u0111\u00f3ng g\u00f3i : 1c\u00e1i\/t\u00fai<\/p>\n","protected":false},"featured_media":7527,"comment_status":"open","ping_status":"closed","template":"","meta":[],"product_cat":[322,422,109,468,16,393],"product_tag":[],"class_list":{"0":"post-7526","1":"product","2":"type-product","3":"status-publish","4":"has-post-thumbnail","6":"product_cat-christmas","7":"product_cat-banner-xmas","8":"product_cat-new-year","9":"product_cat-banner-garland-new-year","10":"product_cat-phu-kien-trang-tri","11":"product_cat-man-kim-tuyen","13":"first","14":"instock","15":"shipping-taxable","16":"purchasable","17":"product-type-simple"},"_links":{"self":[{"href":"https:\/\/chuparty.vn\/index.php?rest_route=\/wp\/v2\/product\/7526","targetHints":{"allow":["GET"]}}],"collection":[{"href":"https:\/\/chuparty.vn\/index.php?rest_route=\/wp\/v2\/product"}],"about":[{"href":"https:\/\/chuparty.vn\/index.php?rest_route=\/wp\/v2\/types\/product"}],"replies":[{"embeddable":true,"href":"https:\/\/chuparty.vn\/index.php?rest_route=%2Fwp%2Fv2%2Fcomments&post=7526"}],"wp:featuredmedia":[{"embeddable":true,"href":"https:\/\/chuparty.vn\/index.php?rest_route=\/wp\/v2\/media\/7527"}],"wp:attachment":[{"href":"https:\/\/chuparty.vn\/index.php?rest_route=%2Fwp%2Fv2%2Fmedia&parent=7526"}],"wp:term":[{"taxonomy":"product_cat","embeddable":true,"href":"https:\/\/chuparty.vn\/index.php?rest_route=%2Fwp%2Fv2%2Fproduct_cat&post=7526"},{"taxonomy":"product_tag","embeddable":true,"href":"https:\/\/chuparty.vn\/index.php?rest_route=%2Fwp%2Fv2%2Fproduct_tag&post=7526"}],"curies":[{"name":"wp","href":"https:\/\/api.w.org\/{rel}","templated":true}]}}