{"id":7522,"date":"2023-11-24T10:28:55","date_gmt":"2023-11-24T03:28:55","guid":{"rendered":"https:\/\/chuparty.vn\/?post_type=product&#038;p=7522"},"modified":"2025-03-26T11:09:30","modified_gmt":"2025-03-26T04:09:30","slug":"man-kim-tuyen-1m2m-bac","status":"publish","type":"product","link":"https:\/\/chuparty.vn\/?product=man-kim-tuyen-1m2m-bac","title":{"rendered":"M\u00c0N KIM TUY\u1ebeN 1M*2M B\u1ea0C"},"content":{"rendered":"<p><strong>Chi ti\u1ebft s\u1ea3n ph\u1ea9m<\/strong><\/p>\n<ul>\n<li>K\u00edch th\u01b0\u1edbc: 1m*2m<\/li>\n<li>Ch\u1ea5t li\u1ec7u: nilon<\/li>\n<li>M\u00e0u s\u1eafc: B\u1ea1c<\/li>\n<li>C\u00e1ch th\u1ee9c \u0111\u00f3ng g\u00f3i : 1c\u00e1i\/t\u00fai<\/li>\n<\/ul>\n","protected":false},"excerpt":{"rendered":"<p>Chi ti\u1ebft s\u1ea3n ph\u1ea9m K\u00edch th\u01b0\u1edbc: 1m*2m Ch\u1ea5t li\u1ec7u: nilon M\u00e0u s\u1eafc: B\u1ea1c C\u00e1ch th\u1ee9c \u0111\u00f3ng g\u00f3i : 1c\u00e1i\/t\u00fai<\/p>\n","protected":false},"featured_media":7523,"comment_status":"open","ping_status":"closed","template":"","meta":[],"product_cat":[499,109,468,147,393],"product_tag":[],"class_list":{"0":"post-7522","1":"product","2":"type-product","3":"status-publish","4":"has-post-thumbnail","6":"product_cat-barbie-girl","7":"product_cat-new-year","8":"product_cat-banner-garland-new-year","9":"product_cat-backdrop","10":"product_cat-man-kim-tuyen","12":"first","13":"instock","14":"shipping-taxable","15":"purchasable","16":"product-type-simple"},"_links":{"self":[{"href":"https:\/\/chuparty.vn\/index.php?rest_route=\/wp\/v2\/product\/7522","targetHints":{"allow":["GET"]}}],"collection":[{"href":"https:\/\/chuparty.vn\/index.php?rest_route=\/wp\/v2\/product"}],"about":[{"href":"https:\/\/chuparty.vn\/index.php?rest_route=\/wp\/v2\/types\/product"}],"replies":[{"embeddable":true,"href":"https:\/\/chuparty.vn\/index.php?rest_route=%2Fwp%2Fv2%2Fcomments&post=7522"}],"wp:featuredmedia":[{"embeddable":true,"href":"https:\/\/chuparty.vn\/index.php?rest_route=\/wp\/v2\/media\/7523"}],"wp:attachment":[{"href":"https:\/\/chuparty.vn\/index.php?rest_route=%2Fwp%2Fv2%2Fmedia&parent=7522"}],"wp:term":[{"taxonomy":"product_cat","embeddable":true,"href":"https:\/\/chuparty.vn\/index.php?rest_route=%2Fwp%2Fv2%2Fproduct_cat&post=7522"},{"taxonomy":"product_tag","embeddable":true,"href":"https:\/\/chuparty.vn\/index.php?rest_route=%2Fwp%2Fv2%2Fproduct_tag&post=7522"}],"curies":[{"name":"wp","href":"https:\/\/api.w.org\/{rel}","templated":true}]}}