{"id":750,"date":"2022-01-24T10:54:59","date_gmt":"2022-01-24T03:54:59","guid":{"rendered":"https:\/\/chuparty.vn\/?post_type=product&#038;p=750"},"modified":"2025-06-11T11:53:41","modified_gmt":"2025-06-11T04:53:41","slug":"bong-cao-su-kim-loai-nhieu-mau","status":"publish","type":"product","link":"https:\/\/chuparty.vn\/?product=bong-cao-su-kim-loai-nhieu-mau","title":{"rendered":"B\u00d3NG TR\u00d2N M\u00c0U KIM LO\u1ea0I (NHI\u1ec0U M\u00c0U)"},"content":{"rendered":"<p><strong>Chi ti\u1ebft s\u1ea3n ph\u1ea9m:<br \/>\n<\/strong>Qui c\u00e1ch \u0111\u00f3ng g\u00f3i: 10 c\u00e1i\/ t\u00fai<strong><br \/>\n<\/strong>Ch\u1ea5t li\u1ec7u: cao su<br \/>\nM\u00e0u s\u1eafc: n\/a<br \/>\nK\u00edch th\u01b0\u1edbc khi b\u01a1m \u0111\u1ea7y: 10in ~ 25cm<br \/>\nL\u01b0u \u00fd: B\u00f3ng cao su khi b\u01a1m kh\u00f4ng n\u00ean b\u01a1m qu\u00e1 c\u0103ng , ch\u1ec9 n\u00ean b\u01a1m kho\u1ea3ng 80% th\u1ec3 t\u00edch b\u00f3ng. B\u00f3ng \u0111\u1eb9p nh\u1ea5t trong 6h \u0111\u1ea7u sau khi b\u01a1m, b\u00f3ng \u0111\u1ec3 trong ph\u00f2ng m\u00e1t s\u1ebd gi\u1eef \u0111\u01b0\u1ee3c \u0111\u1ed9 s\u00e1ng b\u00f3ng v\u00e0 b\u1ec1n b\u1ec9 h\u01a1n ngo\u00e0i tr\u1eddi n\u00f3ng.<\/p>\n","protected":false},"excerpt":{"rendered":"<p>Chi ti\u1ebft s\u1ea3n ph\u1ea9m: Qui c\u00e1ch \u0111\u00f3ng g\u00f3i: 10 c\u00e1i\/ t\u00fai Ch\u1ea5t li\u1ec7u: cao su M\u00e0u s\u1eafc: n\/a K\u00edch th\u01b0\u1edbc khi b\u01a1m \u0111\u1ea7y: 10in ~ 25cm L\u01b0u \u00fd: B\u00f3ng cao su khi b\u01a1m kh\u00f4ng n\u00ean b\u01a1m qu\u00e1 c\u0103ng , ch\u1ec9 n\u00ean b\u01a1m kho\u1ea3ng 80% th\u1ec3 t\u00edch b\u00f3ng. B\u00f3ng \u0111\u1eb9p nh\u1ea5t trong 6h \u0111\u1ea7u sau khi [&hellip;]<\/p>\n","protected":false},"featured_media":767,"comment_status":"open","ping_status":"closed","template":"","meta":[],"product_cat":[90],"product_tag":[19,91],"class_list":{"0":"post-750","1":"product","2":"type-product","3":"status-publish","4":"has-post-thumbnail","6":"product_cat-bong-cao-su","7":"product_tag-bong-bong","8":"product_tag-bong-cao-su","9":"pa_mau-sac-bac","10":"pa_mau-sac-gold","11":"pa_mau-sac-hong","12":"pa_mau-sac-mint","13":"pa_mau-sac-rose-gold","14":"pa_mau-sac-tim-nhat","15":"pa_mau-sac-xanh","17":"first","18":"instock","19":"shipping-taxable","20":"purchasable","21":"product-type-variable"},"_links":{"self":[{"href":"https:\/\/chuparty.vn\/index.php?rest_route=\/wp\/v2\/product\/750","targetHints":{"allow":["GET"]}}],"collection":[{"href":"https:\/\/chuparty.vn\/index.php?rest_route=\/wp\/v2\/product"}],"about":[{"href":"https:\/\/chuparty.vn\/index.php?rest_route=\/wp\/v2\/types\/product"}],"replies":[{"embeddable":true,"href":"https:\/\/chuparty.vn\/index.php?rest_route=%2Fwp%2Fv2%2Fcomments&post=750"}],"wp:featuredmedia":[{"embeddable":true,"href":"https:\/\/chuparty.vn\/index.php?rest_route=\/wp\/v2\/media\/767"}],"wp:attachment":[{"href":"https:\/\/chuparty.vn\/index.php?rest_route=%2Fwp%2Fv2%2Fmedia&parent=750"}],"wp:term":[{"taxonomy":"product_cat","embeddable":true,"href":"https:\/\/chuparty.vn\/index.php?rest_route=%2Fwp%2Fv2%2Fproduct_cat&post=750"},{"taxonomy":"product_tag","embeddable":true,"href":"https:\/\/chuparty.vn\/index.php?rest_route=%2Fwp%2Fv2%2Fproduct_tag&post=750"}],"curies":[{"name":"wp","href":"https:\/\/api.w.org\/{rel}","templated":true}]}}