{"id":7486,"date":"2023-11-17T11:41:39","date_gmt":"2023-11-17T04:41:39","guid":{"rendered":"https:\/\/chuparty.vn\/?post_type=product&#038;p=7486"},"modified":"2025-10-29T12:37:01","modified_gmt":"2025-10-29T05:37:01","slug":"diy-christmas-balloon-garland","status":"publish","type":"product","link":"https:\/\/chuparty.vn\/?product=diy-christmas-balloon-garland","title":{"rendered":"DIY &#8211; CHRISTMAS BALLOON"},"content":{"rendered":"<p>DIY <strong>christmas b<\/strong>alloon <strong>garland <\/strong>\u00a0l\u00e0 ph\u1ee5 ki\u1ec7n kh\u00f4ng th\u1ec3 thi\u1ebfu trong m\u00f9a Gi\u00e1ng Sinh ho\u1eb7c cho bu\u1ed5i ti\u1ec7c c\u1ee7a b\u1ea1n th\u00eam sinh \u0111\u1ed9ng, vui t\u01b0\u01a1i. S\u1ebd \u0111\u1eb9p h\u01a1n khi k\u1ebft h\u1ee3p c\u00f9ng \u0111\u00e8n led, b\u00f3ng h\u00ecnh c\u00f9ng ch\u1ee7 \u0111\u1ec1, b\u00f3ng bay v\u00e0 c\u00e1c ph\u1ee5 ki\u1ec7n kh\u00e1c.<\/p>\n<p>Quy c\u00e1ch \u0111\u00f3ng g\u00f3i: G\u1ed3m<br \/>\n* 1 Set D\u00e2y ch\u1eef Merry Christmas xanh \u0111\u1ecf<br \/>\n* 2 B\u00f3ng H\u00ecnh k\u1eb9o g\u1eady mini v\u00e0 ng\u01b0\u1eddi tuy\u1ebft mini<br \/>\n* 1 Set 20 b\u00f3ng d\u00e0i \u0111\u1ecf xanh tr\u1eafng gold<br \/>\n* 1 Set 12 b\u00f3ng tr\u00f2n \u0111\u1ecf xanh tr\u1eafng gold 25cm<br \/>\n* 1 Set 12 b\u00f3ng tr\u00f2n \u0111\u1ecf xanh tr\u1eafng gold 10cm<br \/>\n* 3 cu\u1ed9n d\u00e2y tr\u1eafng c\u1ed9t b\u00f3ng<br \/>\nCh\u1ea5t li\u1ec7u: b\u00f3ng cao su, b\u00f3ng nh\u00f4m k\u00ednh<br \/>\nM\u00e0u s\u1eafc: xanh, \u0111\u1ecf, tr\u1eafng, gold<br \/>\nK\u00edch th\u01b0\u1edbc: 2m<br \/>\n<strong>\u2013&gt;<\/strong> B\u00f3ng \u0111\u01b0\u1ee3c giao \u1edf tr\u1ea1ng th\u00e1i ch\u01b0a b\u01a1m, b\u00f3ng c\u00f3 th\u1ec3 b\u01a1m b\u1eb1ng m\u00e1y b\u01a1m ho\u1eb7c b\u01a1m tay.<\/p>\n<p>&nbsp;<\/p>\n<p>&nbsp;<\/p>\n","protected":false},"excerpt":{"rendered":"<p>DIY christmas balloon garland \u00a0l\u00e0 ph\u1ee5 ki\u1ec7n kh\u00f4ng th\u1ec3 thi\u1ebfu trong m\u00f9a Gi\u00e1ng Sinh ho\u1eb7c cho bu\u1ed5i ti\u1ec7c c\u1ee7a b\u1ea1n th\u00eam sinh \u0111\u1ed9ng, vui t\u01b0\u01a1i. S\u1ebd \u0111\u1eb9p h\u01a1n khi k\u1ebft h\u1ee3p c\u00f9ng \u0111\u00e8n led, b\u00f3ng h\u00ecnh c\u00f9ng ch\u1ee7 \u0111\u1ec1, b\u00f3ng bay v\u00e0 c\u00e1c ph\u1ee5 ki\u1ec7n kh\u00e1c. Quy c\u00e1ch \u0111\u00f3ng g\u00f3i: G\u1ed3m * 1 Set D\u00e2y [&hellip;]<\/p>\n","protected":false},"featured_media":7487,"comment_status":"open","ping_status":"closed","template":"","meta":[],"product_cat":[322,423,366,490],"product_tag":[323,367],"class_list":{"0":"post-7486","1":"product","2":"type-product","3":"status-publish","4":"has-post-thumbnail","6":"product_cat-christmas","7":"product_cat-bong-bong-xmas","8":"product_cat-combo-bong-tru-handmade","9":"product_cat-day-bong-handmade","10":"product_tag-christmas","11":"product_tag-diy","13":"first","14":"instock","15":"shipping-taxable","16":"purchasable","17":"product-type-simple"},"_links":{"self":[{"href":"https:\/\/chuparty.vn\/index.php?rest_route=\/wp\/v2\/product\/7486","targetHints":{"allow":["GET"]}}],"collection":[{"href":"https:\/\/chuparty.vn\/index.php?rest_route=\/wp\/v2\/product"}],"about":[{"href":"https:\/\/chuparty.vn\/index.php?rest_route=\/wp\/v2\/types\/product"}],"replies":[{"embeddable":true,"href":"https:\/\/chuparty.vn\/index.php?rest_route=%2Fwp%2Fv2%2Fcomments&post=7486"}],"wp:featuredmedia":[{"embeddable":true,"href":"https:\/\/chuparty.vn\/index.php?rest_route=\/wp\/v2\/media\/7487"}],"wp:attachment":[{"href":"https:\/\/chuparty.vn\/index.php?rest_route=%2Fwp%2Fv2%2Fmedia&parent=7486"}],"wp:term":[{"taxonomy":"product_cat","embeddable":true,"href":"https:\/\/chuparty.vn\/index.php?rest_route=%2Fwp%2Fv2%2Fproduct_cat&post=7486"},{"taxonomy":"product_tag","embeddable":true,"href":"https:\/\/chuparty.vn\/index.php?rest_route=%2Fwp%2Fv2%2Fproduct_tag&post=7486"}],"curies":[{"name":"wp","href":"https:\/\/api.w.org\/{rel}","templated":true}]}}