{"id":7477,"date":"2023-11-17T11:30:10","date_gmt":"2023-11-17T04:30:10","guid":{"rendered":"https:\/\/chuparty.vn\/?post_type=product&#038;p=7477"},"modified":"2025-11-25T13:28:30","modified_gmt":"2025-11-25T06:28:30","slug":"day-garland-cay-thong","status":"publish","type":"product","link":"https:\/\/chuparty.vn\/?product=day-garland-cay-thong","title":{"rendered":"D\u00c2Y GARLAND NG\u01af\u1edcI TUY\u1ebeT"},"content":{"rendered":"<p>D\u00e2y treo <strong>garland christmas<\/strong>\u00a0l\u00e0 ph\u1ee5 ki\u1ec7n kh\u00f4ng th\u1ec3 thi\u1ebfu trong m\u00f9a Gi\u00e1ng Sinh ho\u1eb7c cho bu\u1ed5i ti\u1ec7c c\u1ee7a b\u1ea1n th\u00eam sinh \u0111\u1ed9ng, vui t\u01b0\u01a1i. S\u1ebd \u0111\u1eb9p h\u01a1n khi k\u1ebft h\u1ee3p c\u00f9ng \u0111\u00e8n led, b\u00f3ng h\u00ecnh c\u00f9ng ch\u1ee7 \u0111\u1ec1, b\u00f3ng bay v\u00e0 c\u00e1c ph\u1ee5 ki\u1ec7n kh\u00e1c.<\/p>\n<p>Quy c\u00e1ch \u0111\u00f3ng g\u00f3i: 1 d\u00e2y\/t\u00fai (5 \u0111\u1ea7u tuy\u1ebft &amp; m\u0169i g\u1ed7; 4 b\u00f4ng tuy\u1ebft, 1 d\u00e2y treo )<br \/>\nCh\u1ea5t li\u1ec7u: gi\u1ea5y<br \/>\nM\u00e0u s\u1eafc: tr\u1eafng xanh<br \/>\nK\u00edch th\u01b0\u1edbc: 2m<\/p>\n<p>&nbsp;<\/p>\n<p>&nbsp;<\/p>\n","protected":false},"excerpt":{"rendered":"<p>D\u00e2y treo garland christmas\u00a0l\u00e0 ph\u1ee5 ki\u1ec7n kh\u00f4ng th\u1ec3 thi\u1ebfu trong m\u00f9a Gi\u00e1ng Sinh ho\u1eb7c cho bu\u1ed5i ti\u1ec7c c\u1ee7a b\u1ea1n th\u00eam sinh \u0111\u1ed9ng, vui t\u01b0\u01a1i. S\u1ebd \u0111\u1eb9p h\u01a1n khi k\u1ebft h\u1ee3p c\u00f9ng \u0111\u00e8n led, b\u00f3ng h\u00ecnh c\u00f9ng ch\u1ee7 \u0111\u1ec1, b\u00f3ng bay v\u00e0 c\u00e1c ph\u1ee5 ki\u1ec7n kh\u00e1c. Quy c\u00e1ch \u0111\u00f3ng g\u00f3i: 1 d\u00e2y\/t\u00fai (5 \u0111\u1ea7u tuy\u1ebft &amp; [&hellip;]<\/p>\n","protected":false},"featured_media":7478,"comment_status":"open","ping_status":"closed","template":"","meta":[],"product_cat":[322,422],"product_tag":[323],"class_list":{"0":"post-7477","1":"product","2":"type-product","3":"status-publish","4":"has-post-thumbnail","6":"product_cat-christmas","7":"product_cat-banner-xmas","8":"product_tag-christmas","10":"first","11":"instock","12":"shipping-taxable","13":"purchasable","14":"product-type-simple"},"_links":{"self":[{"href":"https:\/\/chuparty.vn\/index.php?rest_route=\/wp\/v2\/product\/7477","targetHints":{"allow":["GET"]}}],"collection":[{"href":"https:\/\/chuparty.vn\/index.php?rest_route=\/wp\/v2\/product"}],"about":[{"href":"https:\/\/chuparty.vn\/index.php?rest_route=\/wp\/v2\/types\/product"}],"replies":[{"embeddable":true,"href":"https:\/\/chuparty.vn\/index.php?rest_route=%2Fwp%2Fv2%2Fcomments&post=7477"}],"wp:featuredmedia":[{"embeddable":true,"href":"https:\/\/chuparty.vn\/index.php?rest_route=\/wp\/v2\/media\/7478"}],"wp:attachment":[{"href":"https:\/\/chuparty.vn\/index.php?rest_route=%2Fwp%2Fv2%2Fmedia&parent=7477"}],"wp:term":[{"taxonomy":"product_cat","embeddable":true,"href":"https:\/\/chuparty.vn\/index.php?rest_route=%2Fwp%2Fv2%2Fproduct_cat&post=7477"},{"taxonomy":"product_tag","embeddable":true,"href":"https:\/\/chuparty.vn\/index.php?rest_route=%2Fwp%2Fv2%2Fproduct_tag&post=7477"}],"curies":[{"name":"wp","href":"https:\/\/api.w.org\/{rel}","templated":true}]}}