{"id":7435,"date":"2023-11-07T10:03:25","date_gmt":"2023-11-07T03:03:25","guid":{"rendered":"https:\/\/chuparty.vn\/?post_type=product&#038;p=7435"},"modified":"2024-09-25T17:12:16","modified_gmt":"2024-09-25T10:12:16","slug":"den-dom-dom-trang-tri","status":"publish","type":"product","link":"https:\/\/chuparty.vn\/?product=den-dom-dom-trang-tri","title":{"rendered":"\u0110\u00c8N \u0110OM \u0110\u00d3M TRANG TR\u00cd"},"content":{"rendered":"<p><strong>\u0110\u00e8n led \u0111om \u0111\u00f3m v\u1edbi \u0111\u1ed9 d\u00e0i 2m, 5m, 10m gi\u00fap cho vi\u1ec7c trang tr\u00ed c\u1ee7a b\u1ea1n \u0111\u01b0\u1ee3c thu\u1eadn l\u1ee3i h\u01a1n, ph\u00f9 h\u1ee3p m\u1ecdi kh\u00f4ng gian.<br \/>\n<\/strong><br \/>\nK\u00edch th\u01b0\u1edbc : 2m, 5m, 10m<br \/>\nM\u00e0u s\u1eafc : v\u00e0ng \u1ea5m \u00e1p<\/p>\n<p>\u2728d\u00e2y \u0111\u00e8n led d\u00f9ng trang tr\u00ed kh\u00f4ng gian ph\u00f2ng ng\u1ee7 , trang tr\u00ed nh\u00e0 h\u00e0ng , mang \u0111i ch\u1ee5p \u1ea3nh t\u1ef1 s\u01b0\u1edbng \u1edf nh\u1eefng n\u01a1i kh\u00f4ng c\u00f3 \u0111i\u1ec7n .<br \/>\n\u2728d\u00e2y \u0111\u00e8n led vi\u00ean bi khi b\u1eadt l\u00ean c\u00f3 \u00e1nh s\u00e1ng v\u00e0ng \u1ea5m \u00e1p lung linh . Trang tr\u00ed nh\u00e0 c\u1eeda ng\u00e0y t\u1ebft , trang tr\u00ed sinh nh\u1eadt , Decor b\u00e0n ti\u1ec7c, d\u00f9ng trang tr\u00ed c\u00e2y th\u00f4ng Noel , trang tr\u00ed nh\u00e0 c\u1eeda \u0111\u00f3n ch\u00e0o N\u0103m m\u1edbi l\u00e0 qu\u00e1 tuy\u1ec7t v\u1eddi lu\u00f4n c\u00e1c b\u1ea1n nh\u00e9<\/p>\n","protected":false},"excerpt":{"rendered":"<p>\u0110\u00e8n led \u0111om \u0111\u00f3m v\u1edbi \u0111\u1ed9 d\u00e0i 2m, 5m, 10m gi\u00fap cho vi\u1ec7c trang tr\u00ed c\u1ee7a b\u1ea1n \u0111\u01b0\u1ee3c thu\u1eadn l\u1ee3i h\u01a1n, ph\u00f9 h\u1ee3p m\u1ecdi kh\u00f4ng gian. K\u00edch th\u01b0\u1edbc : 2m, 5m, 10m M\u00e0u s\u1eafc : v\u00e0ng \u1ea5m \u00e1p \u2728d\u00e2y \u0111\u00e8n led d\u00f9ng trang tr\u00ed kh\u00f4ng gian ph\u00f2ng ng\u1ee7 , trang tr\u00ed nh\u00e0 h\u00e0ng , mang [&hellip;]<\/p>\n","protected":false},"featured_media":7436,"comment_status":"open","ping_status":"closed","template":"","meta":[],"product_cat":[509,324,322,424,109,467,16,352],"product_tag":[323,344,30],"class_list":{"0":"post-7435","1":"product","2":"type-product","3":"status-publish","4":"has-post-thumbnail","6":"product_cat-den-nen-halloween","7":"product_cat-halloween","8":"product_cat-christmas","9":"product_cat-non-phu-kien-xmas","10":"product_cat-new-year","11":"product_cat-non-phu-kien-new-year","12":"product_cat-phu-kien-trang-tri","13":"product_cat-den-led-light","14":"product_tag-christmas","15":"product_tag-led","16":"product_tag-new-year","18":"first","19":"instock","20":"shipping-taxable","21":"purchasable","22":"product-type-variable"},"_links":{"self":[{"href":"https:\/\/chuparty.vn\/index.php?rest_route=\/wp\/v2\/product\/7435","targetHints":{"allow":["GET"]}}],"collection":[{"href":"https:\/\/chuparty.vn\/index.php?rest_route=\/wp\/v2\/product"}],"about":[{"href":"https:\/\/chuparty.vn\/index.php?rest_route=\/wp\/v2\/types\/product"}],"replies":[{"embeddable":true,"href":"https:\/\/chuparty.vn\/index.php?rest_route=%2Fwp%2Fv2%2Fcomments&post=7435"}],"wp:featuredmedia":[{"embeddable":true,"href":"https:\/\/chuparty.vn\/index.php?rest_route=\/wp\/v2\/media\/7436"}],"wp:attachment":[{"href":"https:\/\/chuparty.vn\/index.php?rest_route=%2Fwp%2Fv2%2Fmedia&parent=7435"}],"wp:term":[{"taxonomy":"product_cat","embeddable":true,"href":"https:\/\/chuparty.vn\/index.php?rest_route=%2Fwp%2Fv2%2Fproduct_cat&post=7435"},{"taxonomy":"product_tag","embeddable":true,"href":"https:\/\/chuparty.vn\/index.php?rest_route=%2Fwp%2Fv2%2Fproduct_tag&post=7435"}],"curies":[{"name":"wp","href":"https:\/\/api.w.org\/{rel}","templated":true}]}}