{"id":7418,"date":"2023-11-05T22:10:58","date_gmt":"2023-11-05T15:10:58","guid":{"rendered":"https:\/\/chuparty.vn\/?post_type=product&#038;p=7418"},"modified":"2024-11-16T12:24:46","modified_gmt":"2024-11-16T05:24:46","slug":"bang-do-sung-tuan-loc-nho","status":"publish","type":"product","link":"https:\/\/chuparty.vn\/?product=bang-do-sung-tuan-loc-nho","title":{"rendered":"B\u0102NG \u0110\u00d4 S\u1eeaNG TU\u1ea6N L\u1ed8C NH\u1ece"},"content":{"rendered":"<p><strong>Chi ti\u1ebft s\u1ea3n ph\u1ea9m:<\/strong> B\u0103ng \u0111\u00f4 Tu\u1ea7n L\u1ed9c cho bu\u1ed5i ti\u1ec7c th\u00eam ph\u1ea7n s\u00f4i \u0111\u1ed9ng.<\/p>\n<ul>\n<li>K\u00edch th\u01b0\u1edbc:<\/li>\n<li>Ch\u1ea5t li\u1ec7u:\u00a0 nh\u1ef1a, ,v\u1ea3i m\u1ec1m<\/li>\n<li>M\u00e0u s\u1eafc: \u0111\u1ecf, n\u00e2u<\/li>\n<li>C\u00e1ch th\u1ee9c \u0111\u00f3ng g\u00f3i : 1 c\u00e1i\/t\u00fai<\/li>\n<\/ul>\n","protected":false},"excerpt":{"rendered":"<p>Chi ti\u1ebft s\u1ea3n ph\u1ea9m: B\u0103ng \u0111\u00f4 Tu\u1ea7n L\u1ed9c cho bu\u1ed5i ti\u1ec7c th\u00eam ph\u1ea7n s\u00f4i \u0111\u1ed9ng. K\u00edch th\u01b0\u1edbc: Ch\u1ea5t li\u1ec7u:\u00a0 nh\u1ef1a, ,v\u1ea3i m\u1ec1m M\u00e0u s\u1eafc: \u0111\u1ecf, n\u00e2u C\u00e1ch th\u1ee9c \u0111\u00f3ng g\u00f3i : 1 c\u00e1i\/t\u00fai<\/p>\n","protected":false},"featured_media":7419,"comment_status":"open","ping_status":"closed","template":"","meta":[],"product_cat":[322,424],"product_tag":[323],"class_list":{"0":"post-7418","1":"product","2":"type-product","3":"status-publish","4":"has-post-thumbnail","6":"product_cat-christmas","7":"product_cat-non-phu-kien-xmas","8":"product_tag-christmas","10":"first","11":"instock","12":"shipping-taxable","13":"purchasable","14":"product-type-simple"},"_links":{"self":[{"href":"https:\/\/chuparty.vn\/index.php?rest_route=\/wp\/v2\/product\/7418","targetHints":{"allow":["GET"]}}],"collection":[{"href":"https:\/\/chuparty.vn\/index.php?rest_route=\/wp\/v2\/product"}],"about":[{"href":"https:\/\/chuparty.vn\/index.php?rest_route=\/wp\/v2\/types\/product"}],"replies":[{"embeddable":true,"href":"https:\/\/chuparty.vn\/index.php?rest_route=%2Fwp%2Fv2%2Fcomments&post=7418"}],"wp:featuredmedia":[{"embeddable":true,"href":"https:\/\/chuparty.vn\/index.php?rest_route=\/wp\/v2\/media\/7419"}],"wp:attachment":[{"href":"https:\/\/chuparty.vn\/index.php?rest_route=%2Fwp%2Fv2%2Fmedia&parent=7418"}],"wp:term":[{"taxonomy":"product_cat","embeddable":true,"href":"https:\/\/chuparty.vn\/index.php?rest_route=%2Fwp%2Fv2%2Fproduct_cat&post=7418"},{"taxonomy":"product_tag","embeddable":true,"href":"https:\/\/chuparty.vn\/index.php?rest_route=%2Fwp%2Fv2%2Fproduct_tag&post=7418"}],"curies":[{"name":"wp","href":"https:\/\/api.w.org\/{rel}","templated":true}]}}