{"id":740,"date":"2022-01-24T10:39:07","date_gmt":"2022-01-24T03:39:07","guid":{"rendered":"https:\/\/chuparty.vn\/?post_type=product&#038;p=740"},"modified":"2024-10-04T14:24:41","modified_gmt":"2024-10-04T07:24:41","slug":"combo-4-bong-avenger","status":"publish","type":"product","link":"https:\/\/chuparty.vn\/?product=combo-4-bong-avenger","title":{"rendered":"COMBO 4 B\u00d3NG SI\u00caU ANH H\u00d9NG"},"content":{"rendered":"<p><strong>Th\u00f4ng tin s\u1ea3n ph\u1ea9m:<\/strong><br \/>\nCombo 4 b\u00f3ng Si\u00eau Anh H\u00f9ng g\u1ed3m: h\u00ecnh ng\u01b0\u1eddi nh\u1ec7n, ng\u01b0\u1eddi s\u1eaft, ng\u01b0\u1eddi ki\u1ebfn v\u00e0 Captain American.<br \/>\nC\u00e1ch th\u1ee9c \u0111\u00f3ng g\u00f3i: 4 b\u00f3ng\/t\u00fai.<br \/>\n<strong>\u2013&gt;<\/strong>\u00a0B\u00f3ng \u0111\u01b0\u1ee3c giao \u1edf tr\u1ea1ng th\u00e1i ch\u01b0a b\u01a1m, b\u00f3ng c\u00f3 th\u1ec3 b\u01a1m b\u1eb1ng m\u00e1y b\u01a1m\/b\u01a1m tay ho\u1eb7c kh\u00ed helium t\u00f9y theo nhu c\u1ea7u s\u1eed d\u1ee5ng.<br \/>\n<strong>\u2013&gt;<\/strong>\u00a0N\u1ebfu b\u1ea1n c\u00f3 nhu c\u1ea7u b\u01a1m kh\u00ed helium \u0111\u1ec3 b\u00f3ng bay, vui l\u00f2ng li\u00ean h\u1ec7 v\u1edbi nh\u00e2n vi\u00ean b\u00e1n h\u00e0ng \u0111\u1ec3 \u0111\u01b0\u1ee3c t\u01b0 v\u1ea5n v\u00e0 b\u00e1o gi\u00e1.<\/p>\n","protected":false},"excerpt":{"rendered":"<p>Th\u00f4ng tin s\u1ea3n ph\u1ea9m: Combo 4 b\u00f3ng Si\u00eau Anh H\u00f9ng g\u1ed3m: h\u00ecnh ng\u01b0\u1eddi nh\u1ec7n, ng\u01b0\u1eddi s\u1eaft, ng\u01b0\u1eddi ki\u1ebfn v\u00e0 Captain American. C\u00e1ch th\u1ee9c \u0111\u00f3ng g\u00f3i: 4 b\u00f3ng\/t\u00fai. \u2013&gt;\u00a0B\u00f3ng \u0111\u01b0\u1ee3c giao \u1edf tr\u1ea1ng th\u00e1i ch\u01b0a b\u01a1m, b\u00f3ng c\u00f3 th\u1ec3 b\u01a1m b\u1eb1ng m\u00e1y b\u01a1m\/b\u01a1m tay ho\u1eb7c kh\u00ed helium t\u00f9y theo nhu c\u1ea7u s\u1eed d\u1ee5ng. \u2013&gt;\u00a0N\u1ebfu b\u1ea1n c\u00f3 [&hellip;]<\/p>\n","protected":false},"featured_media":741,"comment_status":"open","ping_status":"closed","template":"","meta":[],"product_cat":[87],"product_tag":[151,75,100],"class_list":{"0":"post-740","1":"product","2":"type-product","3":"status-publish","4":"has-post-thumbnail","6":"product_cat-combo-bong-hinh","7":"product_tag-avenger","8":"product_tag-combo-bong","9":"product_tag-combo-bong-hinh","11":"first","12":"outofstock","13":"shipping-taxable","14":"purchasable","15":"product-type-simple"},"_links":{"self":[{"href":"https:\/\/chuparty.vn\/index.php?rest_route=\/wp\/v2\/product\/740","targetHints":{"allow":["GET"]}}],"collection":[{"href":"https:\/\/chuparty.vn\/index.php?rest_route=\/wp\/v2\/product"}],"about":[{"href":"https:\/\/chuparty.vn\/index.php?rest_route=\/wp\/v2\/types\/product"}],"replies":[{"embeddable":true,"href":"https:\/\/chuparty.vn\/index.php?rest_route=%2Fwp%2Fv2%2Fcomments&post=740"}],"wp:featuredmedia":[{"embeddable":true,"href":"https:\/\/chuparty.vn\/index.php?rest_route=\/wp\/v2\/media\/741"}],"wp:attachment":[{"href":"https:\/\/chuparty.vn\/index.php?rest_route=%2Fwp%2Fv2%2Fmedia&parent=740"}],"wp:term":[{"taxonomy":"product_cat","embeddable":true,"href":"https:\/\/chuparty.vn\/index.php?rest_route=%2Fwp%2Fv2%2Fproduct_cat&post=740"},{"taxonomy":"product_tag","embeddable":true,"href":"https:\/\/chuparty.vn\/index.php?rest_route=%2Fwp%2Fv2%2Fproduct_tag&post=740"}],"curies":[{"name":"wp","href":"https:\/\/api.w.org\/{rel}","templated":true}]}}