{"id":7368,"date":"2023-11-01T12:15:53","date_gmt":"2023-11-01T05:15:53","guid":{"rendered":"https:\/\/chuparty.vn\/?post_type=product&#038;p=7368"},"modified":"2025-11-11T16:28:31","modified_gmt":"2025-11-11T09:28:31","slug":"set-6-ken-thoi-happy-new-year","status":"publish","type":"product","link":"https:\/\/chuparty.vn\/?product=set-6-ken-thoi-happy-new-year","title":{"rendered":"SET 6 K\u00c8N TH\u1ed4I HAPPY NEW YEAR"},"content":{"rendered":"<p><strong>Chi ti\u1ebft s\u1ea3n ph\u1ea9m:<\/strong>\u00a0s\u1ea3n ph\u1ea9m K\u00e8n Th\u1ed5i an to\u00e0n, vui nh\u1ed9n cho m\u1ecdi bu\u1ed5i ti\u1ec7c<\/p>\n<ul>\n<li>K\u00edch th\u01b0\u1edbc:<\/li>\n<li>Ch\u1ea5t li\u1ec7u: gi\u1ea5y, nh\u1ef1a<\/li>\n<li>M\u00e0u s\u1eafc: n\/a<\/li>\n<li>C\u00e1ch th\u1ee9c \u0111\u00f3ng g\u00f3i : K\u00c8N TH\u1ed4I NEW YEAR 6 c\u00e1i\/t\u00fai<\/li>\n<li>C\u00f3 4 m\u1eabu s\u1ebd giao ng\u1eabu nhi\u00ean.<\/li>\n<\/ul>\n","protected":false},"excerpt":{"rendered":"<p>Chi ti\u1ebft s\u1ea3n ph\u1ea9m:\u00a0s\u1ea3n ph\u1ea9m K\u00e8n Th\u1ed5i an to\u00e0n, vui nh\u1ed9n cho m\u1ecdi bu\u1ed5i ti\u1ec7c K\u00edch th\u01b0\u1edbc: Ch\u1ea5t li\u1ec7u: gi\u1ea5y, nh\u1ef1a M\u00e0u s\u1eafc: n\/a C\u00e1ch th\u1ee9c \u0111\u00f3ng g\u00f3i : K\u00c8N TH\u1ed4I NEW YEAR 6 c\u00e1i\/t\u00fai C\u00f3 4 m\u1eabu s\u1ebd giao ng\u1eabu nhi\u00ean.<\/p>\n","protected":false},"featured_media":7740,"comment_status":"open","ping_status":"closed","template":"","meta":[],"product_cat":[519,109,467,16],"product_tag":[30,470],"class_list":{"0":"post-7368","1":"product","2":"type-product","3":"status-publish","4":"has-post-thumbnail","6":"product_cat-ken-coi-thoi","7":"product_cat-new-year","8":"product_cat-non-phu-kien-new-year","9":"product_cat-phu-kien-trang-tri","10":"product_tag-new-year","11":"product_tag-year-end-party","13":"first","14":"instock","15":"shipping-taxable","16":"purchasable","17":"product-type-simple"},"_links":{"self":[{"href":"https:\/\/chuparty.vn\/index.php?rest_route=\/wp\/v2\/product\/7368","targetHints":{"allow":["GET"]}}],"collection":[{"href":"https:\/\/chuparty.vn\/index.php?rest_route=\/wp\/v2\/product"}],"about":[{"href":"https:\/\/chuparty.vn\/index.php?rest_route=\/wp\/v2\/types\/product"}],"replies":[{"embeddable":true,"href":"https:\/\/chuparty.vn\/index.php?rest_route=%2Fwp%2Fv2%2Fcomments&post=7368"}],"wp:featuredmedia":[{"embeddable":true,"href":"https:\/\/chuparty.vn\/index.php?rest_route=\/wp\/v2\/media\/7740"}],"wp:attachment":[{"href":"https:\/\/chuparty.vn\/index.php?rest_route=%2Fwp%2Fv2%2Fmedia&parent=7368"}],"wp:term":[{"taxonomy":"product_cat","embeddable":true,"href":"https:\/\/chuparty.vn\/index.php?rest_route=%2Fwp%2Fv2%2Fproduct_cat&post=7368"},{"taxonomy":"product_tag","embeddable":true,"href":"https:\/\/chuparty.vn\/index.php?rest_route=%2Fwp%2Fv2%2Fproduct_tag&post=7368"}],"curies":[{"name":"wp","href":"https:\/\/api.w.org\/{rel}","templated":true}]}}