{"id":7362,"date":"2023-11-01T12:06:17","date_gmt":"2023-11-01T05:06:17","guid":{"rendered":"https:\/\/chuparty.vn\/?post_type=product&#038;p=7362"},"modified":"2025-12-05T11:43:47","modified_gmt":"2025-12-05T04:43:47","slug":"set-6-ken-thoi-tua-rua","status":"publish","type":"product","link":"https:\/\/chuparty.vn\/?product=set-6-ken-thoi-tua-rua","title":{"rendered":"SET 6 K\u00c8N TH\u1ed4I TUA RUA GOLD\/B\u1ea0C"},"content":{"rendered":"<p><strong>Chi ti\u1ebft s\u1ea3n ph\u1ea9m:<\/strong>\u00a0s\u1ea3n ph\u1ea9m K\u00e8n Th\u1ed5i an to\u00e0n, vui nh\u1ed9n cho m\u1ecdi bu\u1ed5i ti\u1ec7c<\/p>\n<ul>\n<li>K\u00edch th\u01b0\u1edbc:<\/li>\n<li>Ch\u1ea5t li\u1ec7u: gi\u1ea5y nilong, nh\u1ef1a<\/li>\n<li>M\u00e0u s\u1eafc: Gold , B\u1ea1c<\/li>\n<li>C\u00e1ch th\u1ee9c \u0111\u00f3ng g\u00f3i : K\u00c8N TH\u1ed4I TUA RUA: 6 c\u00e1i\/t\u00fai<\/li>\n<\/ul>\n","protected":false},"excerpt":{"rendered":"<p>Chi ti\u1ebft s\u1ea3n ph\u1ea9m:\u00a0s\u1ea3n ph\u1ea9m K\u00e8n Th\u1ed5i an to\u00e0n, vui nh\u1ed9n cho m\u1ecdi bu\u1ed5i ti\u1ec7c K\u00edch th\u01b0\u1edbc: Ch\u1ea5t li\u1ec7u: gi\u1ea5y nilong, nh\u1ef1a M\u00e0u s\u1eafc: Gold , B\u1ea1c C\u00e1ch th\u1ee9c \u0111\u00f3ng g\u00f3i : K\u00c8N TH\u1ed4I TUA RUA: 6 c\u00e1i\/t\u00fai<\/p>\n","protected":false},"featured_media":7363,"comment_status":"open","ping_status":"closed","template":"","meta":[],"product_cat":[519,322,424,109,467,16],"product_tag":[30,472,470],"class_list":{"0":"post-7362","1":"product","2":"type-product","3":"status-publish","4":"has-post-thumbnail","6":"product_cat-ken-coi-thoi","7":"product_cat-christmas","8":"product_cat-non-phu-kien-xmas","9":"product_cat-new-year","10":"product_cat-non-phu-kien-new-year","11":"product_cat-phu-kien-trang-tri","12":"product_tag-new-year","13":"product_tag-party-decoration","14":"product_tag-year-end-party","16":"first","17":"instock","18":"shipping-taxable","19":"purchasable","20":"product-type-simple"},"_links":{"self":[{"href":"https:\/\/chuparty.vn\/index.php?rest_route=\/wp\/v2\/product\/7362","targetHints":{"allow":["GET"]}}],"collection":[{"href":"https:\/\/chuparty.vn\/index.php?rest_route=\/wp\/v2\/product"}],"about":[{"href":"https:\/\/chuparty.vn\/index.php?rest_route=\/wp\/v2\/types\/product"}],"replies":[{"embeddable":true,"href":"https:\/\/chuparty.vn\/index.php?rest_route=%2Fwp%2Fv2%2Fcomments&post=7362"}],"wp:featuredmedia":[{"embeddable":true,"href":"https:\/\/chuparty.vn\/index.php?rest_route=\/wp\/v2\/media\/7363"}],"wp:attachment":[{"href":"https:\/\/chuparty.vn\/index.php?rest_route=%2Fwp%2Fv2%2Fmedia&parent=7362"}],"wp:term":[{"taxonomy":"product_cat","embeddable":true,"href":"https:\/\/chuparty.vn\/index.php?rest_route=%2Fwp%2Fv2%2Fproduct_cat&post=7362"},{"taxonomy":"product_tag","embeddable":true,"href":"https:\/\/chuparty.vn\/index.php?rest_route=%2Fwp%2Fv2%2Fproduct_tag&post=7362"}],"curies":[{"name":"wp","href":"https:\/\/api.w.org\/{rel}","templated":true}]}}