{"id":7332,"date":"2023-10-30T17:56:58","date_gmt":"2023-10-30T10:56:58","guid":{"rendered":"https:\/\/chuparty.vn\/?post_type=product&#038;p=7332"},"modified":"2023-12-26T11:53:09","modified_gmt":"2023-12-26T04:53:09","slug":"7332","status":"publish","type":"product","link":"https:\/\/chuparty.vn\/?product=7332","title":{"rendered":"N\u00d3N HAPPY NEW YEAR"},"content":{"rendered":"<p><strong>Chi ti\u1ebft s\u1ea3n ph\u1ea9m:<br \/>\n<\/strong>Qui c\u00e1ch \u0111\u00f3ng g\u00f3i: 1 c\u00e1i\/t\u00fai<strong><br \/>\n<\/strong>Ch\u1ea5t li\u1ec7u: gi\u1ea5y c\u1ee9ng<br \/>\nM\u00e0u s\u1eafc: \u0111en, \u00e1nh kim<br \/>\nK\u00edch th\u01b0\u1edbc: 13cm*29cm<\/p>\n<p><img loading=\"lazy\" decoding=\"async\" class=\"alignnone wp-image-7340\" src=\"https:\/\/chuparty.vn\/wp-content\/uploads\/2023\/10\/O1CN01Zu9mlO1R0UPCvTbPi_3882052049-0-cib2-420x420.jpg\" alt=\"\" width=\"244\" height=\"244\" srcset=\"https:\/\/chuparty.vn\/wp-content\/uploads\/2023\/10\/O1CN01Zu9mlO1R0UPCvTbPi_3882052049-0-cib2-420x420.jpg 420w, https:\/\/chuparty.vn\/wp-content\/uploads\/2023\/10\/O1CN01Zu9mlO1R0UPCvTbPi_3882052049-0-cib2-506x506.jpg 506w, https:\/\/chuparty.vn\/wp-content\/uploads\/2023\/10\/O1CN01Zu9mlO1R0UPCvTbPi_3882052049-0-cib2-768x768.jpg 768w, https:\/\/chuparty.vn\/wp-content\/uploads\/2023\/10\/O1CN01Zu9mlO1R0UPCvTbPi_3882052049-0-cib2-100x100.jpg 100w, https:\/\/chuparty.vn\/wp-content\/uploads\/2023\/10\/O1CN01Zu9mlO1R0UPCvTbPi_3882052049-0-cib2-1000x1000.jpg 1000w, https:\/\/chuparty.vn\/wp-content\/uploads\/2023\/10\/O1CN01Zu9mlO1R0UPCvTbPi_3882052049-0-cib2-400x400.jpg 400w, https:\/\/chuparty.vn\/wp-content\/uploads\/2023\/10\/O1CN01Zu9mlO1R0UPCvTbPi_3882052049-0-cib2-700x700.jpg 700w, https:\/\/chuparty.vn\/wp-content\/uploads\/2023\/10\/O1CN01Zu9mlO1R0UPCvTbPi_3882052049-0-cib2-150x150.jpg 150w, https:\/\/chuparty.vn\/wp-content\/uploads\/2023\/10\/O1CN01Zu9mlO1R0UPCvTbPi_3882052049-0-cib2.jpg 1200w\" sizes=\"auto, (max-width: 244px) 100vw, 244px\" \/><\/p>\n","protected":false},"excerpt":{"rendered":"<p>Chi ti\u1ebft s\u1ea3n ph\u1ea9m: Qui c\u00e1ch \u0111\u00f3ng g\u00f3i: 1 c\u00e1i\/t\u00fai Ch\u1ea5t li\u1ec7u: gi\u1ea5y c\u1ee9ng M\u00e0u s\u1eafc: \u0111en, \u00e1nh kim K\u00edch th\u01b0\u1edbc: 13cm*29cm<\/p>\n","protected":false},"featured_media":7336,"comment_status":"open","ping_status":"closed","template":"","meta":[],"product_cat":[109,467],"product_tag":[30,470],"class_list":{"0":"post-7332","1":"product","2":"type-product","3":"status-publish","4":"has-post-thumbnail","6":"product_cat-new-year","7":"product_cat-non-phu-kien-new-year","8":"product_tag-new-year","9":"product_tag-year-end-party","11":"first","12":"outofstock","13":"shipping-taxable","14":"purchasable","15":"product-type-simple"},"_links":{"self":[{"href":"https:\/\/chuparty.vn\/index.php?rest_route=\/wp\/v2\/product\/7332","targetHints":{"allow":["GET"]}}],"collection":[{"href":"https:\/\/chuparty.vn\/index.php?rest_route=\/wp\/v2\/product"}],"about":[{"href":"https:\/\/chuparty.vn\/index.php?rest_route=\/wp\/v2\/types\/product"}],"replies":[{"embeddable":true,"href":"https:\/\/chuparty.vn\/index.php?rest_route=%2Fwp%2Fv2%2Fcomments&post=7332"}],"wp:featuredmedia":[{"embeddable":true,"href":"https:\/\/chuparty.vn\/index.php?rest_route=\/wp\/v2\/media\/7336"}],"wp:attachment":[{"href":"https:\/\/chuparty.vn\/index.php?rest_route=%2Fwp%2Fv2%2Fmedia&parent=7332"}],"wp:term":[{"taxonomy":"product_cat","embeddable":true,"href":"https:\/\/chuparty.vn\/index.php?rest_route=%2Fwp%2Fv2%2Fproduct_cat&post=7332"},{"taxonomy":"product_tag","embeddable":true,"href":"https:\/\/chuparty.vn\/index.php?rest_route=%2Fwp%2Fv2%2Fproduct_tag&post=7332"}],"curies":[{"name":"wp","href":"https:\/\/api.w.org\/{rel}","templated":true}]}}