{"id":7325,"date":"2023-10-30T17:40:00","date_gmt":"2023-10-30T10:40:00","guid":{"rendered":"https:\/\/chuparty.vn\/?post_type=product&#038;p=7325"},"modified":"2025-11-11T15:50:28","modified_gmt":"2025-11-11T08:50:28","slug":"combo-phu-kien-new-year-8-pax","status":"publish","type":"product","link":"https:\/\/chuparty.vn\/?product=combo-phu-kien-new-year-8-pax","title":{"rendered":"COMBO PH\u1ee4 KI\u1ec6N NEW YEAR (8 PAX)"},"content":{"rendered":"<p><strong>Chi ti\u1ebft s\u1ea3n ph\u1ea9m:<br \/>\n<\/strong>Qui c\u00e1ch \u0111\u00f3ng g\u00f3i: 26 pcs\/t\u00fai<strong><br \/>\n<\/strong>Ch\u1ea5t li\u1ec7u: gi\u1ea5y, nh\u01b0a<br \/>\nM\u00e0u s\u1eafc: \u0111en, \u00e1nh kim<br \/>\nK\u00edch th\u01b0\u1edbc: *cm<\/p>\n<p><img loading=\"lazy\" decoding=\"async\" class=\"alignnone wp-image-7328\" src=\"https:\/\/chuparty.vn\/wp-content\/uploads\/2023\/10\/Screenshot-2023-10-17-223417-450x420.jpg\" alt=\"\" width=\"242\" height=\"226\" srcset=\"https:\/\/chuparty.vn\/wp-content\/uploads\/2023\/10\/Screenshot-2023-10-17-223417-450x420.jpg 450w, https:\/\/chuparty.vn\/wp-content\/uploads\/2023\/10\/Screenshot-2023-10-17-223417-542x506.jpg 542w, https:\/\/chuparty.vn\/wp-content\/uploads\/2023\/10\/Screenshot-2023-10-17-223417.jpg 756w\" sizes=\"auto, (max-width: 242px) 100vw, 242px\" \/><\/p>\n","protected":false},"excerpt":{"rendered":"<p>Chi ti\u1ebft s\u1ea3n ph\u1ea9m: Qui c\u00e1ch \u0111\u00f3ng g\u00f3i: 26 pcs\/t\u00fai Ch\u1ea5t li\u1ec7u: gi\u1ea5y, nh\u01b0a M\u00e0u s\u1eafc: \u0111en, \u00e1nh kim K\u00edch th\u01b0\u1edbc: *cm<\/p>\n","protected":false},"featured_media":7326,"comment_status":"open","ping_status":"closed","template":"","meta":[],"product_cat":[109,467],"product_tag":[30,470],"class_list":{"0":"post-7325","1":"product","2":"type-product","3":"status-publish","4":"has-post-thumbnail","6":"product_cat-new-year","7":"product_cat-non-phu-kien-new-year","8":"product_tag-new-year","9":"product_tag-year-end-party","11":"first","12":"instock","13":"shipping-taxable","14":"purchasable","15":"product-type-simple"},"_links":{"self":[{"href":"https:\/\/chuparty.vn\/index.php?rest_route=\/wp\/v2\/product\/7325","targetHints":{"allow":["GET"]}}],"collection":[{"href":"https:\/\/chuparty.vn\/index.php?rest_route=\/wp\/v2\/product"}],"about":[{"href":"https:\/\/chuparty.vn\/index.php?rest_route=\/wp\/v2\/types\/product"}],"replies":[{"embeddable":true,"href":"https:\/\/chuparty.vn\/index.php?rest_route=%2Fwp%2Fv2%2Fcomments&post=7325"}],"wp:featuredmedia":[{"embeddable":true,"href":"https:\/\/chuparty.vn\/index.php?rest_route=\/wp\/v2\/media\/7326"}],"wp:attachment":[{"href":"https:\/\/chuparty.vn\/index.php?rest_route=%2Fwp%2Fv2%2Fmedia&parent=7325"}],"wp:term":[{"taxonomy":"product_cat","embeddable":true,"href":"https:\/\/chuparty.vn\/index.php?rest_route=%2Fwp%2Fv2%2Fproduct_cat&post=7325"},{"taxonomy":"product_tag","embeddable":true,"href":"https:\/\/chuparty.vn\/index.php?rest_route=%2Fwp%2Fv2%2Fproduct_tag&post=7325"}],"curies":[{"name":"wp","href":"https:\/\/api.w.org\/{rel}","templated":true}]}}