{"id":7321,"date":"2023-10-30T17:33:35","date_gmt":"2023-10-30T10:33:35","guid":{"rendered":"https:\/\/chuparty.vn\/?post_type=product&#038;p=7321"},"modified":"2024-11-21T09:43:43","modified_gmt":"2024-11-21T02:43:43","slug":"set-4-non-giay-happy-new-year","status":"publish","type":"product","link":"https:\/\/chuparty.vn\/?product=set-4-non-giay-happy-new-year","title":{"rendered":"SET 4 N\u00d3N GI\u1ea4Y HAPPY NEW YEAR"},"content":{"rendered":"<p><strong>Chi ti\u1ebft s\u1ea3n ph\u1ea9m:<br \/>\n<\/strong>Qui c\u00e1ch \u0111\u00f3ng g\u00f3i: 4 c\u00e1i\/t\u00fai<strong><br \/>\n<\/strong>Ch\u1ea5t li\u1ec7u: gi\u1ea5y<br \/>\nM\u00e0u s\u1eafc: \u0111en, \u00e1nh kim<br \/>\nK\u00edch th\u01b0\u1edbc: 20cm*15cm<\/p>\n","protected":false},"excerpt":{"rendered":"<p>Chi ti\u1ebft s\u1ea3n ph\u1ea9m: Qui c\u00e1ch \u0111\u00f3ng g\u00f3i: 4 c\u00e1i\/t\u00fai Ch\u1ea5t li\u1ec7u: gi\u1ea5y M\u00e0u s\u1eafc: \u0111en, \u00e1nh kim K\u00edch th\u01b0\u1edbc: 20cm*15cm<\/p>\n","protected":false},"featured_media":7322,"comment_status":"open","ping_status":"closed","template":"","meta":[],"product_cat":[109,467],"product_tag":[30,470],"class_list":{"0":"post-7321","1":"product","2":"type-product","3":"status-publish","4":"has-post-thumbnail","6":"product_cat-new-year","7":"product_cat-non-phu-kien-new-year","8":"product_tag-new-year","9":"product_tag-year-end-party","11":"first","12":"instock","13":"shipping-taxable","14":"purchasable","15":"product-type-simple"},"_links":{"self":[{"href":"https:\/\/chuparty.vn\/index.php?rest_route=\/wp\/v2\/product\/7321","targetHints":{"allow":["GET"]}}],"collection":[{"href":"https:\/\/chuparty.vn\/index.php?rest_route=\/wp\/v2\/product"}],"about":[{"href":"https:\/\/chuparty.vn\/index.php?rest_route=\/wp\/v2\/types\/product"}],"replies":[{"embeddable":true,"href":"https:\/\/chuparty.vn\/index.php?rest_route=%2Fwp%2Fv2%2Fcomments&post=7321"}],"wp:featuredmedia":[{"embeddable":true,"href":"https:\/\/chuparty.vn\/index.php?rest_route=\/wp\/v2\/media\/7322"}],"wp:attachment":[{"href":"https:\/\/chuparty.vn\/index.php?rest_route=%2Fwp%2Fv2%2Fmedia&parent=7321"}],"wp:term":[{"taxonomy":"product_cat","embeddable":true,"href":"https:\/\/chuparty.vn\/index.php?rest_route=%2Fwp%2Fv2%2Fproduct_cat&post=7321"},{"taxonomy":"product_tag","embeddable":true,"href":"https:\/\/chuparty.vn\/index.php?rest_route=%2Fwp%2Fv2%2Fproduct_tag&post=7321"}],"curies":[{"name":"wp","href":"https:\/\/api.w.org\/{rel}","templated":true}]}}