{"id":7282,"date":"2023-10-22T15:18:03","date_gmt":"2023-10-22T08:18:03","guid":{"rendered":"https:\/\/chuparty.vn\/?post_type=product&#038;p=7282"},"modified":"2024-09-25T17:12:29","modified_gmt":"2024-09-25T10:12:29","slug":"long-den-halloween-3-mau","status":"publish","type":"product","link":"https:\/\/chuparty.vn\/?product=long-den-halloween-3-mau","title":{"rendered":"L\u1ed2NG \u0110\u00c8N HALLOWEEN &#8211; 3 M\u1eaaU"},"content":{"rendered":"<p><strong>Chi ti\u1ebft s\u1ea3n ph\u1ea9m:<\/strong><\/p>\n<ul>\n<li>K\u00edch th\u01b0\u1edbc: 20cm<\/li>\n<li>Ch\u1ea5t li\u1ec7u: gi\u1ea5y<\/li>\n<li>M\u00e0u s\u1eafc: cam b\u00ed ng\u00f4, t\u00edm , tr\u1eafng<\/li>\n<li>Qui c\u00e1ch \u0111\u00f3ng g\u00f3i: 1 c\u00e1i\/t\u00fai &#8211; s\u1eed d\u1ee5ng pin AA<\/li>\n<\/ul>\n","protected":false},"excerpt":{"rendered":"<p>Chi ti\u1ebft s\u1ea3n ph\u1ea9m: K\u00edch th\u01b0\u1edbc: 20cm Ch\u1ea5t li\u1ec7u: gi\u1ea5y M\u00e0u s\u1eafc: cam b\u00ed ng\u00f4, t\u00edm , tr\u1eafng Qui c\u00e1ch \u0111\u00f3ng g\u00f3i: 1 c\u00e1i\/t\u00fai &#8211; s\u1eed d\u1ee5ng pin AA<\/p>\n","protected":false},"featured_media":7286,"comment_status":"open","ping_status":"closed","template":"","meta":[],"product_cat":[509,324],"product_tag":[149],"class_list":{"0":"post-7282","1":"product","2":"type-product","3":"status-publish","4":"has-post-thumbnail","6":"product_cat-den-nen-halloween","7":"product_cat-halloween","8":"product_tag-halloween","10":"first","11":"instock","12":"shipping-taxable","13":"purchasable","14":"product-type-simple"},"_links":{"self":[{"href":"https:\/\/chuparty.vn\/index.php?rest_route=\/wp\/v2\/product\/7282","targetHints":{"allow":["GET"]}}],"collection":[{"href":"https:\/\/chuparty.vn\/index.php?rest_route=\/wp\/v2\/product"}],"about":[{"href":"https:\/\/chuparty.vn\/index.php?rest_route=\/wp\/v2\/types\/product"}],"replies":[{"embeddable":true,"href":"https:\/\/chuparty.vn\/index.php?rest_route=%2Fwp%2Fv2%2Fcomments&post=7282"}],"wp:featuredmedia":[{"embeddable":true,"href":"https:\/\/chuparty.vn\/index.php?rest_route=\/wp\/v2\/media\/7286"}],"wp:attachment":[{"href":"https:\/\/chuparty.vn\/index.php?rest_route=%2Fwp%2Fv2%2Fmedia&parent=7282"}],"wp:term":[{"taxonomy":"product_cat","embeddable":true,"href":"https:\/\/chuparty.vn\/index.php?rest_route=%2Fwp%2Fv2%2Fproduct_cat&post=7282"},{"taxonomy":"product_tag","embeddable":true,"href":"https:\/\/chuparty.vn\/index.php?rest_route=%2Fwp%2Fv2%2Fproduct_tag&post=7282"}],"curies":[{"name":"wp","href":"https:\/\/api.w.org\/{rel}","templated":true}]}}