{"id":723,"date":"2022-01-23T15:22:57","date_gmt":"2022-01-23T08:22:57","guid":{"rendered":"https:\/\/chuparty.vn\/?post_type=product&#038;p=723"},"modified":"2026-01-15T14:58:53","modified_gmt":"2026-01-15T07:58:53","slug":"combo-bong-donut-one","status":"publish","type":"product","link":"https:\/\/chuparty.vn\/?product=combo-bong-donut-one","title":{"rendered":"COMBO B\u00d3NG DONUT ONE"},"content":{"rendered":"<p><strong>Th\u00f4ng tin s\u1ea3n ph\u1ea9m:<\/strong><br \/>\nCombo g\u1ed3m: 1 b\u00f3ng donut, 2 b\u00f3ng ch\u1eef N, E<br \/>\nC\u00e1ch th\u1ee9c \u0111\u00f3ng g\u00f3i: 3 b\u00f3ng\/t\u00fai.<br \/>\n<strong>\u2013&gt;<\/strong>\u00a0B\u00f3ng \u0111\u01b0\u1ee3c giao \u1edf tr\u1ea1ng th\u00e1i ch\u01b0a b\u01a1m, b\u00f3ng c\u00f3 th\u1ec3 b\u01a1m b\u1eb1ng m\u00e1y b\u01a1m\/b\u01a1m tay ho\u1eb7c kh\u00ed helium t\u00f9y theo nhu c\u1ea7u s\u1eed d\u1ee5ng.<br \/>\n<strong>\u2013&gt;<\/strong>\u00a0N\u1ebfu b\u1ea1n c\u00f3 nhu c\u1ea7u b\u01a1m kh\u00ed helium \u0111\u1ec3 b\u00f3ng bay, vui l\u00f2ng li\u00ean h\u1ec7 v\u1edbi nh\u00e2n vi\u00ean b\u00e1n h\u00e0ng \u0111\u1ec3 \u0111\u01b0\u1ee3c t\u01b0 v\u1ea5n v\u00e0 b\u00e1o gi\u00e1.<\/p>\n","protected":false},"excerpt":{"rendered":"<p>Th\u00f4ng tin s\u1ea3n ph\u1ea9m: Combo g\u1ed3m: 1 b\u00f3ng donut, 2 b\u00f3ng ch\u1eef N, E C\u00e1ch th\u1ee9c \u0111\u00f3ng g\u00f3i: 3 b\u00f3ng\/t\u00fai. \u2013&gt;\u00a0B\u00f3ng \u0111\u01b0\u1ee3c giao \u1edf tr\u1ea1ng th\u00e1i ch\u01b0a b\u01a1m, b\u00f3ng c\u00f3 th\u1ec3 b\u01a1m b\u1eb1ng m\u00e1y b\u01a1m\/b\u01a1m tay ho\u1eb7c kh\u00ed helium t\u00f9y theo nhu c\u1ea7u s\u1eed d\u1ee5ng. \u2013&gt;\u00a0N\u1ebfu b\u1ea1n c\u00f3 nhu c\u1ea7u b\u01a1m kh\u00ed helium \u0111\u1ec3 b\u00f3ng [&hellip;]<\/p>\n","protected":false},"featured_media":725,"comment_status":"open","ping_status":"closed","template":"","meta":[],"product_cat":[535,137,68,371,87],"product_tag":[134,150,100],"class_list":{"0":"post-723","1":"product","2":"type-product","3":"status-publish","4":"has-post-thumbnail","6":"product_cat-bong-bong-1st-birthday","7":"product_cat-1st-birthday","8":"product_cat-bong-nhom","9":"product_cat-bong-chu","10":"product_cat-combo-bong-hinh","11":"product_tag-1st-birthday","12":"product_tag-bong-chu","13":"product_tag-combo-bong-hinh","14":"pa_mau-sac-gold","15":"pa_mau-sac-rose-gold","17":"first","18":"instock","19":"shipping-taxable","20":"purchasable","21":"product-type-variable","22":"has-default-attributes"},"_links":{"self":[{"href":"https:\/\/chuparty.vn\/index.php?rest_route=\/wp\/v2\/product\/723","targetHints":{"allow":["GET"]}}],"collection":[{"href":"https:\/\/chuparty.vn\/index.php?rest_route=\/wp\/v2\/product"}],"about":[{"href":"https:\/\/chuparty.vn\/index.php?rest_route=\/wp\/v2\/types\/product"}],"replies":[{"embeddable":true,"href":"https:\/\/chuparty.vn\/index.php?rest_route=%2Fwp%2Fv2%2Fcomments&post=723"}],"wp:featuredmedia":[{"embeddable":true,"href":"https:\/\/chuparty.vn\/index.php?rest_route=\/wp\/v2\/media\/725"}],"wp:attachment":[{"href":"https:\/\/chuparty.vn\/index.php?rest_route=%2Fwp%2Fv2%2Fmedia&parent=723"}],"wp:term":[{"taxonomy":"product_cat","embeddable":true,"href":"https:\/\/chuparty.vn\/index.php?rest_route=%2Fwp%2Fv2%2Fproduct_cat&post=723"},{"taxonomy":"product_tag","embeddable":true,"href":"https:\/\/chuparty.vn\/index.php?rest_route=%2Fwp%2Fv2%2Fproduct_tag&post=723"}],"curies":[{"name":"wp","href":"https:\/\/api.w.org\/{rel}","templated":true}]}}