{"id":7220,"date":"2023-10-01T16:07:36","date_gmt":"2023-10-01T09:07:36","guid":{"rendered":"https:\/\/chuparty.vn\/?post_type=product&#038;p=7220"},"modified":"2025-02-07T11:08:42","modified_gmt":"2025-02-07T04:08:42","slug":"bo-xuong-halloween-90cm","status":"publish","type":"product","link":"https:\/\/chuparty.vn\/?product=bo-xuong-halloween-90cm","title":{"rendered":"B\u1ed8 X\u01af\u01a0NG HALLOWEEN 90cm"},"content":{"rendered":"<p><strong>Chi ti\u1ebft s\u1ea3n ph\u1ea9m:<\/strong><\/p>\n<ul>\n<li>K\u00edch th\u01b0\u1edbc: 90cm<\/li>\n<li>Ch\u1ea5t li\u1ec7u:<\/li>\n<li>Qui c\u00e1ch \u0111\u00f3ng g\u00f3i: 1 b\u1ed9 \/ h\u1ed9p<\/li>\n<li>M\u00e0u s\u1eafc: m\u00e0u tr\u1eafng<br \/>\n<strong>\u2013&gt;<\/strong> L\u01afU \u00dd:<\/li>\n<\/ul>\n","protected":false},"excerpt":{"rendered":"<p>Chi ti\u1ebft s\u1ea3n ph\u1ea9m: K\u00edch th\u01b0\u1edbc: 90cm Ch\u1ea5t li\u1ec7u: Qui c\u00e1ch \u0111\u00f3ng g\u00f3i: 1 b\u1ed9 \/ h\u1ed9p M\u00e0u s\u1eafc: m\u00e0u tr\u1eafng \u2013&gt; L\u01afU \u00dd:<\/p>\n","protected":false},"featured_media":7221,"comment_status":"open","ping_status":"closed","template":"","meta":[],"product_cat":[324,460],"product_tag":[149],"class_list":{"0":"post-7220","1":"product","2":"type-product","3":"status-publish","4":"has-post-thumbnail","6":"product_cat-halloween","7":"product_cat-phu-kien-halloween","8":"product_tag-halloween","10":"first","11":"outofstock","12":"shipping-taxable","13":"product-type-simple"},"_links":{"self":[{"href":"https:\/\/chuparty.vn\/index.php?rest_route=\/wp\/v2\/product\/7220","targetHints":{"allow":["GET"]}}],"collection":[{"href":"https:\/\/chuparty.vn\/index.php?rest_route=\/wp\/v2\/product"}],"about":[{"href":"https:\/\/chuparty.vn\/index.php?rest_route=\/wp\/v2\/types\/product"}],"replies":[{"embeddable":true,"href":"https:\/\/chuparty.vn\/index.php?rest_route=%2Fwp%2Fv2%2Fcomments&post=7220"}],"wp:featuredmedia":[{"embeddable":true,"href":"https:\/\/chuparty.vn\/index.php?rest_route=\/wp\/v2\/media\/7221"}],"wp:attachment":[{"href":"https:\/\/chuparty.vn\/index.php?rest_route=%2Fwp%2Fv2%2Fmedia&parent=7220"}],"wp:term":[{"taxonomy":"product_cat","embeddable":true,"href":"https:\/\/chuparty.vn\/index.php?rest_route=%2Fwp%2Fv2%2Fproduct_cat&post=7220"},{"taxonomy":"product_tag","embeddable":true,"href":"https:\/\/chuparty.vn\/index.php?rest_route=%2Fwp%2Fv2%2Fproduct_tag&post=7220"}],"curies":[{"name":"wp","href":"https:\/\/api.w.org\/{rel}","templated":true}]}}