{"id":7213,"date":"2023-10-01T16:02:25","date_gmt":"2023-10-01T09:02:25","guid":{"rendered":"https:\/\/chuparty.vn\/?post_type=product&#038;p=7213"},"modified":"2024-09-30T15:54:49","modified_gmt":"2024-09-30T08:54:49","slug":"xac-chet-treo-halloween","status":"publish","type":"product","link":"https:\/\/chuparty.vn\/?product=xac-chet-treo-halloween","title":{"rendered":"M\u00d4 H\u00ccNH X\u00c1C CH\u1ebeT HALLOWEEN C\u00d3 C\u1ea2M \u1ee8NG"},"content":{"rendered":"<p><strong>\u0110\u1ed3 trang tr\u00ed Halloween<\/strong> <strong>c\u00f3 c\u1ea3m bi\u1ebfn\/\u1ee9ng \u0111i\u1ec7n t\u1eed<\/strong> s\u1ebd mang l\u1ea1i kh\u00f4ng kh\u00ed r\u00f9ng r\u1ee3n v\u00e0 th\u00fa v\u1ecb cho kh\u00f4ng gian ho\u1eb7c bu\u1ed5i ti\u1ec7c c\u1ee7a b\u1ea1n, mang l\u1ea1i tr\u1ea3i nghi\u1ec7m \u0111\u00e1ng nh\u1edb cho b\u1ea1n v\u00e0 kh\u00e1ch m\u1eddi trong d\u1ecbp Halloween. C\u00f3 th\u1ec3 treo nh\u1eefng m\u00f3n \u0111\u1ed3 ch\u01a1i Halloween \u1edf l\u1ed1i ra v\u00e0o ho\u1eb7c qu\u1ea7y thu ng\u00e2n, b\u1ea1n c\u00f3 th\u1ec3 t\u1ea1o ra m\u1ed9t kh\u00f4ng gian Halloween \u0111\u1ea7y th\u00fa v\u1ecb v\u00e0 h\u1ea5p d\u1eabn.<\/p>\n<p><strong>Chi ti\u1ebft s\u1ea3n ph\u1ea9m:<\/strong><\/p>\n<ul>\n<li>K\u00edch th\u01b0\u1edbc: 50cm*40cm<\/li>\n<li>Ch\u1ea5t li\u1ec7u: nh\u1ef1a c\u1ee9ng &amp; v\u1ea3i b\u1ed1<\/li>\n<li>Qui c\u00e1ch \u0111\u00f3ng g\u00f3i: 1 s\u1ea3n ph\u1ea9m \/ t\u00fai.<\/li>\n<li>M\u00e0u s\u1eafc: m\u00e0u \u0111en x\u00e1m<\/li>\n<li>M\u00f4 t\u1ea3 s\u1ea3n ph\u1ea9m: M\u00f4 h\u00ecnh X\u00e1c Ch\u1ebft treo c\u1ea3m \u1ee9ng d\u00f9ng pin c\u00f3 ph\u00e1t \u0111\u00e8n \u0111\u1ecf \u1edf h\u1ed1c m\u1eaft,ph\u00e1t ra \u00e2m thanh gh\u00ea r\u1ee3n v\u00e0 c\u1ea3m bi\u1ebfn v\u1edbi ti\u1ebfng \u0111\u1ed9ng xung quanh<br \/>\n<strong>\u2013&gt; L\u01afU \u00dd: S\u1ea2N PH\u1ea8M KH\u00d4NG PH\u00d9 H\u1ee2P V\u1edaI TR\u1eba EM D\u01af\u1edaI 13 TU\u1ed4I<\/strong><\/li>\n<\/ul>\n","protected":false},"excerpt":{"rendered":"<p>\u0110\u1ed3 trang tr\u00ed Halloween c\u00f3 c\u1ea3m bi\u1ebfn\/\u1ee9ng \u0111i\u1ec7n t\u1eed s\u1ebd mang l\u1ea1i kh\u00f4ng kh\u00ed r\u00f9ng r\u1ee3n v\u00e0 th\u00fa v\u1ecb cho kh\u00f4ng gian ho\u1eb7c bu\u1ed5i ti\u1ec7c c\u1ee7a b\u1ea1n, mang l\u1ea1i tr\u1ea3i nghi\u1ec7m \u0111\u00e1ng nh\u1edb cho b\u1ea1n v\u00e0 kh\u00e1ch m\u1eddi trong d\u1ecbp Halloween. C\u00f3 th\u1ec3 treo nh\u1eefng m\u00f3n \u0111\u1ed3 ch\u01a1i Halloween \u1edf l\u1ed1i ra v\u00e0o ho\u1eb7c qu\u1ea7y [&hellip;]<\/p>\n","protected":false},"featured_media":7215,"comment_status":"open","ping_status":"closed","template":"","meta":[],"product_cat":[324,460],"product_tag":[149],"class_list":{"0":"post-7213","1":"product","2":"type-product","3":"status-publish","4":"has-post-thumbnail","6":"product_cat-halloween","7":"product_cat-phu-kien-halloween","8":"product_tag-halloween","10":"first","11":"instock","12":"shipping-taxable","13":"purchasable","14":"product-type-simple"},"_links":{"self":[{"href":"https:\/\/chuparty.vn\/index.php?rest_route=\/wp\/v2\/product\/7213","targetHints":{"allow":["GET"]}}],"collection":[{"href":"https:\/\/chuparty.vn\/index.php?rest_route=\/wp\/v2\/product"}],"about":[{"href":"https:\/\/chuparty.vn\/index.php?rest_route=\/wp\/v2\/types\/product"}],"replies":[{"embeddable":true,"href":"https:\/\/chuparty.vn\/index.php?rest_route=%2Fwp%2Fv2%2Fcomments&post=7213"}],"wp:featuredmedia":[{"embeddable":true,"href":"https:\/\/chuparty.vn\/index.php?rest_route=\/wp\/v2\/media\/7215"}],"wp:attachment":[{"href":"https:\/\/chuparty.vn\/index.php?rest_route=%2Fwp%2Fv2%2Fmedia&parent=7213"}],"wp:term":[{"taxonomy":"product_cat","embeddable":true,"href":"https:\/\/chuparty.vn\/index.php?rest_route=%2Fwp%2Fv2%2Fproduct_cat&post=7213"},{"taxonomy":"product_tag","embeddable":true,"href":"https:\/\/chuparty.vn\/index.php?rest_route=%2Fwp%2Fv2%2Fproduct_tag&post=7213"}],"curies":[{"name":"wp","href":"https:\/\/api.w.org\/{rel}","templated":true}]}}