{"id":7194,"date":"2023-10-01T14:11:26","date_gmt":"2023-10-01T07:11:26","guid":{"rendered":"https:\/\/chuparty.vn\/?post_type=product&#038;p=7194"},"modified":"2025-10-21T15:05:24","modified_gmt":"2025-10-21T08:05:24","slug":"7194","status":"publish","type":"product","link":"https:\/\/chuparty.vn\/?product=7194","title":{"rendered":"\u0110\u00c8N (N\u1ebeN \u0110I\u1ec6N) QU\u1ea0 \u0110EN HALLOWEEN"},"content":{"rendered":"<p><strong>Th\u00f4ng tin chi ti\u1ebft s\u1ea3n ph\u1ea9m<\/strong><\/p>\n<ul>\n<li>\u00a0K\u00edch th\u01b0\u1edbc: 9cm*20cm<\/li>\n<li>\u00a0C\u00e1ch th\u1ee9c \u0111\u00f3ng g\u00f3i: 1 n\u1ebfn\/t\u00fai<\/li>\n<li>\u00a0M\u00e0u s\u1eafc: n\u1ebfn cam ho\u1eb7c n\u1ebfn t\u00edm<\/li>\n<li>S\u1eed d\u1ee5ng pin an to\u00e0n.<\/li>\n<\/ul>\n","protected":false},"excerpt":{"rendered":"<p>Th\u00f4ng tin chi ti\u1ebft s\u1ea3n ph\u1ea9m \u00a0K\u00edch th\u01b0\u1edbc: 9cm*20cm \u00a0C\u00e1ch th\u1ee9c \u0111\u00f3ng g\u00f3i: 1 n\u1ebfn\/t\u00fai \u00a0M\u00e0u s\u1eafc: n\u1ebfn cam ho\u1eb7c n\u1ebfn t\u00edm S\u1eed d\u1ee5ng pin an to\u00e0n.<\/p>\n","protected":false},"featured_media":7195,"comment_status":"open","ping_status":"closed","template":"","meta":[],"product_cat":[509,324],"product_tag":[149],"class_list":{"0":"post-7194","1":"product","2":"type-product","3":"status-publish","4":"has-post-thumbnail","6":"product_cat-den-nen-halloween","7":"product_cat-halloween","8":"product_tag-halloween","10":"first","11":"instock","12":"shipping-taxable","13":"purchasable","14":"product-type-simple"},"_links":{"self":[{"href":"https:\/\/chuparty.vn\/index.php?rest_route=\/wp\/v2\/product\/7194","targetHints":{"allow":["GET"]}}],"collection":[{"href":"https:\/\/chuparty.vn\/index.php?rest_route=\/wp\/v2\/product"}],"about":[{"href":"https:\/\/chuparty.vn\/index.php?rest_route=\/wp\/v2\/types\/product"}],"replies":[{"embeddable":true,"href":"https:\/\/chuparty.vn\/index.php?rest_route=%2Fwp%2Fv2%2Fcomments&post=7194"}],"wp:featuredmedia":[{"embeddable":true,"href":"https:\/\/chuparty.vn\/index.php?rest_route=\/wp\/v2\/media\/7195"}],"wp:attachment":[{"href":"https:\/\/chuparty.vn\/index.php?rest_route=%2Fwp%2Fv2%2Fmedia&parent=7194"}],"wp:term":[{"taxonomy":"product_cat","embeddable":true,"href":"https:\/\/chuparty.vn\/index.php?rest_route=%2Fwp%2Fv2%2Fproduct_cat&post=7194"},{"taxonomy":"product_tag","embeddable":true,"href":"https:\/\/chuparty.vn\/index.php?rest_route=%2Fwp%2Fv2%2Fproduct_tag&post=7194"}],"curies":[{"name":"wp","href":"https:\/\/api.w.org\/{rel}","templated":true}]}}