{"id":7177,"date":"2023-10-01T13:34:21","date_gmt":"2023-10-01T06:34:21","guid":{"rendered":"https:\/\/chuparty.vn\/?post_type=product&#038;p=7177"},"modified":"2025-10-21T14:32:25","modified_gmt":"2025-10-21T07:32:25","slug":"nen-bi-ngo-mini-halloween","status":"publish","type":"product","link":"https:\/\/chuparty.vn\/?product=nen-bi-ngo-mini-halloween","title":{"rendered":"N\u1ebeN \u0110I\u1ec6N B\u00cd NG\u00d4 HALLOWEEN"},"content":{"rendered":"<p><strong>Th\u00f4ng tin chi ti\u1ebft s\u1ea3n ph\u1ea9m<\/strong><\/p>\n<ul>\n<li>\u00a0K\u00edch th\u01b0\u1edbc: 4cm*4cm<\/li>\n<li>\u00a0C\u00e1ch th\u1ee9c \u0111\u00f3ng g\u00f3i: 1 n\u1ebfn\/t\u00fai<\/li>\n<li>M\u00e0u s\u1eafc: cam<\/li>\n<li>D\u00f9ng pin h\u1ea1t n\u00fat * 2 c\u00e1i<\/li>\n<\/ul>\n","protected":false},"excerpt":{"rendered":"<p>Th\u00f4ng tin chi ti\u1ebft s\u1ea3n ph\u1ea9m \u00a0K\u00edch th\u01b0\u1edbc: 4cm*4cm \u00a0C\u00e1ch th\u1ee9c \u0111\u00f3ng g\u00f3i: 1 n\u1ebfn\/t\u00fai M\u00e0u s\u1eafc: cam D\u00f9ng pin h\u1ea1t n\u00fat * 2 c\u00e1i<\/p>\n","protected":false},"featured_media":7182,"comment_status":"open","ping_status":"closed","template":"","meta":[],"product_cat":[509,324],"product_tag":[149],"class_list":{"0":"post-7177","1":"product","2":"type-product","3":"status-publish","4":"has-post-thumbnail","6":"product_cat-den-nen-halloween","7":"product_cat-halloween","8":"product_tag-halloween","10":"first","11":"instock","12":"shipping-taxable","13":"purchasable","14":"product-type-simple"},"_links":{"self":[{"href":"https:\/\/chuparty.vn\/index.php?rest_route=\/wp\/v2\/product\/7177","targetHints":{"allow":["GET"]}}],"collection":[{"href":"https:\/\/chuparty.vn\/index.php?rest_route=\/wp\/v2\/product"}],"about":[{"href":"https:\/\/chuparty.vn\/index.php?rest_route=\/wp\/v2\/types\/product"}],"replies":[{"embeddable":true,"href":"https:\/\/chuparty.vn\/index.php?rest_route=%2Fwp%2Fv2%2Fcomments&post=7177"}],"wp:featuredmedia":[{"embeddable":true,"href":"https:\/\/chuparty.vn\/index.php?rest_route=\/wp\/v2\/media\/7182"}],"wp:attachment":[{"href":"https:\/\/chuparty.vn\/index.php?rest_route=%2Fwp%2Fv2%2Fmedia&parent=7177"}],"wp:term":[{"taxonomy":"product_cat","embeddable":true,"href":"https:\/\/chuparty.vn\/index.php?rest_route=%2Fwp%2Fv2%2Fproduct_cat&post=7177"},{"taxonomy":"product_tag","embeddable":true,"href":"https:\/\/chuparty.vn\/index.php?rest_route=%2Fwp%2Fv2%2Fproduct_tag&post=7177"}],"curies":[{"name":"wp","href":"https:\/\/api.w.org\/{rel}","templated":true}]}}