{"id":7168,"date":"2023-10-01T13:40:34","date_gmt":"2023-10-01T06:40:34","guid":{"rendered":"https:\/\/chuparty.vn\/?post_type=product&#038;p=7168"},"modified":"2025-10-15T09:27:25","modified_gmt":"2025-10-15T02:27:25","slug":"nen-halloween","status":"publish","type":"product","link":"https:\/\/chuparty.vn\/?product=nen-halloween","title":{"rendered":"N\u1ebeN \u0110I\u1ec6N CAO HALLOWEEN CAM"},"content":{"rendered":"<p><strong>Th\u00f4ng tin chi ti\u1ebft s\u1ea3n ph\u1ea9m<\/strong><\/p>\n<ul>\n<li>\u00a0K\u00edch th\u01b0\u1edbc: 12cm*5,5cm<\/li>\n<li>\u00a0Ch\u1ea5t li\u1ec7u: nh\u1ef1a c\u1ee9ng<\/li>\n<li>\u00a0C\u00e1ch th\u1ee9c \u0111\u00f3ng g\u00f3i: 01 c\u00e1i\/t\u00fai<\/li>\n<\/ul>\n","protected":false},"excerpt":{"rendered":"<p>Th\u00f4ng tin chi ti\u1ebft s\u1ea3n ph\u1ea9m \u00a0K\u00edch th\u01b0\u1edbc: 12cm*5,5cm \u00a0Ch\u1ea5t li\u1ec7u: nh\u1ef1a c\u1ee9ng \u00a0C\u00e1ch th\u1ee9c \u0111\u00f3ng g\u00f3i: 01 c\u00e1i\/t\u00fai<\/p>\n","protected":false},"featured_media":7169,"comment_status":"open","ping_status":"closed","template":"","meta":[],"product_cat":[509,324],"product_tag":[149],"class_list":{"0":"post-7168","1":"product","2":"type-product","3":"status-publish","4":"has-post-thumbnail","6":"product_cat-den-nen-halloween","7":"product_cat-halloween","8":"product_tag-halloween","10":"first","11":"instock","12":"shipping-taxable","13":"purchasable","14":"product-type-simple"},"_links":{"self":[{"href":"https:\/\/chuparty.vn\/index.php?rest_route=\/wp\/v2\/product\/7168","targetHints":{"allow":["GET"]}}],"collection":[{"href":"https:\/\/chuparty.vn\/index.php?rest_route=\/wp\/v2\/product"}],"about":[{"href":"https:\/\/chuparty.vn\/index.php?rest_route=\/wp\/v2\/types\/product"}],"replies":[{"embeddable":true,"href":"https:\/\/chuparty.vn\/index.php?rest_route=%2Fwp%2Fv2%2Fcomments&post=7168"}],"wp:featuredmedia":[{"embeddable":true,"href":"https:\/\/chuparty.vn\/index.php?rest_route=\/wp\/v2\/media\/7169"}],"wp:attachment":[{"href":"https:\/\/chuparty.vn\/index.php?rest_route=%2Fwp%2Fv2%2Fmedia&parent=7168"}],"wp:term":[{"taxonomy":"product_cat","embeddable":true,"href":"https:\/\/chuparty.vn\/index.php?rest_route=%2Fwp%2Fv2%2Fproduct_cat&post=7168"},{"taxonomy":"product_tag","embeddable":true,"href":"https:\/\/chuparty.vn\/index.php?rest_route=%2Fwp%2Fv2%2Fproduct_tag&post=7168"}],"curies":[{"name":"wp","href":"https:\/\/api.w.org\/{rel}","templated":true}]}}