{"id":7162,"date":"2023-10-01T13:11:05","date_gmt":"2023-10-01T06:11:05","guid":{"rendered":"https:\/\/chuparty.vn\/?post_type=product&#038;p=7162"},"modified":"2025-10-01T14:43:56","modified_gmt":"2025-10-01T07:43:56","slug":"nen-dau-lau-halloween","status":"publish","type":"product","link":"https:\/\/chuparty.vn\/?product=nen-dau-lau-halloween","title":{"rendered":"N\u1ebeN \u0110\u1ea6U L\u00c2U HALLOWEEN"},"content":{"rendered":"<p>Th\u00f4ng tin chi ti\u1ebft s\u1ea3n ph\u1ea9m: N\u1ebfn \u0111i\u1ec7n \u0110\u1ea7u L\u00e2u cho m\u00f9a l\u1ec5 h\u1ed9i Halloween<br \/>\nK\u00edch th\u01b0\u1edbc: 7cm* 4cm<br \/>\nCh\u1ea5t li\u1ec7u: nh\u1ef1a c\u1ee9ng<br \/>\nM\u00e0u s\u1eafc: x\u00e1m<br \/>\nC\u00e1ch th\u1ee9c \u0111\u00f3ng g\u00f3i: 01 c\u00e1i\/t\u00fai<br \/>\nL\u01afU \u00dd: S\u1eed d\u1ee5ng pin n\u00fat \u00e1o KH\u00d4NG PH\u00d9 H\u1ee2P CHO TR\u1eba EM D\u01af\u1edaI 6 TU\u1ed4I<\/p>\n","protected":false},"excerpt":{"rendered":"<p>Th\u00f4ng tin chi ti\u1ebft s\u1ea3n ph\u1ea9m: N\u1ebfn \u0111i\u1ec7n \u0110\u1ea7u L\u00e2u cho m\u00f9a l\u1ec5 h\u1ed9i Halloween K\u00edch th\u01b0\u1edbc: 7cm* 4cm Ch\u1ea5t li\u1ec7u: nh\u1ef1a c\u1ee9ng M\u00e0u s\u1eafc: x\u00e1m C\u00e1ch th\u1ee9c \u0111\u00f3ng g\u00f3i: 01 c\u00e1i\/t\u00fai L\u01afU \u00dd: S\u1eed d\u1ee5ng pin n\u00fat \u00e1o KH\u00d4NG PH\u00d9 H\u1ee2P CHO TR\u1eba EM D\u01af\u1edaI 6 TU\u1ed4I<\/p>\n","protected":false},"featured_media":7167,"comment_status":"open","ping_status":"closed","template":"","meta":[],"product_cat":[509,324],"product_tag":[149],"class_list":{"0":"post-7162","1":"product","2":"type-product","3":"status-publish","4":"has-post-thumbnail","6":"product_cat-den-nen-halloween","7":"product_cat-halloween","8":"product_tag-halloween","10":"first","11":"instock","12":"shipping-taxable","13":"purchasable","14":"product-type-simple"},"_links":{"self":[{"href":"https:\/\/chuparty.vn\/index.php?rest_route=\/wp\/v2\/product\/7162","targetHints":{"allow":["GET"]}}],"collection":[{"href":"https:\/\/chuparty.vn\/index.php?rest_route=\/wp\/v2\/product"}],"about":[{"href":"https:\/\/chuparty.vn\/index.php?rest_route=\/wp\/v2\/types\/product"}],"replies":[{"embeddable":true,"href":"https:\/\/chuparty.vn\/index.php?rest_route=%2Fwp%2Fv2%2Fcomments&post=7162"}],"wp:featuredmedia":[{"embeddable":true,"href":"https:\/\/chuparty.vn\/index.php?rest_route=\/wp\/v2\/media\/7167"}],"wp:attachment":[{"href":"https:\/\/chuparty.vn\/index.php?rest_route=%2Fwp%2Fv2%2Fmedia&parent=7162"}],"wp:term":[{"taxonomy":"product_cat","embeddable":true,"href":"https:\/\/chuparty.vn\/index.php?rest_route=%2Fwp%2Fv2%2Fproduct_cat&post=7162"},{"taxonomy":"product_tag","embeddable":true,"href":"https:\/\/chuparty.vn\/index.php?rest_route=%2Fwp%2Fv2%2Fproduct_tag&post=7162"}],"curies":[{"name":"wp","href":"https:\/\/api.w.org\/{rel}","templated":true}]}}