{"id":7155,"date":"2023-10-01T13:03:27","date_gmt":"2023-10-01T06:03:27","guid":{"rendered":"https:\/\/chuparty.vn\/?post_type=product&#038;p=7155"},"modified":"2025-10-01T14:22:43","modified_gmt":"2025-10-01T07:22:43","slug":"nen-hinh-nhen-halloween","status":"publish","type":"product","link":"https:\/\/chuparty.vn\/?product=nen-hinh-nhen-halloween","title":{"rendered":"N\u1ebeN \u0110I\u1ec6N CON NH\u1ec6N HALLOWEEN"},"content":{"rendered":"<p><strong>Th\u00f4ng tin chi ti\u1ebft s\u1ea3n ph\u1ea9m:<\/strong><\/p>\n<ul>\n<li>K\u00edch th\u01b0\u1edbc: 7cm*9cm*5cm<\/li>\n<li>Ch\u1ea5t li\u1ec7u: nh\u1ef1a c\u1ee9ng<\/li>\n<li>Qui c\u00e1ch \u0111\u00f3ng g\u00f3i: 1 c\u00e1i \/ t\u00fai.<\/li>\n<li>M\u00e0u s\u1eafc: m\u00e0u \u0111en \u2013 cam<br \/>\n<strong>\u2013&gt; L\u01b0u \u00fd: KH\u00d4NG PH\u00d9 H\u1ee2P CHO TR\u1eba EM D\u01af\u1edaI 6 TU\u1ed4I<\/strong><\/li>\n<\/ul>\n<p>&nbsp;<\/p>\n","protected":false},"excerpt":{"rendered":"<p>Th\u00f4ng tin chi ti\u1ebft s\u1ea3n ph\u1ea9m: K\u00edch th\u01b0\u1edbc: 7cm*9cm*5cm Ch\u1ea5t li\u1ec7u: nh\u1ef1a c\u1ee9ng Qui c\u00e1ch \u0111\u00f3ng g\u00f3i: 1 c\u00e1i \/ t\u00fai. M\u00e0u s\u1eafc: m\u00e0u \u0111en \u2013 cam \u2013&gt; L\u01b0u \u00fd: KH\u00d4NG PH\u00d9 H\u1ee2P CHO TR\u1eba EM D\u01af\u1edaI 6 TU\u1ed4I &nbsp;<\/p>\n","protected":false},"featured_media":7156,"comment_status":"open","ping_status":"closed","template":"","meta":[],"product_cat":[509,324],"product_tag":[149],"class_list":{"0":"post-7155","1":"product","2":"type-product","3":"status-publish","4":"has-post-thumbnail","6":"product_cat-den-nen-halloween","7":"product_cat-halloween","8":"product_tag-halloween","10":"first","11":"instock","12":"shipping-taxable","13":"purchasable","14":"product-type-simple"},"_links":{"self":[{"href":"https:\/\/chuparty.vn\/index.php?rest_route=\/wp\/v2\/product\/7155","targetHints":{"allow":["GET"]}}],"collection":[{"href":"https:\/\/chuparty.vn\/index.php?rest_route=\/wp\/v2\/product"}],"about":[{"href":"https:\/\/chuparty.vn\/index.php?rest_route=\/wp\/v2\/types\/product"}],"replies":[{"embeddable":true,"href":"https:\/\/chuparty.vn\/index.php?rest_route=%2Fwp%2Fv2%2Fcomments&post=7155"}],"wp:featuredmedia":[{"embeddable":true,"href":"https:\/\/chuparty.vn\/index.php?rest_route=\/wp\/v2\/media\/7156"}],"wp:attachment":[{"href":"https:\/\/chuparty.vn\/index.php?rest_route=%2Fwp%2Fv2%2Fmedia&parent=7155"}],"wp:term":[{"taxonomy":"product_cat","embeddable":true,"href":"https:\/\/chuparty.vn\/index.php?rest_route=%2Fwp%2Fv2%2Fproduct_cat&post=7155"},{"taxonomy":"product_tag","embeddable":true,"href":"https:\/\/chuparty.vn\/index.php?rest_route=%2Fwp%2Fv2%2Fproduct_tag&post=7155"}],"curies":[{"name":"wp","href":"https:\/\/api.w.org\/{rel}","templated":true}]}}