{"id":7142,"date":"2023-10-01T10:42:47","date_gmt":"2023-10-01T03:42:47","guid":{"rendered":"https:\/\/chuparty.vn\/?post_type=product&#038;p=7142"},"modified":"2024-10-22T10:54:49","modified_gmt":"2024-10-22T03:54:49","slug":"to-nhen-halloween","status":"publish","type":"product","link":"https:\/\/chuparty.vn\/?product=to-nhen-halloween","title":{"rendered":"T\u01a0 NH\u1ec6N HALLOWEEN"},"content":{"rendered":"<p><strong>Chi ti\u1ebft s\u1ea3n ph\u1ea9m:<\/strong>T\u01a1 nh\u1ec7n b\u00f4ng c\u00f3 th\u1ec3 k\u00e9o z\u0103ng l\u00e0m trang tr\u00ed m\u1ea1ng nh\u1ec7n 1 t\u00fai b\u1ea1n c\u00f3 th\u1ec3 z\u0103ng \u0111\u01b0\u1ee3c t\u1eeb 0.5m-1m t\u00f9y \u0111\u1ed9 d\u00e0y, m\u1ecfng<\/p>\n<ul>\n<li>K\u00edch th\u01b0\u1edbc: n\/a<\/li>\n<li>Ch\u1ea5t li\u1ec7u: n\/a<\/li>\n<li>Qui c\u00e1ch \u0111\u00f3ng g\u00f3i: 20gram + 2 nh\u1ec7n \/ t\u00fai gi\u00e1 : 20,000<br \/>\n40gram + 4 nh\u1ec7n \/ t\u00fai gi\u00e1 : 30,000<\/li>\n<li>M\u00e0u s\u1eafc: m\u00e0u tr\u1eafng \/ \u0111en<br \/>\n<strong>\u2013&gt;<\/strong> L\u01b0u \u00fd: vui l\u00f2ng ch\u1ecdn m\u00e0u v\u00e0 tr\u1ecdng l\u01b0\u1ee3ng \u0111\u1ec3 nh\u00e2n vi\u00ean giao \u0111\u00fang lo\u1ea1i \u1ea1.<\/li>\n<\/ul>\n","protected":false},"excerpt":{"rendered":"<p>Chi ti\u1ebft s\u1ea3n ph\u1ea9m:T\u01a1 nh\u1ec7n b\u00f4ng c\u00f3 th\u1ec3 k\u00e9o z\u0103ng l\u00e0m trang tr\u00ed m\u1ea1ng nh\u1ec7n 1 t\u00fai b\u1ea1n c\u00f3 th\u1ec3 z\u0103ng \u0111\u01b0\u1ee3c t\u1eeb 0.5m-1m t\u00f9y \u0111\u1ed9 d\u00e0y, m\u1ecfng K\u00edch th\u01b0\u1edbc: n\/a Ch\u1ea5t li\u1ec7u: n\/a Qui c\u00e1ch \u0111\u00f3ng g\u00f3i: 20gram + 2 nh\u1ec7n \/ t\u00fai gi\u00e1 : 20,000 40gram + 4 nh\u1ec7n \/ t\u00fai gi\u00e1 : [&hellip;]<\/p>\n","protected":false},"featured_media":7143,"comment_status":"open","ping_status":"closed","template":"","meta":[],"product_cat":[324,460],"product_tag":[149],"class_list":{"0":"post-7142","1":"product","2":"type-product","3":"status-publish","4":"has-post-thumbnail","6":"product_cat-halloween","7":"product_cat-phu-kien-halloween","8":"product_tag-halloween","9":"pa_mau-sac-den","10":"pa_mau-sac-trang","12":"first","13":"instock","14":"shipping-taxable","15":"purchasable","16":"product-type-variable"},"_links":{"self":[{"href":"https:\/\/chuparty.vn\/index.php?rest_route=\/wp\/v2\/product\/7142","targetHints":{"allow":["GET"]}}],"collection":[{"href":"https:\/\/chuparty.vn\/index.php?rest_route=\/wp\/v2\/product"}],"about":[{"href":"https:\/\/chuparty.vn\/index.php?rest_route=\/wp\/v2\/types\/product"}],"replies":[{"embeddable":true,"href":"https:\/\/chuparty.vn\/index.php?rest_route=%2Fwp%2Fv2%2Fcomments&post=7142"}],"wp:featuredmedia":[{"embeddable":true,"href":"https:\/\/chuparty.vn\/index.php?rest_route=\/wp\/v2\/media\/7143"}],"wp:attachment":[{"href":"https:\/\/chuparty.vn\/index.php?rest_route=%2Fwp%2Fv2%2Fmedia&parent=7142"}],"wp:term":[{"taxonomy":"product_cat","embeddable":true,"href":"https:\/\/chuparty.vn\/index.php?rest_route=%2Fwp%2Fv2%2Fproduct_cat&post=7142"},{"taxonomy":"product_tag","embeddable":true,"href":"https:\/\/chuparty.vn\/index.php?rest_route=%2Fwp%2Fv2%2Fproduct_tag&post=7142"}],"curies":[{"name":"wp","href":"https:\/\/api.w.org\/{rel}","templated":true}]}}