{"id":7135,"date":"2023-10-01T10:38:04","date_gmt":"2023-10-01T03:38:04","guid":{"rendered":"https:\/\/chuparty.vn\/?post_type=product&#038;p=7135"},"modified":"2024-10-26T16:38:05","modified_gmt":"2024-10-26T09:38:05","slug":"luoi-den-hallloween","status":"publish","type":"product","link":"https:\/\/chuparty.vn\/?product=luoi-den-hallloween","title":{"rendered":"V\u1ea2I G\u1ea0C \u0110EN HALLLOWEEN 76*183CM"},"content":{"rendered":"<p><strong>Chi ti\u1ebft s\u1ea3n ph\u1ea9m:<\/strong><\/p>\n<ul>\n<li>K\u00edch th\u01b0\u1edbc: 76*183cm ( 30*72in )<\/li>\n<li>Ch\u1ea5t li\u1ec7u: v\u1ea3i<\/li>\n<li>M\u00e0u s\u1eafc: m\u00e0u \u0111en<\/li>\n<li>Qui c\u00e1ch \u0111\u00f3ng g\u00f3i: 1 d\u00e2y \/ t\u00fai.<\/li>\n<\/ul>\n","protected":false},"excerpt":{"rendered":"<p>Chi ti\u1ebft s\u1ea3n ph\u1ea9m: K\u00edch th\u01b0\u1edbc: 76*183cm ( 30*72in ) Ch\u1ea5t li\u1ec7u: v\u1ea3i M\u00e0u s\u1eafc: m\u00e0u \u0111en Qui c\u00e1ch \u0111\u00f3ng g\u00f3i: 1 d\u00e2y \/ t\u00fai.<\/p>\n","protected":false},"featured_media":7136,"comment_status":"open","ping_status":"closed","template":"","meta":[],"product_cat":[324,460],"product_tag":[149],"class_list":{"0":"post-7135","1":"product","2":"type-product","3":"status-publish","4":"has-post-thumbnail","6":"product_cat-halloween","7":"product_cat-phu-kien-halloween","8":"product_tag-halloween","10":"first","11":"outofstock","12":"shipping-taxable","13":"purchasable","14":"product-type-simple"},"_links":{"self":[{"href":"https:\/\/chuparty.vn\/index.php?rest_route=\/wp\/v2\/product\/7135","targetHints":{"allow":["GET"]}}],"collection":[{"href":"https:\/\/chuparty.vn\/index.php?rest_route=\/wp\/v2\/product"}],"about":[{"href":"https:\/\/chuparty.vn\/index.php?rest_route=\/wp\/v2\/types\/product"}],"replies":[{"embeddable":true,"href":"https:\/\/chuparty.vn\/index.php?rest_route=%2Fwp%2Fv2%2Fcomments&post=7135"}],"wp:featuredmedia":[{"embeddable":true,"href":"https:\/\/chuparty.vn\/index.php?rest_route=\/wp\/v2\/media\/7136"}],"wp:attachment":[{"href":"https:\/\/chuparty.vn\/index.php?rest_route=%2Fwp%2Fv2%2Fmedia&parent=7135"}],"wp:term":[{"taxonomy":"product_cat","embeddable":true,"href":"https:\/\/chuparty.vn\/index.php?rest_route=%2Fwp%2Fv2%2Fproduct_cat&post=7135"},{"taxonomy":"product_tag","embeddable":true,"href":"https:\/\/chuparty.vn\/index.php?rest_route=%2Fwp%2Fv2%2Fproduct_tag&post=7135"}],"curies":[{"name":"wp","href":"https:\/\/api.w.org\/{rel}","templated":true}]}}