{"id":7132,"date":"2023-10-01T10:19:56","date_gmt":"2023-10-01T03:19:56","guid":{"rendered":"https:\/\/chuparty.vn\/?post_type=product&#038;p=7132"},"modified":"2024-10-01T13:09:44","modified_gmt":"2024-10-01T06:09:44","slug":"7132","status":"publish","type":"product","link":"https:\/\/chuparty.vn\/?product=7132","title":{"rendered":"D\u00c2Y CH\u1eee GI\u1ea4Y HAPPY HALLOWEEN"},"content":{"rendered":"<p><strong>Chi ti\u1ebft s\u1ea3n ph\u1ea9m:<\/strong><\/p>\n<ul>\n<li>K\u00edch th\u01b0\u1edbc: 17x17cm &#8211; D\u00e2y d\u00e0i 3m<\/li>\n<li>Ch\u1ea5t li\u1ec7u: GI\u1ea4Y<\/li>\n<li>Qui c\u00e1ch \u0111\u00f3ng g\u00f3i: 1 d\u00e2y \/ t\u00fai.<\/li>\n<li>M\u00e0u s\u1eafc: m\u00e0u \u0111en\/tr\u1eafng\/cam<br \/>\n<strong>\u2013&gt;<\/strong> L\u01b0u \u00fd:<\/li>\n<\/ul>\n","protected":false},"excerpt":{"rendered":"<p>Chi ti\u1ebft s\u1ea3n ph\u1ea9m: K\u00edch th\u01b0\u1edbc: 17x17cm &#8211; D\u00e2y d\u00e0i 3m Ch\u1ea5t li\u1ec7u: GI\u1ea4Y Qui c\u00e1ch \u0111\u00f3ng g\u00f3i: 1 d\u00e2y \/ t\u00fai. M\u00e0u s\u1eafc: m\u00e0u \u0111en\/tr\u1eafng\/cam \u2013&gt; L\u01b0u \u00fd:<\/p>\n","protected":false},"featured_media":7272,"comment_status":"open","ping_status":"closed","template":"","meta":[],"product_cat":[324,460],"product_tag":[149],"class_list":{"0":"post-7132","1":"product","2":"type-product","3":"status-publish","4":"has-post-thumbnail","6":"product_cat-halloween","7":"product_cat-phu-kien-halloween","8":"product_tag-halloween","10":"first","11":"instock","12":"shipping-taxable","13":"purchasable","14":"product-type-simple"},"_links":{"self":[{"href":"https:\/\/chuparty.vn\/index.php?rest_route=\/wp\/v2\/product\/7132","targetHints":{"allow":["GET"]}}],"collection":[{"href":"https:\/\/chuparty.vn\/index.php?rest_route=\/wp\/v2\/product"}],"about":[{"href":"https:\/\/chuparty.vn\/index.php?rest_route=\/wp\/v2\/types\/product"}],"replies":[{"embeddable":true,"href":"https:\/\/chuparty.vn\/index.php?rest_route=%2Fwp%2Fv2%2Fcomments&post=7132"}],"wp:featuredmedia":[{"embeddable":true,"href":"https:\/\/chuparty.vn\/index.php?rest_route=\/wp\/v2\/media\/7272"}],"wp:attachment":[{"href":"https:\/\/chuparty.vn\/index.php?rest_route=%2Fwp%2Fv2%2Fmedia&parent=7132"}],"wp:term":[{"taxonomy":"product_cat","embeddable":true,"href":"https:\/\/chuparty.vn\/index.php?rest_route=%2Fwp%2Fv2%2Fproduct_cat&post=7132"},{"taxonomy":"product_tag","embeddable":true,"href":"https:\/\/chuparty.vn\/index.php?rest_route=%2Fwp%2Fv2%2Fproduct_tag&post=7132"}],"curies":[{"name":"wp","href":"https:\/\/api.w.org\/{rel}","templated":true}]}}