{"id":7115,"date":"2023-10-01T09:10:11","date_gmt":"2023-10-01T02:10:11","guid":{"rendered":"https:\/\/chuparty.vn\/?post_type=product&#038;p=7115"},"modified":"2025-10-08T15:29:03","modified_gmt":"2025-10-08T08:29:03","slug":"bo-bong-happy-halloween-den","status":"publish","type":"product","link":"https:\/\/chuparty.vn\/?product=bo-bong-happy-halloween-den","title":{"rendered":"R\u1ed4 \u0110\u1ef0NG K\u1eb8O H\u00ccNH NH\u1ec6N HALLOWEEN"},"content":{"rendered":"<p><strong>Chi ti\u1ebft s\u1ea3n ph\u1ea9m:<\/strong><\/p>\n<ul>\n<li>K\u00edch th\u01b0\u1edbc: 35cm\n<ul>\n<li>Ch\u1ea5t li\u1ec7u: nh\u1ef1a<\/li>\n<\/ul>\n<\/li>\n<li>Qui c\u00e1ch \u0111\u00f3ng g\u00f3i: 1 c\u00e1i\/t\u00fai<\/li>\n<li>M\u00e0u s\u1eafc: m\u00e0u \u0111en, cam, t\u00edm, xanh l\u00e1<\/li>\n<\/ul>\n","protected":false},"excerpt":{"rendered":"<p>Chi ti\u1ebft s\u1ea3n ph\u1ea9m: K\u00edch th\u01b0\u1edbc: 35cm Ch\u1ea5t li\u1ec7u: nh\u1ef1a Qui c\u00e1ch \u0111\u00f3ng g\u00f3i: 1 c\u00e1i\/t\u00fai M\u00e0u s\u1eafc: m\u00e0u \u0111en, cam, t\u00edm, xanh l\u00e1<\/p>\n","protected":false},"featured_media":7233,"comment_status":"open","ping_status":"closed","template":"","meta":[],"product_cat":[324,460],"product_tag":[149],"class_list":{"0":"post-7115","1":"product","2":"type-product","3":"status-publish","4":"has-post-thumbnail","6":"product_cat-halloween","7":"product_cat-phu-kien-halloween","8":"product_tag-halloween","10":"first","11":"instock","12":"sale","13":"shipping-taxable","14":"purchasable","15":"product-type-simple"},"_links":{"self":[{"href":"https:\/\/chuparty.vn\/index.php?rest_route=\/wp\/v2\/product\/7115","targetHints":{"allow":["GET"]}}],"collection":[{"href":"https:\/\/chuparty.vn\/index.php?rest_route=\/wp\/v2\/product"}],"about":[{"href":"https:\/\/chuparty.vn\/index.php?rest_route=\/wp\/v2\/types\/product"}],"replies":[{"embeddable":true,"href":"https:\/\/chuparty.vn\/index.php?rest_route=%2Fwp%2Fv2%2Fcomments&post=7115"}],"wp:featuredmedia":[{"embeddable":true,"href":"https:\/\/chuparty.vn\/index.php?rest_route=\/wp\/v2\/media\/7233"}],"wp:attachment":[{"href":"https:\/\/chuparty.vn\/index.php?rest_route=%2Fwp%2Fv2%2Fmedia&parent=7115"}],"wp:term":[{"taxonomy":"product_cat","embeddable":true,"href":"https:\/\/chuparty.vn\/index.php?rest_route=%2Fwp%2Fv2%2Fproduct_cat&post=7115"},{"taxonomy":"product_tag","embeddable":true,"href":"https:\/\/chuparty.vn\/index.php?rest_route=%2Fwp%2Fv2%2Fproduct_tag&post=7115"}],"curies":[{"name":"wp","href":"https:\/\/api.w.org\/{rel}","templated":true}]}}