{"id":6905,"date":"2023-07-22T16:49:32","date_gmt":"2023-07-22T09:49:32","guid":{"rendered":"https:\/\/chuparty.vn\/?post_type=product&#038;p=6905"},"modified":"2025-06-16T10:14:53","modified_gmt":"2025-06-16T03:14:53","slug":"mix-flower-bouquet-customize-color","status":"publish","type":"product","link":"https:\/\/chuparty.vn\/?product=mix-flower-bouquet-customize-color","title":{"rendered":"TEDDY BEAR BOUQUET &#8211; PINKY SIZE L"},"content":{"rendered":"<p><strong>Flower Bouquet<\/strong>\u00a0\u2013 B\u00f3 hoa b\u00f3ng si\u00eau hot hi\u1ec7n \u0111\u00e3 c\u00f3 m\u1eb7t t\u1ea1i Chu party r\u1ed3i nha v\u00e0 nhanh ch\u00f3ng tr\u1edf th\u00e0nh m\u1ed9t trong nh\u1eefng s\u1ea3n ph\u1ea9m best-seller t\u1ea1i\u00a0<strong>Chu Party<\/strong>.<\/p>\n<p><strong>Th\u00f4ng tin chi ti\u1ebft s\u1ea3n ph\u1ea9m:<\/strong><\/p>\n<ul>\n<li>Ch\u1ea5t li\u1ec7u: b\u00f3ng cao su<\/li>\n<li>Size: S \/ M\u00a0 \/ L<\/li>\n<li>S\u1ed1 l\u01b0\u1ee3ng:<br \/>\nS (6 c\u00e0nh) gi\u00e1 250.000<br \/>\nM (9 c\u00e0nh) gi\u00e1 320.000<br \/>\nL (12 c\u00e0nh hoa) gi\u00e1 400.000<\/li>\n<li>M\u00e0u s\u1eafc: b\u1ea1n c\u00f3 th\u1ec3 y\u00eau c\u1ea7u m\u00e0u s\u1eafc b\u00f3ng theo s\u1edf th\u00edch<\/li>\n<li>Lo\u1ea1i hoa: G\u1ea5u Teddy<\/li>\n<\/ul>\n","protected":false},"excerpt":{"rendered":"<p>Flower Bouquet\u00a0\u2013 B\u00f3 hoa b\u00f3ng si\u00eau hot hi\u1ec7n \u0111\u00e3 c\u00f3 m\u1eb7t t\u1ea1i Chu party r\u1ed3i nha v\u00e0 nhanh ch\u00f3ng tr\u1edf th\u00e0nh m\u1ed9t trong nh\u1eefng s\u1ea3n ph\u1ea9m best-seller t\u1ea1i\u00a0Chu Party. Th\u00f4ng tin chi ti\u1ebft s\u1ea3n ph\u1ea9m: Ch\u1ea5t li\u1ec7u: b\u00f3ng cao su Size: S \/ M\u00a0 \/ L S\u1ed1 l\u01b0\u1ee3ng: S (6 c\u00e0nh) gi\u00e1 250.000 M (9 [&hellip;]<\/p>\n","protected":false},"featured_media":6992,"comment_status":"open","ping_status":"closed","template":"","meta":[],"product_cat":[318,213,482,247,107,497,450],"product_tag":[456,451,181,212],"class_list":{"0":"post-6905","1":"product","2":"type-product","3":"status-publish","4":"has-post-thumbnail","6":"product_cat-baby-shower","7":"product_cat-love-wedding-anniversary","8":"product_cat-bong-bay-cho-tiec-cau-hon","9":"product_cat-womens-day","10":"product_cat-surprise-balloon","11":"product_cat-characters-balloon","12":"product_cat-flower-bouquet","13":"product_tag-flower-balloon","14":"product_tag-flower-bouquet","15":"product_tag-love","16":"product_tag-valentine","18":"first","19":"instock","20":"shipping-taxable","21":"purchasable","22":"product-type-simple"},"_links":{"self":[{"href":"https:\/\/chuparty.vn\/index.php?rest_route=\/wp\/v2\/product\/6905","targetHints":{"allow":["GET"]}}],"collection":[{"href":"https:\/\/chuparty.vn\/index.php?rest_route=\/wp\/v2\/product"}],"about":[{"href":"https:\/\/chuparty.vn\/index.php?rest_route=\/wp\/v2\/types\/product"}],"replies":[{"embeddable":true,"href":"https:\/\/chuparty.vn\/index.php?rest_route=%2Fwp%2Fv2%2Fcomments&post=6905"}],"wp:featuredmedia":[{"embeddable":true,"href":"https:\/\/chuparty.vn\/index.php?rest_route=\/wp\/v2\/media\/6992"}],"wp:attachment":[{"href":"https:\/\/chuparty.vn\/index.php?rest_route=%2Fwp%2Fv2%2Fmedia&parent=6905"}],"wp:term":[{"taxonomy":"product_cat","embeddable":true,"href":"https:\/\/chuparty.vn\/index.php?rest_route=%2Fwp%2Fv2%2Fproduct_cat&post=6905"},{"taxonomy":"product_tag","embeddable":true,"href":"https:\/\/chuparty.vn\/index.php?rest_route=%2Fwp%2Fv2%2Fproduct_tag&post=6905"}],"curies":[{"name":"wp","href":"https:\/\/api.w.org\/{rel}","templated":true}]}}