{"id":6818,"date":"2023-07-01T22:27:39","date_gmt":"2023-07-01T15:27:39","guid":{"rendered":"https:\/\/chuparty.vn\/?post_type=product&#038;p=6818"},"modified":"2024-05-17T11:00:54","modified_gmt":"2024-05-17T04:00:54","slug":"party-kit-cool-boy","status":"publish","type":"product","link":"https:\/\/chuparty.vn\/?product=party-kit-cool-boy","title":{"rendered":"PARTY KIT &#8211; COOL BOY"},"content":{"rendered":"<p><strong>Chi ti\u1ebft s\u1ea3n ph\u1ea9m:\u00a0<\/strong>B\u1ed9 trang tr\u00ed sinh nh\u1eadt COOL BOY bao g\u1ed3m:<br \/>\n* D\u00e2y c\u1edd Happy Birthday m\u00e0u \u0111en b\u1ea1c * 1<br \/>\n* D\u00e2y garland tam gi\u00e1c 4m m\u00e0u b\u1ea1c * 1<br \/>\n* B\u00f3ng h\u00ecnh r\u00e2u \u0111en * 1<br \/>\n* B\u00f3ng ng\u00f4i sao b\u1ea1c 40cm * 1<br \/>\n* N\u00f3n v\u1ea3i Happy Birthday * 1<br \/>\n* Mix 12 b\u00f3ng tr\u00f2n tone m\u00e0u \u0111en b\u1ea1c * 1<br \/>\n* Tr\u1ee5 c\u1eafm b\u00f3ng 7 nh\u00e1nh * 1<br \/>\n(b\u00f3ng giao \u1edf tr\u1ea1ng th\u00e1i ch\u01b0a b\u01a1m, c\u00f3 th\u1ec3 d\u00f9ng b\u01a1m tay ho\u1eb7c b\u01a1m m\u00e1y \u0111\u1ec3 b\u01a1m)<\/p>\n","protected":false},"excerpt":{"rendered":"<p>Chi ti\u1ebft s\u1ea3n ph\u1ea9m:\u00a0B\u1ed9 trang tr\u00ed sinh nh\u1eadt COOL BOY bao g\u1ed3m: * D\u00e2y c\u1edd Happy Birthday m\u00e0u \u0111en b\u1ea1c * 1 * D\u00e2y garland tam gi\u00e1c 4m m\u00e0u b\u1ea1c * 1 * B\u00f3ng h\u00ecnh r\u00e2u \u0111en * 1 * B\u00f3ng ng\u00f4i sao b\u1ea1c 40cm * 1 * N\u00f3n v\u1ea3i Happy Birthday * 1 * [&hellip;]<\/p>\n","protected":false},"featured_media":6831,"comment_status":"open","ping_status":"closed","template":"","meta":[],"product_cat":[492,24,436],"product_tag":[26],"class_list":{"0":"post-6818","1":"product","2":"type-product","3":"status-publish","4":"has-post-thumbnail","6":"product_cat-black-white","7":"product_cat-bo-trang-tri","8":"product_cat-set-trang-tri-nguoi-lon","9":"product_tag-party-kit","11":"first","12":"instock","13":"shipping-taxable","14":"purchasable","15":"product-type-simple"},"_links":{"self":[{"href":"https:\/\/chuparty.vn\/index.php?rest_route=\/wp\/v2\/product\/6818","targetHints":{"allow":["GET"]}}],"collection":[{"href":"https:\/\/chuparty.vn\/index.php?rest_route=\/wp\/v2\/product"}],"about":[{"href":"https:\/\/chuparty.vn\/index.php?rest_route=\/wp\/v2\/types\/product"}],"replies":[{"embeddable":true,"href":"https:\/\/chuparty.vn\/index.php?rest_route=%2Fwp%2Fv2%2Fcomments&post=6818"}],"wp:featuredmedia":[{"embeddable":true,"href":"https:\/\/chuparty.vn\/index.php?rest_route=\/wp\/v2\/media\/6831"}],"wp:attachment":[{"href":"https:\/\/chuparty.vn\/index.php?rest_route=%2Fwp%2Fv2%2Fmedia&parent=6818"}],"wp:term":[{"taxonomy":"product_cat","embeddable":true,"href":"https:\/\/chuparty.vn\/index.php?rest_route=%2Fwp%2Fv2%2Fproduct_cat&post=6818"},{"taxonomy":"product_tag","embeddable":true,"href":"https:\/\/chuparty.vn\/index.php?rest_route=%2Fwp%2Fv2%2Fproduct_tag&post=6818"}],"curies":[{"name":"wp","href":"https:\/\/api.w.org\/{rel}","templated":true}]}}