{"id":6742,"date":"2023-06-25T14:09:47","date_gmt":"2023-06-25T07:09:47","guid":{"rendered":"https:\/\/chuparty.vn\/?post_type=product&#038;p=6742"},"modified":"2025-06-16T10:16:55","modified_gmt":"2025-06-16T03:16:55","slug":"combo-bong-hoa-marry-me","status":"publish","type":"product","link":"https:\/\/chuparty.vn\/?product=combo-bong-hoa-marry-me","title":{"rendered":"COMBO B\u00d3NG HOA MARRY ME"},"content":{"rendered":"<p><strong>Flower Bouquet<\/strong>\u00a0\u2013 B\u00f3 hoa b\u00f3ng si\u00eau hot hi\u1ec7n \u0111\u00e3 c\u00f3 m\u1eb7t t\u1ea1i Chu party r\u1ed3i nha v\u00e0 nhanh ch\u00f3ng tr\u1edf th\u00e0nh m\u1ed9t trong nh\u1eefng s\u1ea3n ph\u1ea9m best-seller t\u1ea1i\u00a0<strong>Chu Party<\/strong>.<\/p>\n<p><strong>Th\u00f4ng tin chi ti\u1ebft s\u1ea3n ph\u1ea9m: <\/strong>Combo b\u00f3ng hoa Marry Me g\u1ed3m:<br \/>\n* 6 b\u00f3ng tim h\u1ed3ng (3 b\u00f3ng c\u00f3 d\u00e1n Marry Me)<br \/>\n* B\u00f3 hoa b\u00f3ng Tulip size S<\/p>\n<p>&#8212;&#8212;&#8212;&#8212;&#8212;&#8212;&#8212;&#8212;&#8212;&#8211;<\/p>\n<p><strong>Chi ti\u1ebft b\u00f3 hoa b\u00f3ng:\u00a0<\/strong><\/p>\n<ul>\n<li>Ch\u1ea5t li\u1ec7u: b\u00f3ng cao su<\/li>\n<li>Size: S \/ M\u00a0 \/ L<\/li>\n<li>S\u1ed1 l\u01b0\u1ee3ng:\u00a0 S (10 c\u00e0nh) gi\u00e1 280.000 \/ b\u00f3;<br \/>\nM (14 c\u00e0nh) gi\u00e1 350.000 \/ b\u00f3;<br \/>\nL (18 c\u00e0nh hoa) gi\u00e1 450.000 \/ b\u00f3<\/li>\n<li>M\u00e0u s\u1eafc: b\u1ea1n c\u00f3 th\u1ec3 y\u00eau c\u1ea7u m\u00e0u s\u1eafc b\u00f3ng theo s\u1edf th\u00edch<\/li>\n<li>Lo\u1ea1i hoa: Tulip<\/li>\n<\/ul>\n","protected":false},"excerpt":{"rendered":"<p>Flower Bouquet\u00a0\u2013 B\u00f3 hoa b\u00f3ng si\u00eau hot hi\u1ec7n \u0111\u00e3 c\u00f3 m\u1eb7t t\u1ea1i Chu party r\u1ed3i nha v\u00e0 nhanh ch\u00f3ng tr\u1edf th\u00e0nh m\u1ed9t trong nh\u1eefng s\u1ea3n ph\u1ea9m best-seller t\u1ea1i\u00a0Chu Party. Th\u00f4ng tin chi ti\u1ebft s\u1ea3n ph\u1ea9m: Combo b\u00f3ng hoa Marry Me g\u1ed3m: * 6 b\u00f3ng tim h\u1ed3ng (3 b\u00f3ng c\u00f3 d\u00e1n Marry Me) * B\u00f3 hoa [&hellip;]<\/p>\n","protected":false},"featured_media":6743,"comment_status":"open","ping_status":"closed","template":"","meta":[],"product_cat":[213,482,107,450],"product_tag":[454],"class_list":{"0":"post-6742","1":"product","2":"type-product","3":"status-publish","4":"has-post-thumbnail","6":"product_cat-love-wedding-anniversary","7":"product_cat-bong-bay-cho-tiec-cau-hon","8":"product_cat-surprise-balloon","9":"product_cat-flower-bouquet","10":"product_tag-tulip-flower-bouquet","12":"first","13":"instock","14":"shipping-taxable","15":"purchasable","16":"product-type-simple"},"_links":{"self":[{"href":"https:\/\/chuparty.vn\/index.php?rest_route=\/wp\/v2\/product\/6742","targetHints":{"allow":["GET"]}}],"collection":[{"href":"https:\/\/chuparty.vn\/index.php?rest_route=\/wp\/v2\/product"}],"about":[{"href":"https:\/\/chuparty.vn\/index.php?rest_route=\/wp\/v2\/types\/product"}],"replies":[{"embeddable":true,"href":"https:\/\/chuparty.vn\/index.php?rest_route=%2Fwp%2Fv2%2Fcomments&post=6742"}],"wp:featuredmedia":[{"embeddable":true,"href":"https:\/\/chuparty.vn\/index.php?rest_route=\/wp\/v2\/media\/6743"}],"wp:attachment":[{"href":"https:\/\/chuparty.vn\/index.php?rest_route=%2Fwp%2Fv2%2Fmedia&parent=6742"}],"wp:term":[{"taxonomy":"product_cat","embeddable":true,"href":"https:\/\/chuparty.vn\/index.php?rest_route=%2Fwp%2Fv2%2Fproduct_cat&post=6742"},{"taxonomy":"product_tag","embeddable":true,"href":"https:\/\/chuparty.vn\/index.php?rest_route=%2Fwp%2Fv2%2Fproduct_tag&post=6742"}],"curies":[{"name":"wp","href":"https:\/\/api.w.org\/{rel}","templated":true}]}}