{"id":6727,"date":"2023-06-14T15:41:43","date_gmt":"2023-06-14T08:41:43","guid":{"rendered":"https:\/\/chuparty.vn\/?post_type=product&#038;p=6727"},"modified":"2024-05-17T11:01:36","modified_gmt":"2024-05-17T04:01:36","slug":"party-kit-frozen-2","status":"publish","type":"product","link":"https:\/\/chuparty.vn\/?product=party-kit-frozen-2","title":{"rendered":"PARTY KIT &#8211; FROZEN"},"content":{"rendered":"<p><strong>Chi ti\u1ebft s\u1ea3n ph\u1ea9m:\u00a0<\/strong>B\u1ed9 trang tr\u00ed sinh nh\u1eadt cho b\u00e9 g\u00e1i ch\u1ee7 \u0111\u1ec1 Frozen bao g\u1ed3m:<br \/>\n* D\u00e2y Happy Birthday m\u00e0u hologram * 1<br \/>\n* B\u00f3ng h\u00ecnh Olaf * 1<br \/>\n* B\u00f3ng Elsa \/ Anna * 1 (b\u00f3ng 2 m\u1eb7t)<br \/>\n* B\u00f3ng b\u00f4ng tuy\u1ebft * 1<br \/>\n* B\u0103ng \u0111\u00f4 Happy Birthday * 1<br \/>\n* Mix 12 b\u00f3ng tr\u00f2n ch\u1ee7 \u0111\u1ec1 Frozen * 1<br \/>\n* Tr\u1ee5 c\u1eafm b\u00f3ng 7 nh\u00e1nh * 1<br \/>\n(b\u00f3ng giao \u1edf tr\u1ea1ng th\u00e1i ch\u01b0a b\u01a1m, c\u00f3 th\u1ec3 d\u00f9ng b\u01a1m tay ho\u1eb7c b\u01a1m m\u00e1y \u0111\u1ec3 b\u01a1m)<\/p>\n","protected":false},"excerpt":{"rendered":"<p>Chi ti\u1ebft s\u1ea3n ph\u1ea9m:\u00a0B\u1ed9 trang tr\u00ed sinh nh\u1eadt cho b\u00e9 g\u00e1i ch\u1ee7 \u0111\u1ec1 Frozen bao g\u1ed3m: * D\u00e2y Happy Birthday m\u00e0u hologram * 1 * B\u00f3ng h\u00ecnh Olaf * 1 * B\u00f3ng Elsa \/ Anna * 1 (b\u00f3ng 2 m\u1eb7t) * B\u00f3ng b\u00f4ng tuy\u1ebft * 1 * B\u0103ng \u0111\u00f4 Happy Birthday * 1 * Mix [&hellip;]<\/p>\n","protected":false},"featured_media":6728,"comment_status":"open","ping_status":"closed","template":"","meta":[],"product_cat":[329,24],"product_tag":[502,38,26],"class_list":{"0":"post-6727","1":"product","2":"type-product","3":"status-publish","4":"has-post-thumbnail","6":"product_cat-frozen","7":"product_cat-bo-trang-tri","8":"product_tag-elsa","9":"product_tag-frozen","10":"product_tag-party-kit","12":"first","13":"instock","14":"shipping-taxable","15":"purchasable","16":"product-type-simple"},"_links":{"self":[{"href":"https:\/\/chuparty.vn\/index.php?rest_route=\/wp\/v2\/product\/6727","targetHints":{"allow":["GET"]}}],"collection":[{"href":"https:\/\/chuparty.vn\/index.php?rest_route=\/wp\/v2\/product"}],"about":[{"href":"https:\/\/chuparty.vn\/index.php?rest_route=\/wp\/v2\/types\/product"}],"replies":[{"embeddable":true,"href":"https:\/\/chuparty.vn\/index.php?rest_route=%2Fwp%2Fv2%2Fcomments&post=6727"}],"wp:featuredmedia":[{"embeddable":true,"href":"https:\/\/chuparty.vn\/index.php?rest_route=\/wp\/v2\/media\/6728"}],"wp:attachment":[{"href":"https:\/\/chuparty.vn\/index.php?rest_route=%2Fwp%2Fv2%2Fmedia&parent=6727"}],"wp:term":[{"taxonomy":"product_cat","embeddable":true,"href":"https:\/\/chuparty.vn\/index.php?rest_route=%2Fwp%2Fv2%2Fproduct_cat&post=6727"},{"taxonomy":"product_tag","embeddable":true,"href":"https:\/\/chuparty.vn\/index.php?rest_route=%2Fwp%2Fv2%2Fproduct_tag&post=6727"}],"curies":[{"name":"wp","href":"https:\/\/api.w.org\/{rel}","templated":true}]}}