{"id":669,"date":"2022-01-20T18:59:35","date_gmt":"2022-01-20T11:59:35","guid":{"rendered":"https:\/\/chuparty.vn\/?post_type=product&#038;p=669"},"modified":"2025-04-04T17:01:43","modified_gmt":"2025-04-04T10:01:43","slug":"co-vai-happy-birthday-50cm65cm","status":"publish","type":"product","link":"https:\/\/chuparty.vn\/?product=co-vai-happy-birthday-50cm65cm","title":{"rendered":"C\u1edc V\u1ea2I HAPPY BIRTHDAY 50cm*65cm"},"content":{"rendered":"<p><strong>Chi ti\u1ebft s\u1ea3n ph\u1ea9m<\/strong><\/p>\n<ul>\n<li>K\u00edch th\u01b0\u1edbc: 50cm*65cm<\/li>\n<li>Ch\u1ea5t li\u1ec7u: v\u1ea3i canvas<\/li>\n<li>M\u00e0u s\u1eafc: n\u1ec1n tr\u1eafng kem<\/li>\n<li>C\u00e1ch th\u1ee9c \u0111\u00f3ng g\u00f3i : 1 c\u00e1i\/t\u00fai<\/li>\n<\/ul>\n","protected":false},"excerpt":{"rendered":"<p>Chi ti\u1ebft s\u1ea3n ph\u1ea9m K\u00edch th\u01b0\u1edbc: 50cm*65cm Ch\u1ea5t li\u1ec7u: v\u1ea3i canvas M\u00e0u s\u1eafc: n\u1ec1n tr\u1eafng kem C\u00e1ch th\u1ee9c \u0111\u00f3ng g\u00f3i : 1 c\u00e1i\/t\u00fai<\/p>\n","protected":false},"featured_media":163,"comment_status":"open","ping_status":"closed","template":"","meta":[],"product_cat":[491,101,102,147,391],"product_tag":[146,92,22],"class_list":{"0":"post-669","1":"product","2":"type-product","3":"status-publish","4":"has-post-thumbnail","6":"product_cat-macaron","7":"product_cat-rainbow","8":"product_cat-smile-face","9":"product_cat-backdrop","10":"product_cat-co-vai","11":"product_tag-backdrop","12":"product_tag-macaron","13":"product_tag-smile","15":"first","16":"instock","17":"shipping-taxable","18":"purchasable","19":"product-type-simple"},"_links":{"self":[{"href":"https:\/\/chuparty.vn\/index.php?rest_route=\/wp\/v2\/product\/669","targetHints":{"allow":["GET"]}}],"collection":[{"href":"https:\/\/chuparty.vn\/index.php?rest_route=\/wp\/v2\/product"}],"about":[{"href":"https:\/\/chuparty.vn\/index.php?rest_route=\/wp\/v2\/types\/product"}],"replies":[{"embeddable":true,"href":"https:\/\/chuparty.vn\/index.php?rest_route=%2Fwp%2Fv2%2Fcomments&post=669"}],"wp:featuredmedia":[{"embeddable":true,"href":"https:\/\/chuparty.vn\/index.php?rest_route=\/wp\/v2\/media\/163"}],"wp:attachment":[{"href":"https:\/\/chuparty.vn\/index.php?rest_route=%2Fwp%2Fv2%2Fmedia&parent=669"}],"wp:term":[{"taxonomy":"product_cat","embeddable":true,"href":"https:\/\/chuparty.vn\/index.php?rest_route=%2Fwp%2Fv2%2Fproduct_cat&post=669"},{"taxonomy":"product_tag","embeddable":true,"href":"https:\/\/chuparty.vn\/index.php?rest_route=%2Fwp%2Fv2%2Fproduct_tag&post=669"}],"curies":[{"name":"wp","href":"https:\/\/api.w.org\/{rel}","templated":true}]}}