{"id":6686,"date":"2023-05-29T17:00:03","date_gmt":"2023-05-29T10:00:03","guid":{"rendered":"https:\/\/chuparty.vn\/?post_type=product&#038;p=6686"},"modified":"2024-01-12T13:07:46","modified_gmt":"2024-01-12T06:07:46","slug":"tulip-flower-bouquet-s","status":"publish","type":"product","link":"https:\/\/chuparty.vn\/?product=tulip-flower-bouquet-s","title":{"rendered":"B\u00d3 HOA B\u00d3NG TULIP &#8211; H\u1ed2NG"},"content":{"rendered":"<p><strong>Flower Bouquet<\/strong>\u00a0\u2013 B\u00f3 hoa b\u00f3ng si\u00eau hot hi\u1ec7n \u0111\u00e3 c\u00f3 m\u1eb7t t\u1ea1i Chu party r\u1ed3i nha v\u00e0 nhanh ch\u00f3ng tr\u1edf th\u00e0nh m\u1ed9t trong nh\u1eefng s\u1ea3n ph\u1ea9m best-seller t\u1ea1i\u00a0<strong>Chu Party<\/strong>.<\/p>\n<p><strong>Th\u00f4ng tin chi ti\u1ebft s\u1ea3n ph\u1ea9m:<\/strong><\/p>\n<ul>\n<li>Ch\u1ea5t li\u1ec7u: b\u00f3ng cao su<\/li>\n<li>Size: S \/ M\u00a0 \/ L<\/li>\n<li>S\u1ed1 l\u01b0\u1ee3ng:<br \/>\nS (10 c\u00e0nh) gi\u00e1 250.000<br \/>\nM (14 c\u00e0nh) gi\u00e1 320.000<br \/>\nL (18 c\u00e0nh hoa) gi\u00e1 400.000<\/li>\n<li>M\u00e0u s\u1eafc: H\u1ed2NG BABY HO\u1eb6C b\u1ea1n c\u00f3 th\u1ec3 y\u00eau c\u1ea7u m\u00e0u s\u1eafc b\u00f3ng theo s\u1edf th\u00edch<\/li>\n<li>Lo\u1ea1i hoa: Tulip<\/li>\n<\/ul>\n","protected":false},"excerpt":{"rendered":"<p>Flower Bouquet\u00a0\u2013 B\u00f3 hoa b\u00f3ng si\u00eau hot hi\u1ec7n \u0111\u00e3 c\u00f3 m\u1eb7t t\u1ea1i Chu party r\u1ed3i nha v\u00e0 nhanh ch\u00f3ng tr\u1edf th\u00e0nh m\u1ed9t trong nh\u1eefng s\u1ea3n ph\u1ea9m best-seller t\u1ea1i\u00a0Chu Party. Th\u00f4ng tin chi ti\u1ebft s\u1ea3n ph\u1ea9m: Ch\u1ea5t li\u1ec7u: b\u00f3ng cao su Size: S \/ M\u00a0 \/ L S\u1ed1 l\u01b0\u1ee3ng: S (10 c\u00e0nh) gi\u00e1 250.000 M (14 [&hellip;]<\/p>\n","protected":false},"featured_media":6780,"comment_status":"open","ping_status":"closed","template":"","meta":[],"product_cat":[213,247,107,450],"product_tag":[451,454,212],"class_list":{"0":"post-6686","1":"product","2":"type-product","3":"status-publish","4":"has-post-thumbnail","6":"product_cat-love-wedding-anniversary","7":"product_cat-womens-day","8":"product_cat-surprise-balloon","9":"product_cat-flower-bouquet","10":"product_tag-flower-bouquet","11":"product_tag-tulip-flower-bouquet","12":"product_tag-valentine","14":"first","15":"instock","16":"shipping-taxable","17":"purchasable","18":"product-type-variable","19":"has-default-attributes"},"_links":{"self":[{"href":"https:\/\/chuparty.vn\/index.php?rest_route=\/wp\/v2\/product\/6686","targetHints":{"allow":["GET"]}}],"collection":[{"href":"https:\/\/chuparty.vn\/index.php?rest_route=\/wp\/v2\/product"}],"about":[{"href":"https:\/\/chuparty.vn\/index.php?rest_route=\/wp\/v2\/types\/product"}],"replies":[{"embeddable":true,"href":"https:\/\/chuparty.vn\/index.php?rest_route=%2Fwp%2Fv2%2Fcomments&post=6686"}],"wp:featuredmedia":[{"embeddable":true,"href":"https:\/\/chuparty.vn\/index.php?rest_route=\/wp\/v2\/media\/6780"}],"wp:attachment":[{"href":"https:\/\/chuparty.vn\/index.php?rest_route=%2Fwp%2Fv2%2Fmedia&parent=6686"}],"wp:term":[{"taxonomy":"product_cat","embeddable":true,"href":"https:\/\/chuparty.vn\/index.php?rest_route=%2Fwp%2Fv2%2Fproduct_cat&post=6686"},{"taxonomy":"product_tag","embeddable":true,"href":"https:\/\/chuparty.vn\/index.php?rest_route=%2Fwp%2Fv2%2Fproduct_tag&post=6686"}],"curies":[{"name":"wp","href":"https:\/\/api.w.org\/{rel}","templated":true}]}}