{"id":6635,"date":"2023-05-22T16:09:31","date_gmt":"2023-05-22T09:09:31","guid":{"rendered":"https:\/\/chuparty.vn\/?post_type=product&#038;p=6635"},"modified":"2025-02-11T17:43:38","modified_gmt":"2025-02-11T10:43:38","slug":"bong-4d-buom","status":"publish","type":"product","link":"https:\/\/chuparty.vn\/?product=bong-4d-buom","title":{"rendered":"B\u00d3NG 4D B\u01af\u1edaM H\u1ed2NG (MAKE FUN)"},"content":{"rendered":"<p><strong>Chi ti\u1ebft s\u1ea3n ph\u1ea9m: 4d Butterfly Balloon<\/strong><\/p>\n<ul>\n<li>K\u00edch th\u01b0\u1edbc:\u00a0 125*90cm<\/li>\n<li>Ch\u1ea5t li\u1ec7u: nh\u00f4m k\u00ednh<\/li>\n<li>C\u00e1ch th\u1ee9c \u0111\u00f3ng g\u00f3i : 1 b\u00f3ng\/t\u00fai + \u1ed1ng h\u00fat.<br \/>\n<strong>\u2013&gt;<\/strong>\u00a0B\u00f3ng \u0111\u01b0\u1ee3c giao \u1edf tr\u1ea1ng th\u00e1i ch\u01b0a b\u01a1m, b\u00f3ng c\u00f3 th\u1ec3 b\u01a1m b\u1eb1ng m\u00e1y b\u01a1m\/b\u01a1m tay ho\u1eb7c kh\u00ed helium t\u00f9y theo nhu c\u1ea7u s\u1eed d\u1ee5ng.<br \/>\n<strong>\u2013&gt;<\/strong> N\u1ebfu b\u1ea1n c\u00f3 nhu c\u1ea7u b\u01a1m kh\u00ed helium \u0111\u1ec3 b\u00f3ng bay, vui l\u00f2ng li\u00ean h\u1ec7 v\u1edbi nh\u00e2n vi\u00ean b\u00e1n h\u00e0ng \u0111\u1ec3 \u0111\u01b0\u1ee3c t\u01b0 v\u1ea5n v\u00e0 b\u00e1o gi\u00e1.<\/li>\n<\/ul>\n","protected":false},"excerpt":{"rendered":"<p>Chi ti\u1ebft s\u1ea3n ph\u1ea9m: 4d Butterfly Balloon K\u00edch th\u01b0\u1edbc:\u00a0 125*90cm Ch\u1ea5t li\u1ec7u: nh\u00f4m k\u00ednh C\u00e1ch th\u1ee9c \u0111\u00f3ng g\u00f3i : 1 b\u00f3ng\/t\u00fai + \u1ed1ng h\u00fat. \u2013&gt;\u00a0B\u00f3ng \u0111\u01b0\u1ee3c giao \u1edf tr\u1ea1ng th\u00e1i ch\u01b0a b\u01a1m, b\u00f3ng c\u00f3 th\u1ec3 b\u01a1m b\u1eb1ng m\u00e1y b\u01a1m\/b\u01a1m tay ho\u1eb7c kh\u00ed helium t\u00f9y theo nhu c\u1ea7u s\u1eed d\u1ee5ng. \u2013&gt; N\u1ebfu b\u1ea1n c\u00f3 nhu c\u1ea7u [&hellip;]<\/p>\n","protected":false},"featured_media":6637,"comment_status":"open","ping_status":"closed","template":"","meta":[],"product_cat":[507,104,259,46],"product_tag":[47,106,152],"class_list":{"0":"post-6635","1":"product","2":"type-product","3":"status-publish","4":"has-post-thumbnail","6":"product_cat-dong-gia-xx","7":"product_cat-vintage","8":"product_cat-wooden-land","9":"product_cat-bong-hinh","10":"product_tag-bong-hinh","11":"product_tag-vintage","12":"product_tag-wooden-land","14":"first","15":"instock","16":"shipping-taxable","17":"purchasable","18":"product-type-simple"},"_links":{"self":[{"href":"https:\/\/chuparty.vn\/index.php?rest_route=\/wp\/v2\/product\/6635","targetHints":{"allow":["GET"]}}],"collection":[{"href":"https:\/\/chuparty.vn\/index.php?rest_route=\/wp\/v2\/product"}],"about":[{"href":"https:\/\/chuparty.vn\/index.php?rest_route=\/wp\/v2\/types\/product"}],"replies":[{"embeddable":true,"href":"https:\/\/chuparty.vn\/index.php?rest_route=%2Fwp%2Fv2%2Fcomments&post=6635"}],"wp:featuredmedia":[{"embeddable":true,"href":"https:\/\/chuparty.vn\/index.php?rest_route=\/wp\/v2\/media\/6637"}],"wp:attachment":[{"href":"https:\/\/chuparty.vn\/index.php?rest_route=%2Fwp%2Fv2%2Fmedia&parent=6635"}],"wp:term":[{"taxonomy":"product_cat","embeddable":true,"href":"https:\/\/chuparty.vn\/index.php?rest_route=%2Fwp%2Fv2%2Fproduct_cat&post=6635"},{"taxonomy":"product_tag","embeddable":true,"href":"https:\/\/chuparty.vn\/index.php?rest_route=%2Fwp%2Fv2%2Fproduct_tag&post=6635"}],"curies":[{"name":"wp","href":"https:\/\/api.w.org\/{rel}","templated":true}]}}