{"id":650,"date":"2022-01-20T00:49:00","date_gmt":"2022-01-19T17:49:00","guid":{"rendered":"https:\/\/chuparty.vn\/?post_type=product&#038;p=650"},"modified":"2025-07-08T18:34:44","modified_gmt":"2025-07-08T11:34:44","slug":"non-vai-den-mat-cuoi","status":"publish","type":"product","link":"https:\/\/chuparty.vn\/?product=non-vai-den-mat-cuoi","title":{"rendered":"N\u00d3N V\u1ea2I \u0110EN M\u1eb6T C\u01af\u1edcI"},"content":{"rendered":"<p><strong>Chi ti\u1ebft s\u1ea3n ph\u1ea9m:<br \/>\n<\/strong>Qui c\u00e1ch \u0111\u00f3ng g\u00f3i: 1 c\u00e1i\/t\u00fai<strong><br \/>\n<\/strong>Ch\u1ea5t li\u1ec7u: v\u1ea3i n\u1ec9<br \/>\nM\u00e0u s\u1eafc: \u0110en, m\u1eb7t c\u01b0\u1eddi v\u00e0ng<br \/>\nK\u00edch th\u01b0\u1edbc:<\/p>\n","protected":false},"excerpt":{"rendered":"<p>Chi ti\u1ebft s\u1ea3n ph\u1ea9m: Qui c\u00e1ch \u0111\u00f3ng g\u00f3i: 1 c\u00e1i\/t\u00fai Ch\u1ea5t li\u1ec7u: v\u1ea3i n\u1ec9 M\u00e0u s\u1eafc: \u0110en, m\u1eb7t c\u01b0\u1eddi v\u00e0ng K\u00edch th\u01b0\u1edbc:<\/p>\n","protected":false},"featured_media":651,"comment_status":"open","ping_status":"closed","template":"","meta":[],"product_cat":[492,102,145],"product_tag":[144,22],"class_list":{"0":"post-650","1":"product","2":"type-product","3":"status-publish","4":"has-post-thumbnail","6":"product_cat-black-white","7":"product_cat-smile-face","8":"product_cat-non-tiec","9":"product_tag-non","10":"product_tag-smile","12":"first","13":"instock","14":"shipping-taxable","15":"purchasable","16":"product-type-simple"},"_links":{"self":[{"href":"https:\/\/chuparty.vn\/index.php?rest_route=\/wp\/v2\/product\/650","targetHints":{"allow":["GET"]}}],"collection":[{"href":"https:\/\/chuparty.vn\/index.php?rest_route=\/wp\/v2\/product"}],"about":[{"href":"https:\/\/chuparty.vn\/index.php?rest_route=\/wp\/v2\/types\/product"}],"replies":[{"embeddable":true,"href":"https:\/\/chuparty.vn\/index.php?rest_route=%2Fwp%2Fv2%2Fcomments&post=650"}],"wp:featuredmedia":[{"embeddable":true,"href":"https:\/\/chuparty.vn\/index.php?rest_route=\/wp\/v2\/media\/651"}],"wp:attachment":[{"href":"https:\/\/chuparty.vn\/index.php?rest_route=%2Fwp%2Fv2%2Fmedia&parent=650"}],"wp:term":[{"taxonomy":"product_cat","embeddable":true,"href":"https:\/\/chuparty.vn\/index.php?rest_route=%2Fwp%2Fv2%2Fproduct_cat&post=650"},{"taxonomy":"product_tag","embeddable":true,"href":"https:\/\/chuparty.vn\/index.php?rest_route=%2Fwp%2Fv2%2Fproduct_tag&post=650"}],"curies":[{"name":"wp","href":"https:\/\/api.w.org\/{rel}","templated":true}]}}